{"id":1017,"date":"2024-12-11T14:42:42","date_gmt":"2024-12-11T14:42:42","guid":{"rendered":"https:\/\/sticlutaesentiala.ro\/?post_type=product&#038;p=1017"},"modified":"2025-01-16T12:00:20","modified_gmt":"2025-01-16T10:00:20","slug":"sapun-spumant-concentrat-pentru-maini-on-guard","status":"publish","type":"product","link":"https:\/\/sticlutaesentiala.ro\/en\/product\/gama-on-guard\/sapun-spumant-concentrat-pentru-maini-on-guard\/","title":{"rendered":"S\u0103pun spumant concentrat pentru m\u00e2ini On Guard\u2122"},"content":{"rendered":"","protected":false},"excerpt":{"rendered":"<p>Pre\u021buri cu TVA inclus.<\/p>\n<p>[product_attributes attributes=\"tip-recipient\"] [product_attributes attributes=\"continut\"]<\/p>\n<p>\u00cengrije\u0219te-\u021bi m\u00e2inile cu S\u0103punul spumant concentrat pentru m\u00e2ini On Guard\u2122 cu ac\u021biune de cur\u0103\u021bare delicat\u0103. \u00cembog\u0103\u021bit cu parfumul condimentat de citrice al Amestecului de uleiuri esen\u021biale On Guard\u2122, acest s\u0103pun concentrat a fost formulat pentru cur\u0103\u021barea temeinic\u0103 \u0219i delicat\u0103 a tuturor tipurilor de piele dup\u0103 diluare. O alternativ\u0103 mai delicat\u0103 la s\u0103punurile agresive, acest s\u0103pun concentrat pentru m\u00e2ini las\u0103 m\u00e2inile proaspete \u0219i curate, \u00eendep\u0103rt\u00e2nd murd\u0103ria \u0219i excesul de sebum datorit\u0103 agen\u021bilor tensioactivi naturali \u0219i uleiurilor esen\u021biale alese cu grij\u0103. Proiectat pentru umplere u\u0219oar\u0103, acest produs asigur\u0103 o experien\u021b\u0103 confortabil\u0103 la re\u00eenc\u0103rcarea recipientelor dozatoare de s\u0103pun de m\u00e2ini. Maximizeaz\u0103-i eficacitatea urm\u00e2nd instruc\u021biunile de diluare pentru a-\u021bi asigura cele mai bune rezultate.<\/p>\n","protected":false},"featured_media":1018,"comment_status":"closed","ping_status":"closed","template":"","meta":{"wprm-recipe-roundup-name":"","wprm-recipe-roundup-description":"","powered_cache_disable_cache":false,"powered_cache_disable_css_optimization":false},"product_brand":[],"product_cat":[25],"product_tag":[],"class_list":{"0":"post-1017","1":"product","2":"type-product","3":"status-publish","4":"has-post-thumbnail","6":"product_cat-gama-on-guard","7":"entry","9":"first","10":"instock","11":"shipping-taxable","12":"purchasable","13":"product-type-simple","14":"add-to-wishlist-before_image","15":"berocket_lgv_grid","16":"berocket_lgv_list_grid"},"yoast_head":"<!-- This site is optimized with the Yoast SEO plugin v27.4 - https:\/\/yoast.com\/product\/yoast-seo-wordpress\/ -->\n<title>S\u0103pun spumant concentrat pentru m\u00e2ini On Guard\u2122 - Sticluta Esentiala<\/title>\n<meta name=\"description\" content=\"S\u0103pun spumant concentrat pentru m\u00e2ini On Guard\u2122 - Sticluta Esentiala\" \/>\n<meta name=\"robots\" content=\"index, follow, max-snippet:-1, max-image-preview:large, max-video-preview:-1\" \/>\n<link rel=\"canonical\" href=\"https:\/\/sticlutaesentiala.ro\/en\/product\/gama-on-guard\/sapun-spumant-concentrat-pentru-maini-on-guard\/\" \/>\n<meta property=\"og:locale\" content=\"en_US\" \/>\n<meta property=\"og:type\" content=\"article\" \/>\n<meta property=\"og:title\" content=\"S\u0103pun spumant concentrat pentru m\u00e2ini On Guard\u2122 - Sticluta Esentiala\" \/>\n<meta property=\"og:description\" content=\"S\u0103pun spumant concentrat pentru m\u00e2ini On Guard\u2122 - Sticluta Esentiala\" \/>\n<meta property=\"og:url\" content=\"https:\/\/sticlutaesentiala.ro\/en\/product\/gama-on-guard\/sapun-spumant-concentrat-pentru-maini-on-guard\/\" \/>\n<meta property=\"og:site_name\" content=\"Sticluta Esentiala\" \/>\n<meta property=\"article:publisher\" content=\"https:\/\/www.facebook.com\/groups\/sticlutaesentiala\/\" \/>\n<meta property=\"article:modified_time\" content=\"2025-01-16T10:00:20+00:00\" \/>\n<meta property=\"og:image\" content=\"https:\/\/sticlutaesentiala.ro\/wp-content\/uploads\/2024\/12\/onguard-foaming-handwash-concentrate-1720x1350-1.webp\" \/>\n\t<meta property=\"og:image:width\" content=\"297\" \/>\n\t<meta property=\"og:image:height\" content=\"702\" \/>\n\t<meta property=\"og:image:type\" content=\"image\/webp\" \/>\n<meta name=\"twitter:card\" content=\"summary_large_image\" \/>\n<meta name=\"twitter:label1\" content=\"Est. reading time\" \/>\n\t<meta name=\"twitter:data1\" content=\"1 minute\" \/>\n<script type=\"application\/ld+json\" class=\"yoast-schema-graph\">{\"@context\":\"https:\\\/\\\/schema.org\",\"@graph\":[{\"@type\":\"WebPage\",\"@id\":\"https:\\\/\\\/sticlutaesentiala.ro\\\/product\\\/gama-on-guard\\\/sapun-spumant-concentrat-pentru-maini-on-guard\\\/\",\"url\":\"https:\\\/\\\/sticlutaesentiala.ro\\\/product\\\/gama-on-guard\\\/sapun-spumant-concentrat-pentru-maini-on-guard\\\/\",\"name\":\"S\u0103pun spumant concentrat pentru m\u00e2ini On Guard\u2122 - Sticluta Esentiala\",\"isPartOf\":{\"@id\":\"https:\\\/\\\/sticlutaesentiala.ro\\\/#website\"},\"primaryImageOfPage\":{\"@id\":\"https:\\\/\\\/sticlutaesentiala.ro\\\/product\\\/gama-on-guard\\\/sapun-spumant-concentrat-pentru-maini-on-guard\\\/#primaryimage\"},\"image\":{\"@id\":\"https:\\\/\\\/sticlutaesentiala.ro\\\/product\\\/gama-on-guard\\\/sapun-spumant-concentrat-pentru-maini-on-guard\\\/#primaryimage\"},\"thumbnailUrl\":\"https:\\\/\\\/sticlutaesentiala.ro\\\/wp-content\\\/uploads\\\/2024\\\/12\\\/onguard-foaming-handwash-concentrate-1720x1350-1.webp\",\"datePublished\":\"2024-12-11T14:42:42+00:00\",\"dateModified\":\"2025-01-16T10:00:20+00:00\",\"description\":\"S\u0103pun spumant concentrat pentru m\u00e2ini On Guard\u2122 - Sticluta Esentiala\",\"breadcrumb\":{\"@id\":\"https:\\\/\\\/sticlutaesentiala.ro\\\/product\\\/gama-on-guard\\\/sapun-spumant-concentrat-pentru-maini-on-guard\\\/#breadcrumb\"},\"inLanguage\":\"en-US\",\"potentialAction\":[{\"@type\":\"ReadAction\",\"target\":[\"https:\\\/\\\/sticlutaesentiala.ro\\\/product\\\/gama-on-guard\\\/sapun-spumant-concentrat-pentru-maini-on-guard\\\/\"]}]},{\"@type\":\"ImageObject\",\"inLanguage\":\"en-US\",\"@id\":\"https:\\\/\\\/sticlutaesentiala.ro\\\/product\\\/gama-on-guard\\\/sapun-spumant-concentrat-pentru-maini-on-guard\\\/#primaryimage\",\"url\":\"https:\\\/\\\/sticlutaesentiala.ro\\\/wp-content\\\/uploads\\\/2024\\\/12\\\/onguard-foaming-handwash-concentrate-1720x1350-1.webp\",\"contentUrl\":\"https:\\\/\\\/sticlutaesentiala.ro\\\/wp-content\\\/uploads\\\/2024\\\/12\\\/onguard-foaming-handwash-concentrate-1720x1350-1.webp\",\"width\":297,\"height\":702,\"caption\":\"onguard-foaming-handwash-concentrate-1720x1350\"},{\"@type\":\"BreadcrumbList\",\"@id\":\"https:\\\/\\\/sticlutaesentiala.ro\\\/product\\\/gama-on-guard\\\/sapun-spumant-concentrat-pentru-maini-on-guard\\\/#breadcrumb\",\"itemListElement\":[{\"@type\":\"ListItem\",\"position\":1,\"name\":\"Prima pagin\u0103\",\"item\":\"https:\\\/\\\/sticlutaesentiala.ro\\\/\"},{\"@type\":\"ListItem\",\"position\":2,\"name\":\"S\u0103pun spumant concentrat pentru m\u00e2ini On Guard\u2122\"}]},{\"@type\":\"WebSite\",\"@id\":\"https:\\\/\\\/sticlutaesentiala.ro\\\/#website\",\"url\":\"https:\\\/\\\/sticlutaesentiala.ro\\\/\",\"name\":\"Sticluta Esentiala\",\"description\":\"\",\"publisher\":{\"@id\":\"https:\\\/\\\/sticlutaesentiala.ro\\\/#organization\"},\"potentialAction\":[{\"@type\":\"SearchAction\",\"target\":{\"@type\":\"EntryPoint\",\"urlTemplate\":\"https:\\\/\\\/sticlutaesentiala.ro\\\/?s={search_term_string}\"},\"query-input\":{\"@type\":\"PropertyValueSpecification\",\"valueRequired\":true,\"valueName\":\"search_term_string\"}}],\"inLanguage\":\"en-US\"},{\"@type\":\"Organization\",\"@id\":\"https:\\\/\\\/sticlutaesentiala.ro\\\/#organization\",\"name\":\"Sticluta Esentiala\",\"url\":\"https:\\\/\\\/sticlutaesentiala.ro\\\/\",\"logo\":{\"@type\":\"ImageObject\",\"inLanguage\":\"en-US\",\"@id\":\"https:\\\/\\\/sticlutaesentiala.ro\\\/#\\\/schema\\\/logo\\\/image\\\/\",\"url\":\"https:\\\/\\\/sticlutaesentiala.ro\\\/wp-content\\\/uploads\\\/2024\\\/05\\\/logoHeader_02.png\",\"contentUrl\":\"https:\\\/\\\/sticlutaesentiala.ro\\\/wp-content\\\/uploads\\\/2024\\\/05\\\/logoHeader_02.png\",\"width\":214,\"height\":116,\"caption\":\"Sticluta Esentiala\"},\"image\":{\"@id\":\"https:\\\/\\\/sticlutaesentiala.ro\\\/#\\\/schema\\\/logo\\\/image\\\/\"},\"sameAs\":[\"https:\\\/\\\/www.facebook.com\\\/groups\\\/sticlutaesentiala\\\/\"]}]}<\/script>\n<!-- \/ Yoast SEO plugin. -->","yoast_head_json":{"title":"S\u0103pun spumant concentrat pentru m\u00e2ini On Guard\u2122 - Sticluta Esentiala","description":"S\u0103pun spumant concentrat pentru m\u00e2ini On Guard\u2122 - Sticluta Esentiala","robots":{"index":"index","follow":"follow","max-snippet":"max-snippet:-1","max-image-preview":"max-image-preview:large","max-video-preview":"max-video-preview:-1"},"canonical":"https:\/\/sticlutaesentiala.ro\/en\/product\/gama-on-guard\/sapun-spumant-concentrat-pentru-maini-on-guard\/","og_locale":"en_US","og_type":"article","og_title":"S\u0103pun spumant concentrat pentru m\u00e2ini On Guard\u2122 - Sticluta Esentiala","og_description":"S\u0103pun spumant concentrat pentru m\u00e2ini On Guard\u2122 - Sticluta Esentiala","og_url":"https:\/\/sticlutaesentiala.ro\/en\/product\/gama-on-guard\/sapun-spumant-concentrat-pentru-maini-on-guard\/","og_site_name":"Sticluta Esentiala","article_publisher":"https:\/\/www.facebook.com\/groups\/sticlutaesentiala\/","article_modified_time":"2025-01-16T10:00:20+00:00","og_image":[{"width":297,"height":702,"url":"https:\/\/sticlutaesentiala.ro\/wp-content\/uploads\/2024\/12\/onguard-foaming-handwash-concentrate-1720x1350-1.webp","type":"image\/webp"}],"twitter_card":"summary_large_image","twitter_misc":{"Est. reading time":"1 minute"},"schema":{"@context":"https:\/\/schema.org","@graph":[{"@type":"WebPage","@id":"https:\/\/sticlutaesentiala.ro\/product\/gama-on-guard\/sapun-spumant-concentrat-pentru-maini-on-guard\/","url":"https:\/\/sticlutaesentiala.ro\/product\/gama-on-guard\/sapun-spumant-concentrat-pentru-maini-on-guard\/","name":"S\u0103pun spumant concentrat pentru m\u00e2ini On Guard\u2122 - Sticluta Esentiala","isPartOf":{"@id":"https:\/\/sticlutaesentiala.ro\/#website"},"primaryImageOfPage":{"@id":"https:\/\/sticlutaesentiala.ro\/product\/gama-on-guard\/sapun-spumant-concentrat-pentru-maini-on-guard\/#primaryimage"},"image":{"@id":"https:\/\/sticlutaesentiala.ro\/product\/gama-on-guard\/sapun-spumant-concentrat-pentru-maini-on-guard\/#primaryimage"},"thumbnailUrl":"https:\/\/sticlutaesentiala.ro\/wp-content\/uploads\/2024\/12\/onguard-foaming-handwash-concentrate-1720x1350-1.webp","datePublished":"2024-12-11T14:42:42+00:00","dateModified":"2025-01-16T10:00:20+00:00","description":"S\u0103pun spumant concentrat pentru m\u00e2ini On Guard\u2122 - Sticluta Esentiala","breadcrumb":{"@id":"https:\/\/sticlutaesentiala.ro\/product\/gama-on-guard\/sapun-spumant-concentrat-pentru-maini-on-guard\/#breadcrumb"},"inLanguage":"en-US","potentialAction":[{"@type":"ReadAction","target":["https:\/\/sticlutaesentiala.ro\/product\/gama-on-guard\/sapun-spumant-concentrat-pentru-maini-on-guard\/"]}]},{"@type":"ImageObject","inLanguage":"en-US","@id":"https:\/\/sticlutaesentiala.ro\/product\/gama-on-guard\/sapun-spumant-concentrat-pentru-maini-on-guard\/#primaryimage","url":"https:\/\/sticlutaesentiala.ro\/wp-content\/uploads\/2024\/12\/onguard-foaming-handwash-concentrate-1720x1350-1.webp","contentUrl":"https:\/\/sticlutaesentiala.ro\/wp-content\/uploads\/2024\/12\/onguard-foaming-handwash-concentrate-1720x1350-1.webp","width":297,"height":702,"caption":"onguard-foaming-handwash-concentrate-1720x1350"},{"@type":"BreadcrumbList","@id":"https:\/\/sticlutaesentiala.ro\/product\/gama-on-guard\/sapun-spumant-concentrat-pentru-maini-on-guard\/#breadcrumb","itemListElement":[{"@type":"ListItem","position":1,"name":"Prima pagin\u0103","item":"https:\/\/sticlutaesentiala.ro\/"},{"@type":"ListItem","position":2,"name":"S\u0103pun spumant concentrat pentru m\u00e2ini On Guard\u2122"}]},{"@type":"WebSite","@id":"https:\/\/sticlutaesentiala.ro\/#website","url":"https:\/\/sticlutaesentiala.ro\/","name":"Sticluta Esentiala","description":"","publisher":{"@id":"https:\/\/sticlutaesentiala.ro\/#organization"},"potentialAction":[{"@type":"SearchAction","target":{"@type":"EntryPoint","urlTemplate":"https:\/\/sticlutaesentiala.ro\/?s={search_term_string}"},"query-input":{"@type":"PropertyValueSpecification","valueRequired":true,"valueName":"search_term_string"}}],"inLanguage":"en-US"},{"@type":"Organization","@id":"https:\/\/sticlutaesentiala.ro\/#organization","name":"Sticluta Esentiala","url":"https:\/\/sticlutaesentiala.ro\/","logo":{"@type":"ImageObject","inLanguage":"en-US","@id":"https:\/\/sticlutaesentiala.ro\/#\/schema\/logo\/image\/","url":"https:\/\/sticlutaesentiala.ro\/wp-content\/uploads\/2024\/05\/logoHeader_02.png","contentUrl":"https:\/\/sticlutaesentiala.ro\/wp-content\/uploads\/2024\/05\/logoHeader_02.png","width":214,"height":116,"caption":"Sticluta Esentiala"},"image":{"@id":"https:\/\/sticlutaesentiala.ro\/#\/schema\/logo\/image\/"},"sameAs":["https:\/\/www.facebook.com\/groups\/sticlutaesentiala\/"]}]}},"_links":{"self":[{"href":"https:\/\/sticlutaesentiala.ro\/en\/wp-json\/wp\/v2\/product\/1017","targetHints":{"allow":["GET"]}}],"collection":[{"href":"https:\/\/sticlutaesentiala.ro\/en\/wp-json\/wp\/v2\/product"}],"about":[{"href":"https:\/\/sticlutaesentiala.ro\/en\/wp-json\/wp\/v2\/types\/product"}],"replies":[{"embeddable":true,"href":"https:\/\/sticlutaesentiala.ro\/en\/wp-json\/wp\/v2\/comments?post=1017"}],"wp:featuredmedia":[{"embeddable":true,"href":"https:\/\/sticlutaesentiala.ro\/en\/wp-json\/wp\/v2\/media\/1018"}],"wp:attachment":[{"href":"https:\/\/sticlutaesentiala.ro\/en\/wp-json\/wp\/v2\/media?parent=1017"}],"wp:term":[{"taxonomy":"product_brand","embeddable":true,"href":"https:\/\/sticlutaesentiala.ro\/en\/wp-json\/wp\/v2\/product_brand?post=1017"},{"taxonomy":"product_cat","embeddable":true,"href":"https:\/\/sticlutaesentiala.ro\/en\/wp-json\/wp\/v2\/product_cat?post=1017"},{"taxonomy":"product_tag","embeddable":true,"href":"https:\/\/sticlutaesentiala.ro\/en\/wp-json\/wp\/v2\/product_tag?post=1017"}],"curies":[{"name":"wp","href":"https:\/\/api.w.org\/{rel}","templated":true}]}}