{"id":1149,"date":"2025-01-15T12:40:08","date_gmt":"2025-01-15T10:40:08","guid":{"rendered":"https:\/\/sticlutaesentiala.ro\/?post_type=product&#038;p=1149"},"modified":"2025-01-15T12:51:45","modified_gmt":"2025-01-15T10:51:45","slug":"air-drops","status":"publish","type":"product","link":"https:\/\/sticlutaesentiala.ro\/en\/product\/gama-air\/air-drops\/","title":{"rendered":"Air\u2122 Drops"},"content":{"rendered":"","protected":false},"excerpt":{"rendered":"<p>Pre\u021buri cu TVA inclus.<\/p>\n<p>[product_attributes attributes=\"tip-recipient\"] [product_attributes attributes=\"continut\"]<\/p>\n<p>d\u014dTERRA Air este un amestec de uleiuri esen\u021biale care se bucur\u0103 de mult timp de \u00eencrederea consumatorilor. Dropsurile d\u014dTERRA Air fac aceast\u0103 combina\u021bie testat\u0103 \u0219i cu eficacitate dovedit\u0103 de uleiuri esen\u021biale CPTG Grad Testat Pur Certificat mai convenabil\u0103 ca niciodat\u0103. Bucur\u0103-te de beneficiile uleiurilor esen\u021biale l\u0103m\u00e2ie, ment\u0103, eucalipt, cimbru, roini\u021b\u0103 \u0219i cardamom oferite sub form\u0103 de tablet\u0103 cu un gust remarcabil!<\/p>\n","protected":false},"featured_media":1152,"comment_status":"closed","ping_status":"closed","template":"","meta":{"wprm-recipe-roundup-name":"","wprm-recipe-roundup-description":"","powered_cache_disable_cache":false,"powered_cache_disable_css_optimization":false},"product_brand":[],"product_cat":[27],"product_tag":[],"class_list":{"0":"post-1149","1":"product","2":"type-product","3":"status-publish","4":"has-post-thumbnail","6":"product_cat-gama-air","7":"entry","9":"first","10":"instock","11":"shipping-taxable","12":"purchasable","13":"product-type-simple","14":"add-to-wishlist-before_image","15":"berocket_lgv_grid","16":"berocket_lgv_list_grid"},"yoast_head":"<!-- This site is optimized with the Yoast SEO plugin v27.3 - https:\/\/yoast.com\/product\/yoast-seo-wordpress\/ -->\n<title>Air\u2122 Drops - Sticluta Esentiala<\/title>\n<meta name=\"description\" content=\"Air\u2122 Drops - Sticluta Esentiala\" \/>\n<meta name=\"robots\" content=\"index, follow, max-snippet:-1, max-image-preview:large, max-video-preview:-1\" \/>\n<link rel=\"canonical\" href=\"https:\/\/sticlutaesentiala.ro\/en\/product\/gama-air\/air-drops\/\" \/>\n<meta property=\"og:locale\" content=\"en_US\" \/>\n<meta property=\"og:type\" content=\"article\" \/>\n<meta property=\"og:title\" content=\"Air\u2122 Drops - Sticluta Esentiala\" \/>\n<meta property=\"og:description\" content=\"Air\u2122 Drops - Sticluta Esentiala\" \/>\n<meta property=\"og:url\" content=\"https:\/\/sticlutaesentiala.ro\/en\/product\/gama-air\/air-drops\/\" \/>\n<meta property=\"og:site_name\" content=\"Sticluta Esentiala\" \/>\n<meta property=\"article:publisher\" content=\"https:\/\/www.facebook.com\/groups\/sticlutaesentiala\/\" \/>\n<meta property=\"article:modified_time\" content=\"2025-01-15T10:51:45+00:00\" \/>\n<meta property=\"og:image\" content=\"https:\/\/sticlutaesentiala.ro\/wp-content\/uploads\/2025\/01\/airdrops-1035x1350-1.webp\" \/>\n\t<meta property=\"og:image:width\" content=\"1035\" \/>\n\t<meta property=\"og:image:height\" content=\"1350\" \/>\n\t<meta property=\"og:image:type\" content=\"image\/webp\" \/>\n<meta name=\"twitter:card\" content=\"summary_large_image\" \/>\n<meta name=\"twitter:label1\" content=\"Est. reading time\" \/>\n\t<meta name=\"twitter:data1\" content=\"1 minute\" \/>\n<script type=\"application\/ld+json\" class=\"yoast-schema-graph\">{\"@context\":\"https:\\\/\\\/schema.org\",\"@graph\":[{\"@type\":\"WebPage\",\"@id\":\"https:\\\/\\\/sticlutaesentiala.ro\\\/product\\\/gama-air\\\/air-drops\\\/\",\"url\":\"https:\\\/\\\/sticlutaesentiala.ro\\\/product\\\/gama-air\\\/air-drops\\\/\",\"name\":\"Air\u2122 Drops - Sticluta Esentiala\",\"isPartOf\":{\"@id\":\"https:\\\/\\\/sticlutaesentiala.ro\\\/#website\"},\"primaryImageOfPage\":{\"@id\":\"https:\\\/\\\/sticlutaesentiala.ro\\\/product\\\/gama-air\\\/air-drops\\\/#primaryimage\"},\"image\":{\"@id\":\"https:\\\/\\\/sticlutaesentiala.ro\\\/product\\\/gama-air\\\/air-drops\\\/#primaryimage\"},\"thumbnailUrl\":\"https:\\\/\\\/sticlutaesentiala.ro\\\/wp-content\\\/uploads\\\/2025\\\/01\\\/airdrops-1035x1350-1.webp\",\"datePublished\":\"2025-01-15T10:40:08+00:00\",\"dateModified\":\"2025-01-15T10:51:45+00:00\",\"description\":\"Air\u2122 Drops - Sticluta Esentiala\",\"breadcrumb\":{\"@id\":\"https:\\\/\\\/sticlutaesentiala.ro\\\/product\\\/gama-air\\\/air-drops\\\/#breadcrumb\"},\"inLanguage\":\"en-US\",\"potentialAction\":[{\"@type\":\"ReadAction\",\"target\":[\"https:\\\/\\\/sticlutaesentiala.ro\\\/product\\\/gama-air\\\/air-drops\\\/\"]}]},{\"@type\":\"ImageObject\",\"inLanguage\":\"en-US\",\"@id\":\"https:\\\/\\\/sticlutaesentiala.ro\\\/product\\\/gama-air\\\/air-drops\\\/#primaryimage\",\"url\":\"https:\\\/\\\/sticlutaesentiala.ro\\\/wp-content\\\/uploads\\\/2025\\\/01\\\/airdrops-1035x1350-1.webp\",\"contentUrl\":\"https:\\\/\\\/sticlutaesentiala.ro\\\/wp-content\\\/uploads\\\/2025\\\/01\\\/airdrops-1035x1350-1.webp\",\"width\":1035,\"height\":1350,\"caption\":\"airdrops-1035x1350\"},{\"@type\":\"BreadcrumbList\",\"@id\":\"https:\\\/\\\/sticlutaesentiala.ro\\\/product\\\/gama-air\\\/air-drops\\\/#breadcrumb\",\"itemListElement\":[{\"@type\":\"ListItem\",\"position\":1,\"name\":\"Prima pagin\u0103\",\"item\":\"https:\\\/\\\/sticlutaesentiala.ro\\\/\"},{\"@type\":\"ListItem\",\"position\":2,\"name\":\"Air\u2122 Drops\"}]},{\"@type\":\"WebSite\",\"@id\":\"https:\\\/\\\/sticlutaesentiala.ro\\\/#website\",\"url\":\"https:\\\/\\\/sticlutaesentiala.ro\\\/\",\"name\":\"Sticluta Esentiala\",\"description\":\"\",\"publisher\":{\"@id\":\"https:\\\/\\\/sticlutaesentiala.ro\\\/#organization\"},\"potentialAction\":[{\"@type\":\"SearchAction\",\"target\":{\"@type\":\"EntryPoint\",\"urlTemplate\":\"https:\\\/\\\/sticlutaesentiala.ro\\\/?s={search_term_string}\"},\"query-input\":{\"@type\":\"PropertyValueSpecification\",\"valueRequired\":true,\"valueName\":\"search_term_string\"}}],\"inLanguage\":\"en-US\"},{\"@type\":\"Organization\",\"@id\":\"https:\\\/\\\/sticlutaesentiala.ro\\\/#organization\",\"name\":\"Sticluta Esentiala\",\"url\":\"https:\\\/\\\/sticlutaesentiala.ro\\\/\",\"logo\":{\"@type\":\"ImageObject\",\"inLanguage\":\"en-US\",\"@id\":\"https:\\\/\\\/sticlutaesentiala.ro\\\/#\\\/schema\\\/logo\\\/image\\\/\",\"url\":\"https:\\\/\\\/sticlutaesentiala.ro\\\/wp-content\\\/uploads\\\/2024\\\/05\\\/logoHeader_02.png\",\"contentUrl\":\"https:\\\/\\\/sticlutaesentiala.ro\\\/wp-content\\\/uploads\\\/2024\\\/05\\\/logoHeader_02.png\",\"width\":214,\"height\":116,\"caption\":\"Sticluta Esentiala\"},\"image\":{\"@id\":\"https:\\\/\\\/sticlutaesentiala.ro\\\/#\\\/schema\\\/logo\\\/image\\\/\"},\"sameAs\":[\"https:\\\/\\\/www.facebook.com\\\/groups\\\/sticlutaesentiala\\\/\"]}]}<\/script>\n<!-- \/ Yoast SEO plugin. -->","yoast_head_json":{"title":"Air\u2122 Drops - Sticluta Esentiala","description":"Air\u2122 Drops - Sticluta Esentiala","robots":{"index":"index","follow":"follow","max-snippet":"max-snippet:-1","max-image-preview":"max-image-preview:large","max-video-preview":"max-video-preview:-1"},"canonical":"https:\/\/sticlutaesentiala.ro\/en\/product\/gama-air\/air-drops\/","og_locale":"en_US","og_type":"article","og_title":"Air\u2122 Drops - Sticluta Esentiala","og_description":"Air\u2122 Drops - Sticluta Esentiala","og_url":"https:\/\/sticlutaesentiala.ro\/en\/product\/gama-air\/air-drops\/","og_site_name":"Sticluta Esentiala","article_publisher":"https:\/\/www.facebook.com\/groups\/sticlutaesentiala\/","article_modified_time":"2025-01-15T10:51:45+00:00","og_image":[{"width":1035,"height":1350,"url":"https:\/\/sticlutaesentiala.ro\/wp-content\/uploads\/2025\/01\/airdrops-1035x1350-1.webp","type":"image\/webp"}],"twitter_card":"summary_large_image","twitter_misc":{"Est. reading time":"1 minute"},"schema":{"@context":"https:\/\/schema.org","@graph":[{"@type":"WebPage","@id":"https:\/\/sticlutaesentiala.ro\/product\/gama-air\/air-drops\/","url":"https:\/\/sticlutaesentiala.ro\/product\/gama-air\/air-drops\/","name":"Air\u2122 Drops - Sticluta Esentiala","isPartOf":{"@id":"https:\/\/sticlutaesentiala.ro\/#website"},"primaryImageOfPage":{"@id":"https:\/\/sticlutaesentiala.ro\/product\/gama-air\/air-drops\/#primaryimage"},"image":{"@id":"https:\/\/sticlutaesentiala.ro\/product\/gama-air\/air-drops\/#primaryimage"},"thumbnailUrl":"https:\/\/sticlutaesentiala.ro\/wp-content\/uploads\/2025\/01\/airdrops-1035x1350-1.webp","datePublished":"2025-01-15T10:40:08+00:00","dateModified":"2025-01-15T10:51:45+00:00","description":"Air\u2122 Drops - Sticluta Esentiala","breadcrumb":{"@id":"https:\/\/sticlutaesentiala.ro\/product\/gama-air\/air-drops\/#breadcrumb"},"inLanguage":"en-US","potentialAction":[{"@type":"ReadAction","target":["https:\/\/sticlutaesentiala.ro\/product\/gama-air\/air-drops\/"]}]},{"@type":"ImageObject","inLanguage":"en-US","@id":"https:\/\/sticlutaesentiala.ro\/product\/gama-air\/air-drops\/#primaryimage","url":"https:\/\/sticlutaesentiala.ro\/wp-content\/uploads\/2025\/01\/airdrops-1035x1350-1.webp","contentUrl":"https:\/\/sticlutaesentiala.ro\/wp-content\/uploads\/2025\/01\/airdrops-1035x1350-1.webp","width":1035,"height":1350,"caption":"airdrops-1035x1350"},{"@type":"BreadcrumbList","@id":"https:\/\/sticlutaesentiala.ro\/product\/gama-air\/air-drops\/#breadcrumb","itemListElement":[{"@type":"ListItem","position":1,"name":"Prima pagin\u0103","item":"https:\/\/sticlutaesentiala.ro\/"},{"@type":"ListItem","position":2,"name":"Air\u2122 Drops"}]},{"@type":"WebSite","@id":"https:\/\/sticlutaesentiala.ro\/#website","url":"https:\/\/sticlutaesentiala.ro\/","name":"Sticluta Esentiala","description":"","publisher":{"@id":"https:\/\/sticlutaesentiala.ro\/#organization"},"potentialAction":[{"@type":"SearchAction","target":{"@type":"EntryPoint","urlTemplate":"https:\/\/sticlutaesentiala.ro\/?s={search_term_string}"},"query-input":{"@type":"PropertyValueSpecification","valueRequired":true,"valueName":"search_term_string"}}],"inLanguage":"en-US"},{"@type":"Organization","@id":"https:\/\/sticlutaesentiala.ro\/#organization","name":"Sticluta Esentiala","url":"https:\/\/sticlutaesentiala.ro\/","logo":{"@type":"ImageObject","inLanguage":"en-US","@id":"https:\/\/sticlutaesentiala.ro\/#\/schema\/logo\/image\/","url":"https:\/\/sticlutaesentiala.ro\/wp-content\/uploads\/2024\/05\/logoHeader_02.png","contentUrl":"https:\/\/sticlutaesentiala.ro\/wp-content\/uploads\/2024\/05\/logoHeader_02.png","width":214,"height":116,"caption":"Sticluta Esentiala"},"image":{"@id":"https:\/\/sticlutaesentiala.ro\/#\/schema\/logo\/image\/"},"sameAs":["https:\/\/www.facebook.com\/groups\/sticlutaesentiala\/"]}]}},"_links":{"self":[{"href":"https:\/\/sticlutaesentiala.ro\/en\/wp-json\/wp\/v2\/product\/1149","targetHints":{"allow":["GET"]}}],"collection":[{"href":"https:\/\/sticlutaesentiala.ro\/en\/wp-json\/wp\/v2\/product"}],"about":[{"href":"https:\/\/sticlutaesentiala.ro\/en\/wp-json\/wp\/v2\/types\/product"}],"replies":[{"embeddable":true,"href":"https:\/\/sticlutaesentiala.ro\/en\/wp-json\/wp\/v2\/comments?post=1149"}],"wp:featuredmedia":[{"embeddable":true,"href":"https:\/\/sticlutaesentiala.ro\/en\/wp-json\/wp\/v2\/media\/1152"}],"wp:attachment":[{"href":"https:\/\/sticlutaesentiala.ro\/en\/wp-json\/wp\/v2\/media?parent=1149"}],"wp:term":[{"taxonomy":"product_brand","embeddable":true,"href":"https:\/\/sticlutaesentiala.ro\/en\/wp-json\/wp\/v2\/product_brand?post=1149"},{"taxonomy":"product_cat","embeddable":true,"href":"https:\/\/sticlutaesentiala.ro\/en\/wp-json\/wp\/v2\/product_cat?post=1149"},{"taxonomy":"product_tag","embeddable":true,"href":"https:\/\/sticlutaesentiala.ro\/en\/wp-json\/wp\/v2\/product_tag?post=1149"}],"curies":[{"name":"wp","href":"https:\/\/api.w.org\/{rel}","templated":true}]}}