{"id":1309,"date":"2025-01-21T16:03:18","date_gmt":"2025-01-21T14:03:18","guid":{"rendered":"https:\/\/sticlutaesentiala.ro\/?post_type=product&#038;p=1309"},"modified":"2025-01-21T16:07:15","modified_gmt":"2025-01-21T14:07:15","slug":"gel-pentru-imbunatatirea-luminozitatii-tenului","status":"publish","type":"product","link":"https:\/\/sticlutaesentiala.ro\/en\/product\/essential-skin-care\/gel-pentru-imbunatatirea-luminozitatii-tenului\/","title":{"rendered":"Gel pentru \u00eembun\u0103t\u0103\u0163irea luminozit\u0103\u0163ii tenului"},"content":{"rendered":"","protected":false},"excerpt":{"rendered":"<p>Pre\u021buri cu TVA inclus.<\/p>\n<p>[product_attributes attributes=\"tip-recipient\"] [product_attributes attributes=\"continut\"]<\/p>\n<p>Gelul d\u014dTERRA pentru \u00eembun\u0103t\u0103\u021birea luminozit\u0103\u021bii tenului confer\u0103 str\u0103lucire tenului \u0219i uniformizeaz\u0103 tonul acestuia, combin\u00e2nd uleiurile esen\u021biale CPTG de bergamot\u0103, ienup\u0103r \u0219i roini\u021b\u0103 cu extracte naturale, vitamine \u0219i tehnologii moderne. Gelul pentru \u00eembun\u0103t\u0103\u021birea luminozit\u0103\u021bii tenului reprezint\u0103 o modalitate delicat\u0103 \u0219i eficient\u0103 prin care po\u021bi conferi luminozitate tenului, reduc\u00e2nd apari\u021bia petelor \u00eentunecate \u0219i hiperpigment\u0103rii f\u0103r\u0103 substan\u021bele chimice agresive folosite \u00een alte produse ce vizeaz\u0103 luminozitatea tenului. Poate fi utilizat ca produs de aplicare pe toat\u0103 suprafa\u021ba tenului sau numai pe anumite zone vizate.<\/p>\n","protected":false},"featured_media":1311,"comment_status":"closed","ping_status":"closed","template":"","meta":{"wprm-recipe-roundup-name":"","wprm-recipe-roundup-description":"","powered_cache_disable_cache":false,"powered_cache_disable_css_optimization":false},"product_brand":[],"product_cat":[114],"product_tag":[],"class_list":{"0":"post-1309","1":"product","2":"type-product","3":"status-publish","4":"has-post-thumbnail","6":"product_cat-essential-skin-care","7":"entry","9":"first","10":"instock","11":"shipping-taxable","12":"purchasable","13":"product-type-simple","14":"add-to-wishlist-before_image","15":"berocket_lgv_grid","16":"berocket_lgv_list_grid"},"yoast_head":"<!-- This site is optimized with the Yoast SEO plugin v27.4 - https:\/\/yoast.com\/product\/yoast-seo-wordpress\/ -->\n<title>Gel pentru \u00eembun\u0103t\u0103\u0163irea luminozit\u0103\u0163ii tenului - Sticluta Esentiala<\/title>\n<meta name=\"description\" content=\"Gel pentru \u00eembun\u0103t\u0103\u0163irea luminozit\u0103\u0163ii tenului - Sticluta Esentiala\" \/>\n<meta name=\"robots\" content=\"index, follow, max-snippet:-1, max-image-preview:large, max-video-preview:-1\" \/>\n<link rel=\"canonical\" href=\"https:\/\/sticlutaesentiala.ro\/en\/product\/essential-skin-care\/gel-pentru-imbunatatirea-luminozitatii-tenului\/\" \/>\n<meta property=\"og:locale\" content=\"en_US\" \/>\n<meta property=\"og:type\" content=\"article\" \/>\n<meta property=\"og:title\" content=\"Gel pentru \u00eembun\u0103t\u0103\u0163irea luminozit\u0103\u0163ii tenului - Sticluta Esentiala\" \/>\n<meta property=\"og:description\" content=\"Gel pentru \u00eembun\u0103t\u0103\u0163irea luminozit\u0103\u0163ii tenului - Sticluta Esentiala\" \/>\n<meta property=\"og:url\" content=\"https:\/\/sticlutaesentiala.ro\/en\/product\/essential-skin-care\/gel-pentru-imbunatatirea-luminozitatii-tenului\/\" \/>\n<meta property=\"og:site_name\" content=\"Sticluta Esentiala\" \/>\n<meta property=\"article:publisher\" content=\"https:\/\/www.facebook.com\/groups\/sticlutaesentiala\/\" \/>\n<meta property=\"article:modified_time\" content=\"2025-01-21T14:07:15+00:00\" \/>\n<meta property=\"og:image\" content=\"https:\/\/sticlutaesentiala.ro\/wp-content\/uploads\/2025\/01\/brightening-gel-679x1350-1.webp\" \/>\n\t<meta property=\"og:image:width\" content=\"432\" \/>\n\t<meta property=\"og:image:height\" content=\"1350\" \/>\n\t<meta property=\"og:image:type\" content=\"image\/webp\" \/>\n<meta name=\"twitter:card\" content=\"summary_large_image\" \/>\n<meta name=\"twitter:label1\" content=\"Est. reading time\" \/>\n\t<meta name=\"twitter:data1\" content=\"1 minute\" \/>\n<script type=\"application\/ld+json\" class=\"yoast-schema-graph\">{\"@context\":\"https:\\\/\\\/schema.org\",\"@graph\":[{\"@type\":\"WebPage\",\"@id\":\"https:\\\/\\\/sticlutaesentiala.ro\\\/product\\\/essential-skin-care\\\/gel-pentru-imbunatatirea-luminozitatii-tenului\\\/\",\"url\":\"https:\\\/\\\/sticlutaesentiala.ro\\\/product\\\/essential-skin-care\\\/gel-pentru-imbunatatirea-luminozitatii-tenului\\\/\",\"name\":\"Gel pentru \u00eembun\u0103t\u0103\u0163irea luminozit\u0103\u0163ii tenului - Sticluta Esentiala\",\"isPartOf\":{\"@id\":\"https:\\\/\\\/sticlutaesentiala.ro\\\/#website\"},\"primaryImageOfPage\":{\"@id\":\"https:\\\/\\\/sticlutaesentiala.ro\\\/product\\\/essential-skin-care\\\/gel-pentru-imbunatatirea-luminozitatii-tenului\\\/#primaryimage\"},\"image\":{\"@id\":\"https:\\\/\\\/sticlutaesentiala.ro\\\/product\\\/essential-skin-care\\\/gel-pentru-imbunatatirea-luminozitatii-tenului\\\/#primaryimage\"},\"thumbnailUrl\":\"https:\\\/\\\/sticlutaesentiala.ro\\\/wp-content\\\/uploads\\\/2025\\\/01\\\/brightening-gel-679x1350-1.webp\",\"datePublished\":\"2025-01-21T14:03:18+00:00\",\"dateModified\":\"2025-01-21T14:07:15+00:00\",\"description\":\"Gel pentru \u00eembun\u0103t\u0103\u0163irea luminozit\u0103\u0163ii tenului - Sticluta Esentiala\",\"breadcrumb\":{\"@id\":\"https:\\\/\\\/sticlutaesentiala.ro\\\/product\\\/essential-skin-care\\\/gel-pentru-imbunatatirea-luminozitatii-tenului\\\/#breadcrumb\"},\"inLanguage\":\"en-US\",\"potentialAction\":[{\"@type\":\"ReadAction\",\"target\":[\"https:\\\/\\\/sticlutaesentiala.ro\\\/product\\\/essential-skin-care\\\/gel-pentru-imbunatatirea-luminozitatii-tenului\\\/\"]}]},{\"@type\":\"ImageObject\",\"inLanguage\":\"en-US\",\"@id\":\"https:\\\/\\\/sticlutaesentiala.ro\\\/product\\\/essential-skin-care\\\/gel-pentru-imbunatatirea-luminozitatii-tenului\\\/#primaryimage\",\"url\":\"https:\\\/\\\/sticlutaesentiala.ro\\\/wp-content\\\/uploads\\\/2025\\\/01\\\/brightening-gel-679x1350-1.webp\",\"contentUrl\":\"https:\\\/\\\/sticlutaesentiala.ro\\\/wp-content\\\/uploads\\\/2025\\\/01\\\/brightening-gel-679x1350-1.webp\",\"width\":432,\"height\":1350,\"caption\":\"brightening-gel-679x1350\"},{\"@type\":\"BreadcrumbList\",\"@id\":\"https:\\\/\\\/sticlutaesentiala.ro\\\/product\\\/essential-skin-care\\\/gel-pentru-imbunatatirea-luminozitatii-tenului\\\/#breadcrumb\",\"itemListElement\":[{\"@type\":\"ListItem\",\"position\":1,\"name\":\"Prima pagin\u0103\",\"item\":\"https:\\\/\\\/sticlutaesentiala.ro\\\/\"},{\"@type\":\"ListItem\",\"position\":2,\"name\":\"Gel pentru \u00eembun\u0103t\u0103\u0163irea luminozit\u0103\u0163ii tenului\"}]},{\"@type\":\"WebSite\",\"@id\":\"https:\\\/\\\/sticlutaesentiala.ro\\\/#website\",\"url\":\"https:\\\/\\\/sticlutaesentiala.ro\\\/\",\"name\":\"Sticluta Esentiala\",\"description\":\"\",\"publisher\":{\"@id\":\"https:\\\/\\\/sticlutaesentiala.ro\\\/#organization\"},\"potentialAction\":[{\"@type\":\"SearchAction\",\"target\":{\"@type\":\"EntryPoint\",\"urlTemplate\":\"https:\\\/\\\/sticlutaesentiala.ro\\\/?s={search_term_string}\"},\"query-input\":{\"@type\":\"PropertyValueSpecification\",\"valueRequired\":true,\"valueName\":\"search_term_string\"}}],\"inLanguage\":\"en-US\"},{\"@type\":\"Organization\",\"@id\":\"https:\\\/\\\/sticlutaesentiala.ro\\\/#organization\",\"name\":\"Sticluta Esentiala\",\"url\":\"https:\\\/\\\/sticlutaesentiala.ro\\\/\",\"logo\":{\"@type\":\"ImageObject\",\"inLanguage\":\"en-US\",\"@id\":\"https:\\\/\\\/sticlutaesentiala.ro\\\/#\\\/schema\\\/logo\\\/image\\\/\",\"url\":\"https:\\\/\\\/sticlutaesentiala.ro\\\/wp-content\\\/uploads\\\/2024\\\/05\\\/logoHeader_02.png\",\"contentUrl\":\"https:\\\/\\\/sticlutaesentiala.ro\\\/wp-content\\\/uploads\\\/2024\\\/05\\\/logoHeader_02.png\",\"width\":214,\"height\":116,\"caption\":\"Sticluta Esentiala\"},\"image\":{\"@id\":\"https:\\\/\\\/sticlutaesentiala.ro\\\/#\\\/schema\\\/logo\\\/image\\\/\"},\"sameAs\":[\"https:\\\/\\\/www.facebook.com\\\/groups\\\/sticlutaesentiala\\\/\"]}]}<\/script>\n<!-- \/ Yoast SEO plugin. -->","yoast_head_json":{"title":"Gel pentru \u00eembun\u0103t\u0103\u0163irea luminozit\u0103\u0163ii tenului - Sticluta Esentiala","description":"Gel pentru \u00eembun\u0103t\u0103\u0163irea luminozit\u0103\u0163ii tenului - Sticluta Esentiala","robots":{"index":"index","follow":"follow","max-snippet":"max-snippet:-1","max-image-preview":"max-image-preview:large","max-video-preview":"max-video-preview:-1"},"canonical":"https:\/\/sticlutaesentiala.ro\/en\/product\/essential-skin-care\/gel-pentru-imbunatatirea-luminozitatii-tenului\/","og_locale":"en_US","og_type":"article","og_title":"Gel pentru \u00eembun\u0103t\u0103\u0163irea luminozit\u0103\u0163ii tenului - Sticluta Esentiala","og_description":"Gel pentru \u00eembun\u0103t\u0103\u0163irea luminozit\u0103\u0163ii tenului - Sticluta Esentiala","og_url":"https:\/\/sticlutaesentiala.ro\/en\/product\/essential-skin-care\/gel-pentru-imbunatatirea-luminozitatii-tenului\/","og_site_name":"Sticluta Esentiala","article_publisher":"https:\/\/www.facebook.com\/groups\/sticlutaesentiala\/","article_modified_time":"2025-01-21T14:07:15+00:00","og_image":[{"width":432,"height":1350,"url":"https:\/\/sticlutaesentiala.ro\/wp-content\/uploads\/2025\/01\/brightening-gel-679x1350-1.webp","type":"image\/webp"}],"twitter_card":"summary_large_image","twitter_misc":{"Est. reading time":"1 minute"},"schema":{"@context":"https:\/\/schema.org","@graph":[{"@type":"WebPage","@id":"https:\/\/sticlutaesentiala.ro\/product\/essential-skin-care\/gel-pentru-imbunatatirea-luminozitatii-tenului\/","url":"https:\/\/sticlutaesentiala.ro\/product\/essential-skin-care\/gel-pentru-imbunatatirea-luminozitatii-tenului\/","name":"Gel pentru \u00eembun\u0103t\u0103\u0163irea luminozit\u0103\u0163ii tenului - Sticluta Esentiala","isPartOf":{"@id":"https:\/\/sticlutaesentiala.ro\/#website"},"primaryImageOfPage":{"@id":"https:\/\/sticlutaesentiala.ro\/product\/essential-skin-care\/gel-pentru-imbunatatirea-luminozitatii-tenului\/#primaryimage"},"image":{"@id":"https:\/\/sticlutaesentiala.ro\/product\/essential-skin-care\/gel-pentru-imbunatatirea-luminozitatii-tenului\/#primaryimage"},"thumbnailUrl":"https:\/\/sticlutaesentiala.ro\/wp-content\/uploads\/2025\/01\/brightening-gel-679x1350-1.webp","datePublished":"2025-01-21T14:03:18+00:00","dateModified":"2025-01-21T14:07:15+00:00","description":"Gel pentru \u00eembun\u0103t\u0103\u0163irea luminozit\u0103\u0163ii tenului - Sticluta Esentiala","breadcrumb":{"@id":"https:\/\/sticlutaesentiala.ro\/product\/essential-skin-care\/gel-pentru-imbunatatirea-luminozitatii-tenului\/#breadcrumb"},"inLanguage":"en-US","potentialAction":[{"@type":"ReadAction","target":["https:\/\/sticlutaesentiala.ro\/product\/essential-skin-care\/gel-pentru-imbunatatirea-luminozitatii-tenului\/"]}]},{"@type":"ImageObject","inLanguage":"en-US","@id":"https:\/\/sticlutaesentiala.ro\/product\/essential-skin-care\/gel-pentru-imbunatatirea-luminozitatii-tenului\/#primaryimage","url":"https:\/\/sticlutaesentiala.ro\/wp-content\/uploads\/2025\/01\/brightening-gel-679x1350-1.webp","contentUrl":"https:\/\/sticlutaesentiala.ro\/wp-content\/uploads\/2025\/01\/brightening-gel-679x1350-1.webp","width":432,"height":1350,"caption":"brightening-gel-679x1350"},{"@type":"BreadcrumbList","@id":"https:\/\/sticlutaesentiala.ro\/product\/essential-skin-care\/gel-pentru-imbunatatirea-luminozitatii-tenului\/#breadcrumb","itemListElement":[{"@type":"ListItem","position":1,"name":"Prima pagin\u0103","item":"https:\/\/sticlutaesentiala.ro\/"},{"@type":"ListItem","position":2,"name":"Gel pentru \u00eembun\u0103t\u0103\u0163irea luminozit\u0103\u0163ii tenului"}]},{"@type":"WebSite","@id":"https:\/\/sticlutaesentiala.ro\/#website","url":"https:\/\/sticlutaesentiala.ro\/","name":"Sticluta Esentiala","description":"","publisher":{"@id":"https:\/\/sticlutaesentiala.ro\/#organization"},"potentialAction":[{"@type":"SearchAction","target":{"@type":"EntryPoint","urlTemplate":"https:\/\/sticlutaesentiala.ro\/?s={search_term_string}"},"query-input":{"@type":"PropertyValueSpecification","valueRequired":true,"valueName":"search_term_string"}}],"inLanguage":"en-US"},{"@type":"Organization","@id":"https:\/\/sticlutaesentiala.ro\/#organization","name":"Sticluta Esentiala","url":"https:\/\/sticlutaesentiala.ro\/","logo":{"@type":"ImageObject","inLanguage":"en-US","@id":"https:\/\/sticlutaesentiala.ro\/#\/schema\/logo\/image\/","url":"https:\/\/sticlutaesentiala.ro\/wp-content\/uploads\/2024\/05\/logoHeader_02.png","contentUrl":"https:\/\/sticlutaesentiala.ro\/wp-content\/uploads\/2024\/05\/logoHeader_02.png","width":214,"height":116,"caption":"Sticluta Esentiala"},"image":{"@id":"https:\/\/sticlutaesentiala.ro\/#\/schema\/logo\/image\/"},"sameAs":["https:\/\/www.facebook.com\/groups\/sticlutaesentiala\/"]}]}},"_links":{"self":[{"href":"https:\/\/sticlutaesentiala.ro\/en\/wp-json\/wp\/v2\/product\/1309","targetHints":{"allow":["GET"]}}],"collection":[{"href":"https:\/\/sticlutaesentiala.ro\/en\/wp-json\/wp\/v2\/product"}],"about":[{"href":"https:\/\/sticlutaesentiala.ro\/en\/wp-json\/wp\/v2\/types\/product"}],"replies":[{"embeddable":true,"href":"https:\/\/sticlutaesentiala.ro\/en\/wp-json\/wp\/v2\/comments?post=1309"}],"wp:featuredmedia":[{"embeddable":true,"href":"https:\/\/sticlutaesentiala.ro\/en\/wp-json\/wp\/v2\/media\/1311"}],"wp:attachment":[{"href":"https:\/\/sticlutaesentiala.ro\/en\/wp-json\/wp\/v2\/media?parent=1309"}],"wp:term":[{"taxonomy":"product_brand","embeddable":true,"href":"https:\/\/sticlutaesentiala.ro\/en\/wp-json\/wp\/v2\/product_brand?post=1309"},{"taxonomy":"product_cat","embeddable":true,"href":"https:\/\/sticlutaesentiala.ro\/en\/wp-json\/wp\/v2\/product_cat?post=1309"},{"taxonomy":"product_tag","embeddable":true,"href":"https:\/\/sticlutaesentiala.ro\/en\/wp-json\/wp\/v2\/product_tag?post=1309"}],"curies":[{"name":"wp","href":"https:\/\/api.w.org\/{rel}","templated":true}]}}