{"id":1318,"date":"2025-01-21T16:22:47","date_gmt":"2025-01-21T14:22:47","guid":{"rendered":"https:\/\/sticlutaesentiala.ro\/?post_type=product&#038;p=1318"},"modified":"2025-01-21T16:25:50","modified_gmt":"2025-01-21T14:25:50","slug":"crema-exfolianta","status":"publish","type":"product","link":"https:\/\/sticlutaesentiala.ro\/en\/product\/essential-skin-care\/crema-exfolianta\/","title":{"rendered":"Crem\u0103 exfoliant\u0103"},"content":{"rendered":"","protected":false},"excerpt":{"rendered":"<p>Pre\u021buri cu TVA inclus.<\/p>\n<p>[product_attributes attributes=\"tip-recipient\"] [product_attributes attributes=\"continut\"]<\/p>\n<p>Bucur\u0103-te de un ten proasp\u0103t \u0219i regenerat cu Crema exfoliant\u0103 d\u014dTERRA. Ca parte din linia de produse pentru \u00eengrijirea esen\u021bial\u0103 a tenului, Crema exfoliant\u0103 revigorant\u0103 con\u021bine uleiuri esen\u021biale CPTG de grapefruit \u0219i ment\u0103 pentru a crea o experien\u021b\u0103 aromatic\u0103 reconfortant\u0103. Esterii din jojoba, ce se g\u0103sesc \u0219i \u00een crema exfoliant\u0103, ac\u021bioneaz\u0103 pentru netezirea pielii, iar substan\u021bele vegetale din extractele de mandarin\u0103, iasomie \u0219i brusture ajut\u0103 la tonifiere \u0219i hidratare.<\/p>\n","protected":false},"featured_media":1320,"comment_status":"closed","ping_status":"closed","template":"","meta":{"wprm-recipe-roundup-name":"","wprm-recipe-roundup-description":"","powered_cache_disable_cache":false,"powered_cache_disable_css_optimization":false},"product_brand":[],"product_cat":[114],"product_tag":[],"class_list":{"0":"post-1318","1":"product","2":"type-product","3":"status-publish","4":"has-post-thumbnail","6":"product_cat-essential-skin-care","7":"entry","9":"first","10":"instock","11":"shipping-taxable","12":"purchasable","13":"product-type-simple","14":"add-to-wishlist-before_image","15":"berocket_lgv_grid","16":"berocket_lgv_list_grid"},"yoast_head":"<!-- This site is optimized with the Yoast SEO plugin v27.3 - https:\/\/yoast.com\/product\/yoast-seo-wordpress\/ -->\n<title>Crem\u0103 exfoliant\u0103 - Sticluta Esentiala<\/title>\n<meta name=\"description\" content=\"Crem\u0103 exfoliant\u0103 - Sticluta Esentiala\" \/>\n<meta name=\"robots\" content=\"index, follow, max-snippet:-1, max-image-preview:large, max-video-preview:-1\" \/>\n<link rel=\"canonical\" href=\"https:\/\/sticlutaesentiala.ro\/en\/product\/essential-skin-care\/crema-exfolianta\/\" \/>\n<meta property=\"og:locale\" content=\"en_US\" \/>\n<meta property=\"og:type\" content=\"article\" \/>\n<meta property=\"og:title\" content=\"Crem\u0103 exfoliant\u0103 - Sticluta Esentiala\" \/>\n<meta property=\"og:description\" content=\"Crem\u0103 exfoliant\u0103 - Sticluta Esentiala\" \/>\n<meta property=\"og:url\" content=\"https:\/\/sticlutaesentiala.ro\/en\/product\/essential-skin-care\/crema-exfolianta\/\" \/>\n<meta property=\"og:site_name\" content=\"Sticluta Esentiala\" \/>\n<meta property=\"article:publisher\" content=\"https:\/\/www.facebook.com\/groups\/sticlutaesentiala\/\" \/>\n<meta property=\"article:modified_time\" content=\"2025-01-21T14:25:50+00:00\" \/>\n<meta property=\"og:image\" content=\"https:\/\/sticlutaesentiala.ro\/wp-content\/uploads\/2025\/01\/invigorating-scrub-608x1350-1.webp\" \/>\n\t<meta property=\"og:image:width\" content=\"608\" \/>\n\t<meta property=\"og:image:height\" content=\"1350\" \/>\n\t<meta property=\"og:image:type\" content=\"image\/webp\" \/>\n<meta name=\"twitter:card\" content=\"summary_large_image\" \/>\n<meta name=\"twitter:label1\" content=\"Est. reading time\" \/>\n\t<meta name=\"twitter:data1\" content=\"1 minute\" \/>\n<script type=\"application\/ld+json\" class=\"yoast-schema-graph\">{\"@context\":\"https:\\\/\\\/schema.org\",\"@graph\":[{\"@type\":\"WebPage\",\"@id\":\"https:\\\/\\\/sticlutaesentiala.ro\\\/product\\\/essential-skin-care\\\/crema-exfolianta\\\/\",\"url\":\"https:\\\/\\\/sticlutaesentiala.ro\\\/product\\\/essential-skin-care\\\/crema-exfolianta\\\/\",\"name\":\"Crem\u0103 exfoliant\u0103 - Sticluta Esentiala\",\"isPartOf\":{\"@id\":\"https:\\\/\\\/sticlutaesentiala.ro\\\/#website\"},\"primaryImageOfPage\":{\"@id\":\"https:\\\/\\\/sticlutaesentiala.ro\\\/product\\\/essential-skin-care\\\/crema-exfolianta\\\/#primaryimage\"},\"image\":{\"@id\":\"https:\\\/\\\/sticlutaesentiala.ro\\\/product\\\/essential-skin-care\\\/crema-exfolianta\\\/#primaryimage\"},\"thumbnailUrl\":\"https:\\\/\\\/sticlutaesentiala.ro\\\/wp-content\\\/uploads\\\/2025\\\/01\\\/invigorating-scrub-608x1350-1.webp\",\"datePublished\":\"2025-01-21T14:22:47+00:00\",\"dateModified\":\"2025-01-21T14:25:50+00:00\",\"description\":\"Crem\u0103 exfoliant\u0103 - Sticluta Esentiala\",\"breadcrumb\":{\"@id\":\"https:\\\/\\\/sticlutaesentiala.ro\\\/product\\\/essential-skin-care\\\/crema-exfolianta\\\/#breadcrumb\"},\"inLanguage\":\"en-US\",\"potentialAction\":[{\"@type\":\"ReadAction\",\"target\":[\"https:\\\/\\\/sticlutaesentiala.ro\\\/product\\\/essential-skin-care\\\/crema-exfolianta\\\/\"]}]},{\"@type\":\"ImageObject\",\"inLanguage\":\"en-US\",\"@id\":\"https:\\\/\\\/sticlutaesentiala.ro\\\/product\\\/essential-skin-care\\\/crema-exfolianta\\\/#primaryimage\",\"url\":\"https:\\\/\\\/sticlutaesentiala.ro\\\/wp-content\\\/uploads\\\/2025\\\/01\\\/invigorating-scrub-608x1350-1.webp\",\"contentUrl\":\"https:\\\/\\\/sticlutaesentiala.ro\\\/wp-content\\\/uploads\\\/2025\\\/01\\\/invigorating-scrub-608x1350-1.webp\",\"width\":608,\"height\":1350,\"caption\":\"invigorating-scrub-608x1350\"},{\"@type\":\"BreadcrumbList\",\"@id\":\"https:\\\/\\\/sticlutaesentiala.ro\\\/product\\\/essential-skin-care\\\/crema-exfolianta\\\/#breadcrumb\",\"itemListElement\":[{\"@type\":\"ListItem\",\"position\":1,\"name\":\"Prima pagin\u0103\",\"item\":\"https:\\\/\\\/sticlutaesentiala.ro\\\/\"},{\"@type\":\"ListItem\",\"position\":2,\"name\":\"Crem\u0103 exfoliant\u0103\"}]},{\"@type\":\"WebSite\",\"@id\":\"https:\\\/\\\/sticlutaesentiala.ro\\\/#website\",\"url\":\"https:\\\/\\\/sticlutaesentiala.ro\\\/\",\"name\":\"Sticluta Esentiala\",\"description\":\"\",\"publisher\":{\"@id\":\"https:\\\/\\\/sticlutaesentiala.ro\\\/#organization\"},\"potentialAction\":[{\"@type\":\"SearchAction\",\"target\":{\"@type\":\"EntryPoint\",\"urlTemplate\":\"https:\\\/\\\/sticlutaesentiala.ro\\\/?s={search_term_string}\"},\"query-input\":{\"@type\":\"PropertyValueSpecification\",\"valueRequired\":true,\"valueName\":\"search_term_string\"}}],\"inLanguage\":\"en-US\"},{\"@type\":\"Organization\",\"@id\":\"https:\\\/\\\/sticlutaesentiala.ro\\\/#organization\",\"name\":\"Sticluta Esentiala\",\"url\":\"https:\\\/\\\/sticlutaesentiala.ro\\\/\",\"logo\":{\"@type\":\"ImageObject\",\"inLanguage\":\"en-US\",\"@id\":\"https:\\\/\\\/sticlutaesentiala.ro\\\/#\\\/schema\\\/logo\\\/image\\\/\",\"url\":\"https:\\\/\\\/sticlutaesentiala.ro\\\/wp-content\\\/uploads\\\/2024\\\/05\\\/logoHeader_02.png\",\"contentUrl\":\"https:\\\/\\\/sticlutaesentiala.ro\\\/wp-content\\\/uploads\\\/2024\\\/05\\\/logoHeader_02.png\",\"width\":214,\"height\":116,\"caption\":\"Sticluta Esentiala\"},\"image\":{\"@id\":\"https:\\\/\\\/sticlutaesentiala.ro\\\/#\\\/schema\\\/logo\\\/image\\\/\"},\"sameAs\":[\"https:\\\/\\\/www.facebook.com\\\/groups\\\/sticlutaesentiala\\\/\"]}]}<\/script>\n<!-- \/ Yoast SEO plugin. -->","yoast_head_json":{"title":"Crem\u0103 exfoliant\u0103 - Sticluta Esentiala","description":"Crem\u0103 exfoliant\u0103 - Sticluta Esentiala","robots":{"index":"index","follow":"follow","max-snippet":"max-snippet:-1","max-image-preview":"max-image-preview:large","max-video-preview":"max-video-preview:-1"},"canonical":"https:\/\/sticlutaesentiala.ro\/en\/product\/essential-skin-care\/crema-exfolianta\/","og_locale":"en_US","og_type":"article","og_title":"Crem\u0103 exfoliant\u0103 - Sticluta Esentiala","og_description":"Crem\u0103 exfoliant\u0103 - Sticluta Esentiala","og_url":"https:\/\/sticlutaesentiala.ro\/en\/product\/essential-skin-care\/crema-exfolianta\/","og_site_name":"Sticluta Esentiala","article_publisher":"https:\/\/www.facebook.com\/groups\/sticlutaesentiala\/","article_modified_time":"2025-01-21T14:25:50+00:00","og_image":[{"width":608,"height":1350,"url":"https:\/\/sticlutaesentiala.ro\/wp-content\/uploads\/2025\/01\/invigorating-scrub-608x1350-1.webp","type":"image\/webp"}],"twitter_card":"summary_large_image","twitter_misc":{"Est. reading time":"1 minute"},"schema":{"@context":"https:\/\/schema.org","@graph":[{"@type":"WebPage","@id":"https:\/\/sticlutaesentiala.ro\/product\/essential-skin-care\/crema-exfolianta\/","url":"https:\/\/sticlutaesentiala.ro\/product\/essential-skin-care\/crema-exfolianta\/","name":"Crem\u0103 exfoliant\u0103 - Sticluta Esentiala","isPartOf":{"@id":"https:\/\/sticlutaesentiala.ro\/#website"},"primaryImageOfPage":{"@id":"https:\/\/sticlutaesentiala.ro\/product\/essential-skin-care\/crema-exfolianta\/#primaryimage"},"image":{"@id":"https:\/\/sticlutaesentiala.ro\/product\/essential-skin-care\/crema-exfolianta\/#primaryimage"},"thumbnailUrl":"https:\/\/sticlutaesentiala.ro\/wp-content\/uploads\/2025\/01\/invigorating-scrub-608x1350-1.webp","datePublished":"2025-01-21T14:22:47+00:00","dateModified":"2025-01-21T14:25:50+00:00","description":"Crem\u0103 exfoliant\u0103 - Sticluta Esentiala","breadcrumb":{"@id":"https:\/\/sticlutaesentiala.ro\/product\/essential-skin-care\/crema-exfolianta\/#breadcrumb"},"inLanguage":"en-US","potentialAction":[{"@type":"ReadAction","target":["https:\/\/sticlutaesentiala.ro\/product\/essential-skin-care\/crema-exfolianta\/"]}]},{"@type":"ImageObject","inLanguage":"en-US","@id":"https:\/\/sticlutaesentiala.ro\/product\/essential-skin-care\/crema-exfolianta\/#primaryimage","url":"https:\/\/sticlutaesentiala.ro\/wp-content\/uploads\/2025\/01\/invigorating-scrub-608x1350-1.webp","contentUrl":"https:\/\/sticlutaesentiala.ro\/wp-content\/uploads\/2025\/01\/invigorating-scrub-608x1350-1.webp","width":608,"height":1350,"caption":"invigorating-scrub-608x1350"},{"@type":"BreadcrumbList","@id":"https:\/\/sticlutaesentiala.ro\/product\/essential-skin-care\/crema-exfolianta\/#breadcrumb","itemListElement":[{"@type":"ListItem","position":1,"name":"Prima pagin\u0103","item":"https:\/\/sticlutaesentiala.ro\/"},{"@type":"ListItem","position":2,"name":"Crem\u0103 exfoliant\u0103"}]},{"@type":"WebSite","@id":"https:\/\/sticlutaesentiala.ro\/#website","url":"https:\/\/sticlutaesentiala.ro\/","name":"Sticluta Esentiala","description":"","publisher":{"@id":"https:\/\/sticlutaesentiala.ro\/#organization"},"potentialAction":[{"@type":"SearchAction","target":{"@type":"EntryPoint","urlTemplate":"https:\/\/sticlutaesentiala.ro\/?s={search_term_string}"},"query-input":{"@type":"PropertyValueSpecification","valueRequired":true,"valueName":"search_term_string"}}],"inLanguage":"en-US"},{"@type":"Organization","@id":"https:\/\/sticlutaesentiala.ro\/#organization","name":"Sticluta Esentiala","url":"https:\/\/sticlutaesentiala.ro\/","logo":{"@type":"ImageObject","inLanguage":"en-US","@id":"https:\/\/sticlutaesentiala.ro\/#\/schema\/logo\/image\/","url":"https:\/\/sticlutaesentiala.ro\/wp-content\/uploads\/2024\/05\/logoHeader_02.png","contentUrl":"https:\/\/sticlutaesentiala.ro\/wp-content\/uploads\/2024\/05\/logoHeader_02.png","width":214,"height":116,"caption":"Sticluta Esentiala"},"image":{"@id":"https:\/\/sticlutaesentiala.ro\/#\/schema\/logo\/image\/"},"sameAs":["https:\/\/www.facebook.com\/groups\/sticlutaesentiala\/"]}]}},"_links":{"self":[{"href":"https:\/\/sticlutaesentiala.ro\/en\/wp-json\/wp\/v2\/product\/1318","targetHints":{"allow":["GET"]}}],"collection":[{"href":"https:\/\/sticlutaesentiala.ro\/en\/wp-json\/wp\/v2\/product"}],"about":[{"href":"https:\/\/sticlutaesentiala.ro\/en\/wp-json\/wp\/v2\/types\/product"}],"replies":[{"embeddable":true,"href":"https:\/\/sticlutaesentiala.ro\/en\/wp-json\/wp\/v2\/comments?post=1318"}],"wp:featuredmedia":[{"embeddable":true,"href":"https:\/\/sticlutaesentiala.ro\/en\/wp-json\/wp\/v2\/media\/1320"}],"wp:attachment":[{"href":"https:\/\/sticlutaesentiala.ro\/en\/wp-json\/wp\/v2\/media?parent=1318"}],"wp:term":[{"taxonomy":"product_brand","embeddable":true,"href":"https:\/\/sticlutaesentiala.ro\/en\/wp-json\/wp\/v2\/product_brand?post=1318"},{"taxonomy":"product_cat","embeddable":true,"href":"https:\/\/sticlutaesentiala.ro\/en\/wp-json\/wp\/v2\/product_cat?post=1318"},{"taxonomy":"product_tag","embeddable":true,"href":"https:\/\/sticlutaesentiala.ro\/en\/wp-json\/wp\/v2\/product_tag?post=1318"}],"curies":[{"name":"wp","href":"https:\/\/api.w.org\/{rel}","templated":true}]}}