{"id":766,"date":"2024-11-15T15:19:04","date_gmt":"2024-11-15T15:19:04","guid":{"rendered":"https:\/\/sticlutaesentiala.ro\/?post_type=product&#038;p=766"},"modified":"2024-11-15T15:21:18","modified_gmt":"2024-11-15T15:21:18","slug":"vetiver","status":"publish","type":"product","link":"https:\/\/sticlutaesentiala.ro\/en\/product\/uleiuri-individuale\/vetiver\/","title":{"rendered":"Vetiver"},"content":{"rendered":"","protected":false},"excerpt":{"rendered":"<p>Pre\u021buri cu TVA inclus.<\/p>\n<p>[product_attributes attributes=\"tip-recipient\"] [product_attributes attributes=\"continut\"]<\/p>\n<p>Vetiverul, care face parte din familia ierbii, este cunoscut din multe motive. Spre deosebire de alte tipuri de iarb\u0103, sistemul radicular al vetiverului cre\u0219te \u00een jos, ceea ce \u00eel face ideal pentru prevenirea eroziunii \u0219i asigurarea stabiliz\u0103rii solului. Uleiul esen\u021bial de vetiver are o arom\u0103 bogat\u0103, exotic\u0103 \u0219i complex\u0103, care este utilizat\u0103 pe scar\u0103 larg\u0103 la realizarea parfumurilor. Datorit\u0103 propriet\u0103\u021bilor sale calmante \u0219i de echilibrare, uleiul de vetiver este ideal \u00een terapiile prin masaj. De asemenea, poate fi utilizat \u00eenainte de culcare, pentru a crea o atmosfer\u0103 lini\u0219titoare.<\/p>\n","protected":false},"featured_media":767,"comment_status":"closed","ping_status":"closed","template":"","meta":{"wprm-recipe-roundup-name":"","wprm-recipe-roundup-description":"","powered_cache_disable_cache":false,"powered_cache_disable_css_optimization":false},"product_brand":[],"product_cat":[23],"product_tag":[],"class_list":{"0":"post-766","1":"product","2":"type-product","3":"status-publish","4":"has-post-thumbnail","6":"product_cat-uleiuri-individuale","7":"entry","9":"first","10":"instock","11":"shipping-taxable","12":"purchasable","13":"product-type-simple","14":"add-to-wishlist-before_image","15":"berocket_lgv_grid","16":"berocket_lgv_list_grid"},"yoast_head":"<!-- This site is optimized with the Yoast SEO plugin v27.3 - https:\/\/yoast.com\/product\/yoast-seo-wordpress\/ -->\n<title>Vetiver - Sticluta Esentiala<\/title>\n<meta name=\"description\" content=\"Vetiver - Sticluta Esentiala\" \/>\n<meta name=\"robots\" content=\"index, follow, max-snippet:-1, max-image-preview:large, max-video-preview:-1\" \/>\n<link rel=\"canonical\" href=\"https:\/\/sticlutaesentiala.ro\/en\/product\/uleiuri-individuale\/vetiver\/\" \/>\n<meta property=\"og:locale\" content=\"en_US\" \/>\n<meta property=\"og:type\" content=\"article\" \/>\n<meta property=\"og:title\" content=\"Vetiver - Sticluta Esentiala\" \/>\n<meta property=\"og:description\" content=\"Vetiver - Sticluta Esentiala\" \/>\n<meta property=\"og:url\" content=\"https:\/\/sticlutaesentiala.ro\/en\/product\/uleiuri-individuale\/vetiver\/\" \/>\n<meta property=\"og:site_name\" content=\"Sticluta Esentiala\" \/>\n<meta property=\"article:publisher\" content=\"https:\/\/www.facebook.com\/groups\/sticlutaesentiala\/\" \/>\n<meta property=\"article:modified_time\" content=\"2024-11-15T15:21:18+00:00\" \/>\n<meta property=\"og:image\" content=\"https:\/\/sticlutaesentiala.ro\/wp-content\/uploads\/2024\/11\/vetiver-15ml-500x1350-1.webp\" \/>\n\t<meta property=\"og:image:width\" content=\"500\" \/>\n\t<meta property=\"og:image:height\" content=\"1350\" \/>\n\t<meta property=\"og:image:type\" content=\"image\/webp\" \/>\n<meta name=\"twitter:card\" content=\"summary_large_image\" \/>\n<meta name=\"twitter:label1\" content=\"Est. reading time\" \/>\n\t<meta name=\"twitter:data1\" content=\"1 minute\" \/>\n<script type=\"application\/ld+json\" class=\"yoast-schema-graph\">{\"@context\":\"https:\\\/\\\/schema.org\",\"@graph\":[{\"@type\":\"WebPage\",\"@id\":\"https:\\\/\\\/sticlutaesentiala.ro\\\/product\\\/uleiuri-individuale\\\/vetiver\\\/\",\"url\":\"https:\\\/\\\/sticlutaesentiala.ro\\\/product\\\/uleiuri-individuale\\\/vetiver\\\/\",\"name\":\"Vetiver - Sticluta Esentiala\",\"isPartOf\":{\"@id\":\"https:\\\/\\\/sticlutaesentiala.ro\\\/#website\"},\"primaryImageOfPage\":{\"@id\":\"https:\\\/\\\/sticlutaesentiala.ro\\\/product\\\/uleiuri-individuale\\\/vetiver\\\/#primaryimage\"},\"image\":{\"@id\":\"https:\\\/\\\/sticlutaesentiala.ro\\\/product\\\/uleiuri-individuale\\\/vetiver\\\/#primaryimage\"},\"thumbnailUrl\":\"https:\\\/\\\/sticlutaesentiala.ro\\\/wp-content\\\/uploads\\\/2024\\\/11\\\/vetiver-15ml-500x1350-1.webp\",\"datePublished\":\"2024-11-15T15:19:04+00:00\",\"dateModified\":\"2024-11-15T15:21:18+00:00\",\"description\":\"Vetiver - Sticluta Esentiala\",\"breadcrumb\":{\"@id\":\"https:\\\/\\\/sticlutaesentiala.ro\\\/product\\\/uleiuri-individuale\\\/vetiver\\\/#breadcrumb\"},\"inLanguage\":\"en-US\",\"potentialAction\":[{\"@type\":\"ReadAction\",\"target\":[\"https:\\\/\\\/sticlutaesentiala.ro\\\/product\\\/uleiuri-individuale\\\/vetiver\\\/\"]}]},{\"@type\":\"ImageObject\",\"inLanguage\":\"en-US\",\"@id\":\"https:\\\/\\\/sticlutaesentiala.ro\\\/product\\\/uleiuri-individuale\\\/vetiver\\\/#primaryimage\",\"url\":\"https:\\\/\\\/sticlutaesentiala.ro\\\/wp-content\\\/uploads\\\/2024\\\/11\\\/vetiver-15ml-500x1350-1.webp\",\"contentUrl\":\"https:\\\/\\\/sticlutaesentiala.ro\\\/wp-content\\\/uploads\\\/2024\\\/11\\\/vetiver-15ml-500x1350-1.webp\",\"width\":500,\"height\":1350,\"caption\":\"vetiver-15ml-500x1350\"},{\"@type\":\"BreadcrumbList\",\"@id\":\"https:\\\/\\\/sticlutaesentiala.ro\\\/product\\\/uleiuri-individuale\\\/vetiver\\\/#breadcrumb\",\"itemListElement\":[{\"@type\":\"ListItem\",\"position\":1,\"name\":\"Prima pagin\u0103\",\"item\":\"https:\\\/\\\/sticlutaesentiala.ro\\\/\"},{\"@type\":\"ListItem\",\"position\":2,\"name\":\"Vetiver\"}]},{\"@type\":\"WebSite\",\"@id\":\"https:\\\/\\\/sticlutaesentiala.ro\\\/#website\",\"url\":\"https:\\\/\\\/sticlutaesentiala.ro\\\/\",\"name\":\"Sticluta Esentiala\",\"description\":\"\",\"publisher\":{\"@id\":\"https:\\\/\\\/sticlutaesentiala.ro\\\/#organization\"},\"potentialAction\":[{\"@type\":\"SearchAction\",\"target\":{\"@type\":\"EntryPoint\",\"urlTemplate\":\"https:\\\/\\\/sticlutaesentiala.ro\\\/?s={search_term_string}\"},\"query-input\":{\"@type\":\"PropertyValueSpecification\",\"valueRequired\":true,\"valueName\":\"search_term_string\"}}],\"inLanguage\":\"en-US\"},{\"@type\":\"Organization\",\"@id\":\"https:\\\/\\\/sticlutaesentiala.ro\\\/#organization\",\"name\":\"Sticluta Esentiala\",\"url\":\"https:\\\/\\\/sticlutaesentiala.ro\\\/\",\"logo\":{\"@type\":\"ImageObject\",\"inLanguage\":\"en-US\",\"@id\":\"https:\\\/\\\/sticlutaesentiala.ro\\\/#\\\/schema\\\/logo\\\/image\\\/\",\"url\":\"https:\\\/\\\/sticlutaesentiala.ro\\\/wp-content\\\/uploads\\\/2024\\\/05\\\/logoHeader_02.png\",\"contentUrl\":\"https:\\\/\\\/sticlutaesentiala.ro\\\/wp-content\\\/uploads\\\/2024\\\/05\\\/logoHeader_02.png\",\"width\":214,\"height\":116,\"caption\":\"Sticluta Esentiala\"},\"image\":{\"@id\":\"https:\\\/\\\/sticlutaesentiala.ro\\\/#\\\/schema\\\/logo\\\/image\\\/\"},\"sameAs\":[\"https:\\\/\\\/www.facebook.com\\\/groups\\\/sticlutaesentiala\\\/\"]}]}<\/script>\n<!-- \/ Yoast SEO plugin. -->","yoast_head_json":{"title":"Vetiver - Sticluta Esentiala","description":"Vetiver - Sticluta Esentiala","robots":{"index":"index","follow":"follow","max-snippet":"max-snippet:-1","max-image-preview":"max-image-preview:large","max-video-preview":"max-video-preview:-1"},"canonical":"https:\/\/sticlutaesentiala.ro\/en\/product\/uleiuri-individuale\/vetiver\/","og_locale":"en_US","og_type":"article","og_title":"Vetiver - Sticluta Esentiala","og_description":"Vetiver - Sticluta Esentiala","og_url":"https:\/\/sticlutaesentiala.ro\/en\/product\/uleiuri-individuale\/vetiver\/","og_site_name":"Sticluta Esentiala","article_publisher":"https:\/\/www.facebook.com\/groups\/sticlutaesentiala\/","article_modified_time":"2024-11-15T15:21:18+00:00","og_image":[{"width":500,"height":1350,"url":"https:\/\/sticlutaesentiala.ro\/wp-content\/uploads\/2024\/11\/vetiver-15ml-500x1350-1.webp","type":"image\/webp"}],"twitter_card":"summary_large_image","twitter_misc":{"Est. reading time":"1 minute"},"schema":{"@context":"https:\/\/schema.org","@graph":[{"@type":"WebPage","@id":"https:\/\/sticlutaesentiala.ro\/product\/uleiuri-individuale\/vetiver\/","url":"https:\/\/sticlutaesentiala.ro\/product\/uleiuri-individuale\/vetiver\/","name":"Vetiver - Sticluta Esentiala","isPartOf":{"@id":"https:\/\/sticlutaesentiala.ro\/#website"},"primaryImageOfPage":{"@id":"https:\/\/sticlutaesentiala.ro\/product\/uleiuri-individuale\/vetiver\/#primaryimage"},"image":{"@id":"https:\/\/sticlutaesentiala.ro\/product\/uleiuri-individuale\/vetiver\/#primaryimage"},"thumbnailUrl":"https:\/\/sticlutaesentiala.ro\/wp-content\/uploads\/2024\/11\/vetiver-15ml-500x1350-1.webp","datePublished":"2024-11-15T15:19:04+00:00","dateModified":"2024-11-15T15:21:18+00:00","description":"Vetiver - Sticluta Esentiala","breadcrumb":{"@id":"https:\/\/sticlutaesentiala.ro\/product\/uleiuri-individuale\/vetiver\/#breadcrumb"},"inLanguage":"en-US","potentialAction":[{"@type":"ReadAction","target":["https:\/\/sticlutaesentiala.ro\/product\/uleiuri-individuale\/vetiver\/"]}]},{"@type":"ImageObject","inLanguage":"en-US","@id":"https:\/\/sticlutaesentiala.ro\/product\/uleiuri-individuale\/vetiver\/#primaryimage","url":"https:\/\/sticlutaesentiala.ro\/wp-content\/uploads\/2024\/11\/vetiver-15ml-500x1350-1.webp","contentUrl":"https:\/\/sticlutaesentiala.ro\/wp-content\/uploads\/2024\/11\/vetiver-15ml-500x1350-1.webp","width":500,"height":1350,"caption":"vetiver-15ml-500x1350"},{"@type":"BreadcrumbList","@id":"https:\/\/sticlutaesentiala.ro\/product\/uleiuri-individuale\/vetiver\/#breadcrumb","itemListElement":[{"@type":"ListItem","position":1,"name":"Prima pagin\u0103","item":"https:\/\/sticlutaesentiala.ro\/"},{"@type":"ListItem","position":2,"name":"Vetiver"}]},{"@type":"WebSite","@id":"https:\/\/sticlutaesentiala.ro\/#website","url":"https:\/\/sticlutaesentiala.ro\/","name":"Sticluta Esentiala","description":"","publisher":{"@id":"https:\/\/sticlutaesentiala.ro\/#organization"},"potentialAction":[{"@type":"SearchAction","target":{"@type":"EntryPoint","urlTemplate":"https:\/\/sticlutaesentiala.ro\/?s={search_term_string}"},"query-input":{"@type":"PropertyValueSpecification","valueRequired":true,"valueName":"search_term_string"}}],"inLanguage":"en-US"},{"@type":"Organization","@id":"https:\/\/sticlutaesentiala.ro\/#organization","name":"Sticluta Esentiala","url":"https:\/\/sticlutaesentiala.ro\/","logo":{"@type":"ImageObject","inLanguage":"en-US","@id":"https:\/\/sticlutaesentiala.ro\/#\/schema\/logo\/image\/","url":"https:\/\/sticlutaesentiala.ro\/wp-content\/uploads\/2024\/05\/logoHeader_02.png","contentUrl":"https:\/\/sticlutaesentiala.ro\/wp-content\/uploads\/2024\/05\/logoHeader_02.png","width":214,"height":116,"caption":"Sticluta Esentiala"},"image":{"@id":"https:\/\/sticlutaesentiala.ro\/#\/schema\/logo\/image\/"},"sameAs":["https:\/\/www.facebook.com\/groups\/sticlutaesentiala\/"]}]}},"_links":{"self":[{"href":"https:\/\/sticlutaesentiala.ro\/en\/wp-json\/wp\/v2\/product\/766","targetHints":{"allow":["GET"]}}],"collection":[{"href":"https:\/\/sticlutaesentiala.ro\/en\/wp-json\/wp\/v2\/product"}],"about":[{"href":"https:\/\/sticlutaesentiala.ro\/en\/wp-json\/wp\/v2\/types\/product"}],"replies":[{"embeddable":true,"href":"https:\/\/sticlutaesentiala.ro\/en\/wp-json\/wp\/v2\/comments?post=766"}],"wp:featuredmedia":[{"embeddable":true,"href":"https:\/\/sticlutaesentiala.ro\/en\/wp-json\/wp\/v2\/media\/767"}],"wp:attachment":[{"href":"https:\/\/sticlutaesentiala.ro\/en\/wp-json\/wp\/v2\/media?parent=766"}],"wp:term":[{"taxonomy":"product_brand","embeddable":true,"href":"https:\/\/sticlutaesentiala.ro\/en\/wp-json\/wp\/v2\/product_brand?post=766"},{"taxonomy":"product_cat","embeddable":true,"href":"https:\/\/sticlutaesentiala.ro\/en\/wp-json\/wp\/v2\/product_cat?post=766"},{"taxonomy":"product_tag","embeddable":true,"href":"https:\/\/sticlutaesentiala.ro\/en\/wp-json\/wp\/v2\/product_tag?post=766"}],"curies":[{"name":"wp","href":"https:\/\/api.w.org\/{rel}","templated":true}]}}