{"id":96,"date":"2023-06-08T08:38:12","date_gmt":"2023-06-08T08:38:12","guid":{"rendered":"http:\/\/dev.sticlutaesentiala.ro\/?page_id=96"},"modified":"2024-12-11T16:27:08","modified_gmt":"2024-12-11T16:27:08","slug":"despre-noi-uleiurile-esentiale","status":"publish","type":"page","link":"https:\/\/sticlutaesentiala.ro\/ro\/despre-noi-uleiurile-esentiale\/","title":{"rendered":"Despre noi &#038; Uleiurile esen\u021biale"},"content":{"rendered":"<section class=\"vc_section fullwidth vc_custom_1686922326007\"><div class=\"vc_row wpb_row vc_row-fluid\"><div class=\"wpb_column vc_column_container vc_col-sm-2 vc_hidden-sm vc_hidden-xs\"><div class=\"vc_column-inner\"><div class=\"wpb_wrapper\"><\/div><\/div><\/div><div class=\"wpb_column vc_column_container vc_col-sm-12 vc_col-md-8\"><div class=\"vc_column-inner\"><div class=\"wpb_wrapper\">\r\n\t<div class=\"wpb_text_column wpb_content_element \" >\r\n\t\t<div class=\"wpb_wrapper\">\r\n\t\t\t<p><strong class=\"semibold text-highlight text-purple\">Misiunea noastra<\/strong> este sa ajutam si sa invatam oamenii sa foloseasca solutii si remedii naturale pe baza de uleiuri esentiale cu inalt grad terapeutic (doTERRA). Iti vom prezenta produsele doTERRA si modurile de utilizare in siguranta, retete testate, povesti de success si in acelasi timp te invatam ce trebuie sa faci pentru a te bucura si tu de puterea uleiurilor esentiale terapeutice.<\/p>\n\r\n\t\t<\/div>\r\n\t<\/div>\r\n\r\n\t<div class=\"wpb_text_column wpb_content_element  vc_custom_1686918790182\" >\r\n\t\t<div class=\"wpb_wrapper\">\r\n\t\t\t<h4 class=\"essential-title mb-0 text-green\">Dar inainte de toate\u2026 <strong>Ce sunt Uleiurile Esentiale?<\/strong><\/h4>\n\r\n\t\t<\/div>\r\n\t<\/div>\r\n\r\n\t<div class=\"wpb_text_column wpb_content_element \" >\r\n\t\t<div class=\"wpb_wrapper\">\r\n\t\t\t<p>Uleiurile esentiale sunt substante volatile extrase din plante (radacini, frunze, scoarta sau tulpini de copaci, flori, seminte). Atunci cand mirosim un trandafir sau strangem in mana o frunza de menta de fapt simtit uleiul esential.<\/p>\n\r\n\t\t<\/div>\r\n\t<\/div>\r\n\r\n\t<div class=\"wpb_text_column wpb_content_element \" >\r\n\t\t<div class=\"wpb_wrapper\">\r\n\t\t\t<p>In natura uleiurile esentiale sunt de fapt sistemul de aparare al plantelor impotriva daunatorilor si parazitilor: sistemul imunitar al plantei.<\/p>\n\r\n\t\t<\/div>\r\n\t<\/div>\r\n\r\n\t<div class=\"wpb_text_column wpb_content_element \" >\r\n\t\t<div class=\"wpb_wrapper\">\r\n\t\t\t<p>Uleiurile esentiale doTERRA sunt extrem de concentrate si pure. Fiecare ulei esential contine pana la 300 de constituenti chimici naturali iar concentratia anumitor constituenti da potenta fiecarui ulei in parte.<\/p>\n\r\n\t\t<\/div>\r\n\t<\/div>\r\n\r\n\t<div class=\"wpb_text_column wpb_content_element  vc_custom_1686919355746\" >\r\n\t\t<div class=\"wpb_wrapper\">\r\n\t\t\t<h4 class=\"essential-title mb-0 text-purple\"><strong>Stiati ca?\u2026.<\/strong><\/h4>\n\r\n\t\t<\/div>\r\n\t<\/div>\r\n\r\n\t<div class=\"wpb_text_column wpb_content_element \" >\r\n\t\t<div class=\"wpb_wrapper\">\r\n\t\t\t<p>Uleiul de Tamaie (Frankinscence) de la doTERRA are 3 specii in componenta lui iar pentru ca acesta sa fie cu adevarat terapeutic a-pinene trebuie sa se regaseasca in proportie &lt;75%?<\/p>\n\r\n\t\t<\/div>\r\n\t<\/div>\r\n\r\n\t<div class=\"wpb_text_column wpb_content_element \" >\r\n\t\t<div class=\"wpb_wrapper\">\r\n\t\t\t<p>\u20261 picatura de ulei esential de menta are puterea a 27 cesti de ceai de menta?<\/p>\n\r\n\t\t<\/div>\r\n\t<\/div>\r\n<h3 style=\"text-align: center\" class=\"vc_custom_heading essential-title text-green vc_custom_1733934425551\" >Procesul de ob\u021binere a uleiurilor d\u014dTERRA<\/h3>\r\n\t<div  class=\"wpb_single_image wpb_content_element vc_align_center\">\r\n\t\t\r\n\t\t<figure class=\"wpb_wrapper vc_figure\">\r\n\t\t\t<div class=\"vc_single_image-wrapper   vc_box_border_grey\"><img loading=\"lazy\" decoding=\"async\" width=\"1169\" height=\"682\" src=\"https:\/\/sticlutaesentiala.ro\/wp-content\/uploads\/2023\/06\/ilustratie_Procesul-de-obtinere.webp\" class=\"vc_single_image-img attachment-full\" alt=\"ilustratie_Procesul-de-obtinere\" srcset=\"https:\/\/sticlutaesentiala.ro\/wp-content\/uploads\/2023\/06\/ilustratie_Procesul-de-obtinere.webp 1169w, https:\/\/sticlutaesentiala.ro\/wp-content\/uploads\/2023\/06\/ilustratie_Procesul-de-obtinere-300x175.webp 300w, https:\/\/sticlutaesentiala.ro\/wp-content\/uploads\/2023\/06\/ilustratie_Procesul-de-obtinere-768x448.webp 768w, https:\/\/sticlutaesentiala.ro\/wp-content\/uploads\/2023\/06\/ilustratie_Procesul-de-obtinere-1024x597.webp 1024w, https:\/\/sticlutaesentiala.ro\/wp-content\/uploads\/2023\/06\/ilustratie_Procesul-de-obtinere-18x12.webp 18w, https:\/\/sticlutaesentiala.ro\/wp-content\/uploads\/2023\/06\/ilustratie_Procesul-de-obtinere-600x350.webp 600w\" sizes=\"auto, (max-width: 1169px) 100vw, 1169px\" style=\"width:100%;height:58.34%;max-width:1169px;\" \/><\/div>\r\n\t\t<\/figure>\r\n\t<\/div>\r\n<h3 style=\"text-align: center\" class=\"vc_custom_heading essential-title vc_custom_1733934193378\" >Procesul tipic de intrare al uleiurilor esen\u021biale pe pia\u021ba de desfacere<\/h3>\r\n\t<div  class=\"wpb_single_image wpb_content_element vc_align_center\">\r\n\t\t\r\n\t\t<figure class=\"wpb_wrapper vc_figure\">\r\n\t\t\t<div class=\"vc_single_image-wrapper   vc_box_border_grey\"><img loading=\"lazy\" decoding=\"async\" width=\"1169\" height=\"583\" src=\"https:\/\/sticlutaesentiala.ro\/wp-content\/uploads\/2023\/06\/ilustratie_Procesul-tipic.webp\" class=\"vc_single_image-img attachment-full\" alt=\"ilustratie_Procesul-tipic\" srcset=\"https:\/\/sticlutaesentiala.ro\/wp-content\/uploads\/2023\/06\/ilustratie_Procesul-tipic.webp 1169w, https:\/\/sticlutaesentiala.ro\/wp-content\/uploads\/2023\/06\/ilustratie_Procesul-tipic-300x150.webp 300w, https:\/\/sticlutaesentiala.ro\/wp-content\/uploads\/2023\/06\/ilustratie_Procesul-tipic-768x383.webp 768w, https:\/\/sticlutaesentiala.ro\/wp-content\/uploads\/2023\/06\/ilustratie_Procesul-tipic-1024x511.webp 1024w, https:\/\/sticlutaesentiala.ro\/wp-content\/uploads\/2023\/06\/ilustratie_Procesul-tipic-18x9.webp 18w, https:\/\/sticlutaesentiala.ro\/wp-content\/uploads\/2023\/06\/ilustratie_Procesul-tipic-600x299.webp 600w\" sizes=\"auto, (max-width: 1169px) 100vw, 1169px\" style=\"width:100%;height:49.87%;max-width:1169px;\" \/><\/div>\r\n\t\t<\/figure>\r\n\t<\/div>\r\n<h3 style=\"text-align: center\" class=\"vc_custom_heading essential-title vc_custom_1733934212632\" >De ce s\u0103 alegem uleiuri esen\u021biale pure?<\/h3>\r\n\t<div class=\"wpb_text_column wpb_content_element \" >\r\n\t\t<div class=\"wpb_wrapper\">\r\n\t\t\t<p>1. Sunt antiinfec\u021bioase, antiseptice \u0219i antivirale, au propriet\u0103\u021bi cicatrizante, antidolorifice, antihemoragice, digestive, regleaz\u0103 imunitatea, hormonii \u0219i \u00eent\u0103resc vasele de s\u00e2nge.<\/p>\n\r\n\t\t<\/div>\r\n\t<\/div>\r\n\r\n\t<div class=\"wpb_text_column wpb_content_element \" >\r\n\t\t<div class=\"wpb_wrapper\">\r\n\t\t\t<p>2. Sunt adev\u0103rate antibiotice naturale, dovedindu-\u0219i eficacitatea \u00eenc\u0103 din 1887 (Chamberland a evaluat \u0219tiin\u021bific virtu\u021bile de antibiotic ale uleiurilor de oregano, cui\u0219oare \u0219i scor\u021bi\u0219oar\u0103 \u00eempotriva Bacilului anthracis). \u00cen cazul antibioticelor, organismul se obi\u0219nuie\u0219te cu ac\u021biunea lor, trebuie m\u0103rit\u0103 doza \u0219i efectele sunt devastatoare pentru organism. Dimpotriv\u0103, uleiurile pure, datorit\u0103 structurii lor cu cel pu\u021bin 200 substan\u021be active, lupt\u0103 eficient \u0219i ap\u0103r\u0103 organismul, nu provoac\u0103 obi\u0219nuin\u021b\u0103 \u0219i nu distrug flora intestinal\u0103, a\u0219a cum fac antibioticele clasice.<\/p>\n\r\n\t\t<\/div>\r\n\t<\/div>\r\n\r\n\t<div class=\"wpb_text_column wpb_content_element \" >\r\n\t\t<div class=\"wpb_wrapper\">\r\n\t\t\t<p>3. Uleiurile sunt antivirale, deci lupt\u0103 eficient \u00eempotriva virusurilor \u0219i, mai mult, prin ac\u021biunea lor \u00eempiedic\u0103 infec\u021biile. De exemplu, trat\u00e2nd gripa sau r\u0103ceala (virale), se evit\u0103 degenerarea \u00een bron\u0219ite sau sinuzite (bacteriene).<\/p>\n\r\n\t\t<\/div>\r\n\t<\/div>\r\n\r\n\t<div class=\"wpb_text_column wpb_content_element \" >\r\n\t\t<div class=\"wpb_wrapper\">\r\n\t\t\t<p>4. Stopeaz\u0103 germenii \u0219i o varietate de bacterii, av\u00e2nd o influen\u021b\u0103 pozitiv\u0103 asupra sistemului imunitar. Uleiuri esen\u021biale difuzate dezinfecteaz\u0103 o camer\u0103 \u00een mai pu\u021bin de 10 minute. Adio, germeni \u0219i bacterii nocive! Un studiu realizat \u00een Anglia la Universitatea Manchester, a ar\u0103tat c\u0103 dup\u0103 dezinfectarea cu uleiuri esen\u021biale nu a mai r\u0103mas niciun germen viu: Stafilococul auriu, Clostridium difficile, Escheria coli, etc.<\/p>\n\r\n\t\t<\/div>\r\n\t<\/div>\r\n\r\n\t<div class=\"wpb_text_column wpb_content_element \" >\r\n\t\t<div class=\"wpb_wrapper\">\r\n\t\t\t<p>5. Sunt peste 10000 de studii care atest\u0103 eficacitatea uleiurilor esen\u021biale. Ele au intrat pe u\u0219a principal\u0103 \u00een medicin\u0103 \u0219i continu\u0103 sa uimeasc\u0103!<\/p>\n\r\n\t\t<\/div>\r\n\t<\/div>\r\n<\/div><\/div><\/div><div class=\"wpb_column vc_column_container vc_col-sm-2 vc_hidden-sm vc_hidden-xs\"><div class=\"vc_column-inner\"><div class=\"wpb_wrapper\"><\/div><\/div><\/div><\/div><\/section><section class=\"vc_section fullwidth\"><div class=\"vc_row wpb_row vc_row-fluid blogs-heading vc_custom_1686817815011\"><div class=\"wpb_column vc_column_container vc_col-sm-4 vc_col-lg-4 vc_col-md-3 vc_hidden-sm vc_hidden-xs\"><div class=\"vc_column-inner\"><div class=\"wpb_wrapper\"><\/div><\/div><\/div><div class=\"wpb_column vc_column_container vc_col-sm-12 vc_col-lg-4 vc_col-md-6\"><div class=\"vc_column-inner\"><div class=\"wpb_wrapper\">\r\n\t<div class=\"wpb_text_column wpb_content_element \" >\r\n\t\t<div class=\"wpb_wrapper\">\r\n\t\t\t<script>(function() {\n\twindow.mc4wp = window.mc4wp || {\n\t\tlisteners: [],\n\t\tforms: {\n\t\t\ton: function(evt, cb) {\n\t\t\t\twindow.mc4wp.listeners.push(\n\t\t\t\t\t{\n\t\t\t\t\t\tevent   : evt,\n\t\t\t\t\t\tcallback: cb\n\t\t\t\t\t}\n\t\t\t\t);\n\t\t\t}\n\t\t}\n\t}\n})();\n<\/script><!-- Mailchimp for WordPress v4.12.1 - https:\/\/wordpress.org\/plugins\/mailchimp-for-wp\/ --><form id=\"mc4wp-form-1\" class=\"mc4wp-form mc4wp-form-970\" method=\"post\" data-id=\"970\" data-name=\"Aboneaz\u0103-te la newsletter\" ><div class=\"mc4wp-form-fields\"><center>\r\n<h3 class=\"essential-title\" style=\"text-align: center; margin-top: 35px;\" class=\"vc_custom_heading essential-title\">Aboneaz\u0103-te la newsletter<\/h3>\r\n\r\n<div class=\"wpb_text_column wpb_content_element\" style=\" margin-bottom: 35px;\">\r\n  <div class=\"wpb_wrapper\">\r\n    <p style=\"text-align: center;\">\u00cenregistreaz\u0103-te pentru a afla c\u00e2t mai multe despre Uleiurile Esen\u021biale Terapeutice<\/p>\r\n\r\n  <\/div>\r\n<\/div>\r\n\r\n<div class=\"wpb_raw_code wpb_content_element wpb_raw_html\" style=\" margin-bottom: 35px;\">\r\n  <div class=\"wpb_wrapper\">\r\n    <input type=\"email\" name=\"EMAIL\" placeholder=\"Adresa ta de e-mail\" required=\"\" class=\"newsletter-email-input\">\r\n  <\/div>\r\n<\/div>\r\n\r\n<div class=\"vc_btn3-container button-green medium vc_btn3-center vc_custom_1686818716067\"><button type=\"submit\" style=\"background-color:#51ba00; color:#ffffff;\" class=\"vc_general vc_btn3 vc_btn3-size-md vc_btn3-shape-round vc_btn3-style-custom vc_btn3-icon-right\">\u00cenregistreaz\u0103-te <i class=\"vc_btn3-icon fa fa-chevron-right\"><\/i><\/button><\/div>\r\n<\/center>\r\n<\/div><label style=\"display: none !important;\">Leave this field empty if you're human: <input type=\"text\" name=\"_mc4wp_honeypot\" value=\"\" tabindex=\"-1\" autocomplete=\"off\" \/><\/label><input type=\"hidden\" name=\"_mc4wp_timestamp\" value=\"1776312199\" \/><input type=\"hidden\" name=\"_mc4wp_form_id\" value=\"970\" \/><input type=\"hidden\" name=\"_mc4wp_form_element_id\" value=\"mc4wp-form-1\" \/><div class=\"mc4wp-response\"><\/div><\/form><!-- \/ Mailchimp for WordPress Plugin -->\n\r\n\t\t<\/div>\r\n\t<\/div>\r\n<\/div><\/div><\/div><div class=\"wpb_column vc_column_container vc_col-sm-4 vc_col-lg-4 vc_col-md-3 vc_hidden-sm vc_hidden-xs\"><div class=\"vc_column-inner\"><div class=\"wpb_wrapper\"><\/div><\/div><\/div><\/div><\/section>\n","protected":false},"excerpt":{"rendered":"Misiunea noastra este sa ajutam si sa invatam oamenii sa foloseasca solutii si remedii naturale pe baza de uleiuri esentiale cu inalt grad terapeutic (doTERRA). Iti vom prezenta produsele doTERRA si modurile de utilizare in siguranta, retete testate, povesti de success si in acelasi timp te invatam ce trebuie sa faci pentru a te bucura&hellip;","protected":false},"author":1,"featured_media":0,"parent":0,"menu_order":0,"comment_status":"closed","ping_status":"closed","template":"","meta":{"wprm-recipe-roundup-name":"","wprm-recipe-roundup-description":"","powered_cache_disable_cache":false,"powered_cache_disable_css_optimization":false,"footnotes":""},"class_list":["post-96","page","type-page","status-publish","hentry","entry"],"yoast_head":"<!-- This site is optimized with the Yoast SEO plugin v27.4 - https:\/\/yoast.com\/product\/yoast-seo-wordpress\/ -->\n<title>Despre noi &amp; Uleiurile esen\u021biale - Sticluta Esentiala<\/title>\n<meta name=\"description\" content=\"Despre noi &amp; Uleiurile esen\u021biale Sticluta Esentiala\" \/>\n<meta name=\"robots\" content=\"index, follow, max-snippet:-1, max-image-preview:large, max-video-preview:-1\" \/>\n<link rel=\"canonical\" href=\"https:\/\/sticlutaesentiala.ro\/ro\/despre-noi-uleiurile-esentiale\/\" \/>\n<meta property=\"og:locale\" content=\"ro_RO\" \/>\n<meta property=\"og:type\" content=\"article\" \/>\n<meta property=\"og:title\" content=\"Despre noi &amp; Uleiurile esen\u021biale - Sticluta Esentiala\" \/>\n<meta property=\"og:description\" content=\"Despre noi &amp; Uleiurile esen\u021biale Sticluta Esentiala\" \/>\n<meta property=\"og:url\" content=\"https:\/\/sticlutaesentiala.ro\/ro\/despre-noi-uleiurile-esentiale\/\" \/>\n<meta property=\"og:site_name\" content=\"Sticluta Esentiala\" \/>\n<meta property=\"article:publisher\" content=\"https:\/\/www.facebook.com\/groups\/sticlutaesentiala\/\" \/>\n<meta property=\"article:modified_time\" content=\"2024-12-11T16:27:08+00:00\" \/>\n<meta name=\"twitter:card\" content=\"summary_large_image\" \/>\n<meta name=\"twitter:label1\" content=\"Timp estimat pentru citire\" \/>\n\t<meta name=\"twitter:data1\" content=\"3 minute\" \/>\n<script type=\"application\/ld+json\" class=\"yoast-schema-graph\">{\"@context\":\"https:\\\/\\\/schema.org\",\"@graph\":[{\"@type\":\"WebPage\",\"@id\":\"https:\\\/\\\/sticlutaesentiala.ro\\\/despre-noi-uleiurile-esentiale\\\/\",\"url\":\"https:\\\/\\\/sticlutaesentiala.ro\\\/despre-noi-uleiurile-esentiale\\\/\",\"name\":\"Despre noi & Uleiurile esen\u021biale - Sticluta Esentiala\",\"isPartOf\":{\"@id\":\"https:\\\/\\\/sticlutaesentiala.ro\\\/#website\"},\"datePublished\":\"2023-06-08T08:38:12+00:00\",\"dateModified\":\"2024-12-11T16:27:08+00:00\",\"description\":\"Despre noi & Uleiurile esen\u021biale Sticluta Esentiala\",\"breadcrumb\":{\"@id\":\"https:\\\/\\\/sticlutaesentiala.ro\\\/despre-noi-uleiurile-esentiale\\\/#breadcrumb\"},\"inLanguage\":\"ro-RO\",\"potentialAction\":[{\"@type\":\"ReadAction\",\"target\":[\"https:\\\/\\\/sticlutaesentiala.ro\\\/despre-noi-uleiurile-esentiale\\\/\"]}]},{\"@type\":\"BreadcrumbList\",\"@id\":\"https:\\\/\\\/sticlutaesentiala.ro\\\/despre-noi-uleiurile-esentiale\\\/#breadcrumb\",\"itemListElement\":[{\"@type\":\"ListItem\",\"position\":1,\"name\":\"Prima pagin\u0103\",\"item\":\"https:\\\/\\\/sticlutaesentiala.ro\\\/\"},{\"@type\":\"ListItem\",\"position\":2,\"name\":\"Despre noi &#038; Uleiurile esen\u021biale\"}]},{\"@type\":\"WebSite\",\"@id\":\"https:\\\/\\\/sticlutaesentiala.ro\\\/#website\",\"url\":\"https:\\\/\\\/sticlutaesentiala.ro\\\/\",\"name\":\"Sticluta Esentiala\",\"description\":\"\",\"publisher\":{\"@id\":\"https:\\\/\\\/sticlutaesentiala.ro\\\/#organization\"},\"potentialAction\":[{\"@type\":\"SearchAction\",\"target\":{\"@type\":\"EntryPoint\",\"urlTemplate\":\"https:\\\/\\\/sticlutaesentiala.ro\\\/?s={search_term_string}\"},\"query-input\":{\"@type\":\"PropertyValueSpecification\",\"valueRequired\":true,\"valueName\":\"search_term_string\"}}],\"inLanguage\":\"ro-RO\"},{\"@type\":\"Organization\",\"@id\":\"https:\\\/\\\/sticlutaesentiala.ro\\\/#organization\",\"name\":\"Sticluta Esentiala\",\"url\":\"https:\\\/\\\/sticlutaesentiala.ro\\\/\",\"logo\":{\"@type\":\"ImageObject\",\"inLanguage\":\"ro-RO\",\"@id\":\"https:\\\/\\\/sticlutaesentiala.ro\\\/#\\\/schema\\\/logo\\\/image\\\/\",\"url\":\"https:\\\/\\\/sticlutaesentiala.ro\\\/wp-content\\\/uploads\\\/2024\\\/05\\\/logoHeader_02.png\",\"contentUrl\":\"https:\\\/\\\/sticlutaesentiala.ro\\\/wp-content\\\/uploads\\\/2024\\\/05\\\/logoHeader_02.png\",\"width\":214,\"height\":116,\"caption\":\"Sticluta Esentiala\"},\"image\":{\"@id\":\"https:\\\/\\\/sticlutaesentiala.ro\\\/#\\\/schema\\\/logo\\\/image\\\/\"},\"sameAs\":[\"https:\\\/\\\/www.facebook.com\\\/groups\\\/sticlutaesentiala\\\/\"]}]}<\/script>\n<!-- \/ Yoast SEO plugin. -->","yoast_head_json":{"title":"Despre noi & Uleiurile esen\u021biale - Sticluta Esentiala","description":"Despre noi & Uleiurile esen\u021biale Sticluta Esentiala","robots":{"index":"index","follow":"follow","max-snippet":"max-snippet:-1","max-image-preview":"max-image-preview:large","max-video-preview":"max-video-preview:-1"},"canonical":"https:\/\/sticlutaesentiala.ro\/ro\/despre-noi-uleiurile-esentiale\/","og_locale":"ro_RO","og_type":"article","og_title":"Despre noi & Uleiurile esen\u021biale - Sticluta Esentiala","og_description":"Despre noi & Uleiurile esen\u021biale Sticluta Esentiala","og_url":"https:\/\/sticlutaesentiala.ro\/ro\/despre-noi-uleiurile-esentiale\/","og_site_name":"Sticluta Esentiala","article_publisher":"https:\/\/www.facebook.com\/groups\/sticlutaesentiala\/","article_modified_time":"2024-12-11T16:27:08+00:00","twitter_card":"summary_large_image","twitter_misc":{"Timp estimat pentru citire":"3 minute"},"schema":{"@context":"https:\/\/schema.org","@graph":[{"@type":"WebPage","@id":"https:\/\/sticlutaesentiala.ro\/despre-noi-uleiurile-esentiale\/","url":"https:\/\/sticlutaesentiala.ro\/despre-noi-uleiurile-esentiale\/","name":"Despre noi & Uleiurile esen\u021biale - Sticluta Esentiala","isPartOf":{"@id":"https:\/\/sticlutaesentiala.ro\/#website"},"datePublished":"2023-06-08T08:38:12+00:00","dateModified":"2024-12-11T16:27:08+00:00","description":"Despre noi & Uleiurile esen\u021biale Sticluta Esentiala","breadcrumb":{"@id":"https:\/\/sticlutaesentiala.ro\/despre-noi-uleiurile-esentiale\/#breadcrumb"},"inLanguage":"ro-RO","potentialAction":[{"@type":"ReadAction","target":["https:\/\/sticlutaesentiala.ro\/despre-noi-uleiurile-esentiale\/"]}]},{"@type":"BreadcrumbList","@id":"https:\/\/sticlutaesentiala.ro\/despre-noi-uleiurile-esentiale\/#breadcrumb","itemListElement":[{"@type":"ListItem","position":1,"name":"Prima pagin\u0103","item":"https:\/\/sticlutaesentiala.ro\/"},{"@type":"ListItem","position":2,"name":"Despre noi &#038; Uleiurile esen\u021biale"}]},{"@type":"WebSite","@id":"https:\/\/sticlutaesentiala.ro\/#website","url":"https:\/\/sticlutaesentiala.ro\/","name":"Sticluta Esentiala","description":"","publisher":{"@id":"https:\/\/sticlutaesentiala.ro\/#organization"},"potentialAction":[{"@type":"SearchAction","target":{"@type":"EntryPoint","urlTemplate":"https:\/\/sticlutaesentiala.ro\/?s={search_term_string}"},"query-input":{"@type":"PropertyValueSpecification","valueRequired":true,"valueName":"search_term_string"}}],"inLanguage":"ro-RO"},{"@type":"Organization","@id":"https:\/\/sticlutaesentiala.ro\/#organization","name":"Sticluta Esentiala","url":"https:\/\/sticlutaesentiala.ro\/","logo":{"@type":"ImageObject","inLanguage":"ro-RO","@id":"https:\/\/sticlutaesentiala.ro\/#\/schema\/logo\/image\/","url":"https:\/\/sticlutaesentiala.ro\/wp-content\/uploads\/2024\/05\/logoHeader_02.png","contentUrl":"https:\/\/sticlutaesentiala.ro\/wp-content\/uploads\/2024\/05\/logoHeader_02.png","width":214,"height":116,"caption":"Sticluta Esentiala"},"image":{"@id":"https:\/\/sticlutaesentiala.ro\/#\/schema\/logo\/image\/"},"sameAs":["https:\/\/www.facebook.com\/groups\/sticlutaesentiala\/"]}]}},"_links":{"self":[{"href":"https:\/\/sticlutaesentiala.ro\/ro\/wp-json\/wp\/v2\/pages\/96","targetHints":{"allow":["GET"]}}],"collection":[{"href":"https:\/\/sticlutaesentiala.ro\/ro\/wp-json\/wp\/v2\/pages"}],"about":[{"href":"https:\/\/sticlutaesentiala.ro\/ro\/wp-json\/wp\/v2\/types\/page"}],"author":[{"embeddable":true,"href":"https:\/\/sticlutaesentiala.ro\/ro\/wp-json\/wp\/v2\/users\/1"}],"replies":[{"embeddable":true,"href":"https:\/\/sticlutaesentiala.ro\/ro\/wp-json\/wp\/v2\/comments?post=96"}],"version-history":[{"count":43,"href":"https:\/\/sticlutaesentiala.ro\/ro\/wp-json\/wp\/v2\/pages\/96\/revisions"}],"predecessor-version":[{"id":1026,"href":"https:\/\/sticlutaesentiala.ro\/ro\/wp-json\/wp\/v2\/pages\/96\/revisions\/1026"}],"wp:attachment":[{"href":"https:\/\/sticlutaesentiala.ro\/ro\/wp-json\/wp\/v2\/media?parent=96"}],"curies":[{"name":"wp","href":"https:\/\/api.w.org\/{rel}","templated":true}]}}