{"id":1090,"date":"2025-01-14T11:30:17","date_gmt":"2025-01-14T09:30:17","guid":{"rendered":"https:\/\/sticlutaesentiala.ro\/?post_type=product&#038;p=1090"},"modified":"2025-01-23T17:37:00","modified_gmt":"2025-01-23T15:37:00","slug":"complex-omega-cu-uleiuri-esentiale-iq-mega","status":"publish","type":"product","link":"https:\/\/sticlutaesentiala.ro\/ro\/product\/doterra-kids\/complex-omega-cu-uleiuri-esentiale-iq-mega\/","title":{"rendered":"Complex omega cu uleiuri esen\u0163iale IQ Mega\u2122"},"content":{"rendered":"","protected":false},"excerpt":{"rendered":"<p>Pre\u021buri cu TVA inclus.<\/p>\n<p>[product_attributes attributes=\"tip-recipient\"] [product_attributes attributes=\"continut\"]<\/p>\n<p>d\u014dTERRA IQ Mega \u00ee\u0219i preia gustul de pe\u0219te din uleiul de pe\u0219te \u0219i adaug\u0103 aroma proasp\u0103t\u0103 de portocal\u0103 a uleiului esen\u021bial d\u014dTERRA Portocal\u0103 s\u0103lbatic\u0103 CPTG\u2122 \u00een acest supliment ce con\u021bine omega 3, cu un gust excelent \u0219i u\u0219or de \u00eenghi\u021bit, oferind 1.300 mg de acizi gra\u0219i omega 3 concentra\u021bi pentru fiecare por\u021bie. IQ Mega este formulat pentru a fi utilizat zilnic de copii \u0219i adul\u021bi, \u00eempreun\u0103 cu tablete masticabile d\u014dTERRA a2z Chewable.<\/p>\n","protected":false},"featured_media":1092,"comment_status":"closed","ping_status":"closed","template":"","meta":{"wprm-recipe-roundup-name":"","wprm-recipe-roundup-description":"","powered_cache_disable_cache":false,"powered_cache_disable_css_optimization":false},"product_brand":[],"product_cat":[35,38],"product_tag":[],"class_list":{"0":"post-1090","1":"product","2":"type-product","3":"status-publish","4":"has-post-thumbnail","6":"product_cat-doterra-kids","7":"product_cat-suplimente-specializate","8":"entry","10":"first","11":"instock","12":"shipping-taxable","13":"purchasable","14":"product-type-simple","15":"add-to-wishlist-before_image","16":"berocket_lgv_grid","17":"berocket_lgv_list_grid"},"yoast_head":"<!-- This site is optimized with the Yoast SEO plugin v27.4 - https:\/\/yoast.com\/product\/yoast-seo-wordpress\/ -->\n<title>Complex omega cu uleiuri esen\u0163iale IQ Mega\u2122 - Sticluta Esentiala<\/title>\n<meta name=\"description\" content=\"Complex omega cu uleiuri esen\u0163iale IQ Mega\u2122 - Sticluta Esentiala\" \/>\n<meta name=\"robots\" content=\"index, follow, max-snippet:-1, max-image-preview:large, max-video-preview:-1\" \/>\n<link rel=\"canonical\" href=\"https:\/\/sticlutaesentiala.ro\/ro\/product\/doterra-kids\/complex-omega-cu-uleiuri-esentiale-iq-mega\/\" \/>\n<meta property=\"og:locale\" content=\"ro_RO\" \/>\n<meta property=\"og:type\" content=\"article\" \/>\n<meta property=\"og:title\" content=\"Complex omega cu uleiuri esen\u0163iale IQ Mega\u2122 - Sticluta Esentiala\" \/>\n<meta property=\"og:description\" content=\"Complex omega cu uleiuri esen\u0163iale IQ Mega\u2122 - Sticluta Esentiala\" \/>\n<meta property=\"og:url\" content=\"https:\/\/sticlutaesentiala.ro\/ro\/product\/doterra-kids\/complex-omega-cu-uleiuri-esentiale-iq-mega\/\" \/>\n<meta property=\"og:site_name\" content=\"Sticluta Esentiala\" \/>\n<meta property=\"article:publisher\" content=\"https:\/\/www.facebook.com\/groups\/sticlutaesentiala\/\" \/>\n<meta property=\"article:modified_time\" content=\"2025-01-23T15:37:00+00:00\" \/>\n<meta property=\"og:image\" content=\"https:\/\/sticlutaesentiala.ro\/wp-content\/uploads\/2025\/01\/iq-mega-508x1350-1.webp\" \/>\n\t<meta property=\"og:image:width\" content=\"508\" \/>\n\t<meta property=\"og:image:height\" content=\"1350\" \/>\n\t<meta property=\"og:image:type\" content=\"image\/webp\" \/>\n<meta name=\"twitter:card\" content=\"summary_large_image\" \/>\n<meta name=\"twitter:label1\" content=\"Timp estimat pentru citire\" \/>\n\t<meta name=\"twitter:data1\" content=\"1 minut\" \/>\n<script type=\"application\/ld+json\" class=\"yoast-schema-graph\">{\"@context\":\"https:\\\/\\\/schema.org\",\"@graph\":[{\"@type\":\"WebPage\",\"@id\":\"https:\\\/\\\/sticlutaesentiala.ro\\\/product\\\/doterra-kids\\\/complex-omega-cu-uleiuri-esentiale-iq-mega\\\/\",\"url\":\"https:\\\/\\\/sticlutaesentiala.ro\\\/product\\\/doterra-kids\\\/complex-omega-cu-uleiuri-esentiale-iq-mega\\\/\",\"name\":\"Complex omega cu uleiuri esen\u0163iale IQ Mega\u2122 - Sticluta Esentiala\",\"isPartOf\":{\"@id\":\"https:\\\/\\\/sticlutaesentiala.ro\\\/#website\"},\"primaryImageOfPage\":{\"@id\":\"https:\\\/\\\/sticlutaesentiala.ro\\\/product\\\/doterra-kids\\\/complex-omega-cu-uleiuri-esentiale-iq-mega\\\/#primaryimage\"},\"image\":{\"@id\":\"https:\\\/\\\/sticlutaesentiala.ro\\\/product\\\/doterra-kids\\\/complex-omega-cu-uleiuri-esentiale-iq-mega\\\/#primaryimage\"},\"thumbnailUrl\":\"https:\\\/\\\/sticlutaesentiala.ro\\\/wp-content\\\/uploads\\\/2025\\\/01\\\/iq-mega-508x1350-1.webp\",\"datePublished\":\"2025-01-14T09:30:17+00:00\",\"dateModified\":\"2025-01-23T15:37:00+00:00\",\"description\":\"Complex omega cu uleiuri esen\u0163iale IQ Mega\u2122 - Sticluta Esentiala\",\"breadcrumb\":{\"@id\":\"https:\\\/\\\/sticlutaesentiala.ro\\\/product\\\/doterra-kids\\\/complex-omega-cu-uleiuri-esentiale-iq-mega\\\/#breadcrumb\"},\"inLanguage\":\"ro-RO\",\"potentialAction\":[{\"@type\":\"ReadAction\",\"target\":[\"https:\\\/\\\/sticlutaesentiala.ro\\\/product\\\/doterra-kids\\\/complex-omega-cu-uleiuri-esentiale-iq-mega\\\/\"]}]},{\"@type\":\"ImageObject\",\"inLanguage\":\"ro-RO\",\"@id\":\"https:\\\/\\\/sticlutaesentiala.ro\\\/product\\\/doterra-kids\\\/complex-omega-cu-uleiuri-esentiale-iq-mega\\\/#primaryimage\",\"url\":\"https:\\\/\\\/sticlutaesentiala.ro\\\/wp-content\\\/uploads\\\/2025\\\/01\\\/iq-mega-508x1350-1.webp\",\"contentUrl\":\"https:\\\/\\\/sticlutaesentiala.ro\\\/wp-content\\\/uploads\\\/2025\\\/01\\\/iq-mega-508x1350-1.webp\",\"width\":508,\"height\":1350,\"caption\":\"iq-mega-508x1350\"},{\"@type\":\"BreadcrumbList\",\"@id\":\"https:\\\/\\\/sticlutaesentiala.ro\\\/product\\\/doterra-kids\\\/complex-omega-cu-uleiuri-esentiale-iq-mega\\\/#breadcrumb\",\"itemListElement\":[{\"@type\":\"ListItem\",\"position\":1,\"name\":\"Prima pagin\u0103\",\"item\":\"https:\\\/\\\/sticlutaesentiala.ro\\\/\"},{\"@type\":\"ListItem\",\"position\":2,\"name\":\"Complex omega cu uleiuri esen\u0163iale IQ Mega\u2122\"}]},{\"@type\":\"WebSite\",\"@id\":\"https:\\\/\\\/sticlutaesentiala.ro\\\/#website\",\"url\":\"https:\\\/\\\/sticlutaesentiala.ro\\\/\",\"name\":\"Sticluta Esentiala\",\"description\":\"\",\"publisher\":{\"@id\":\"https:\\\/\\\/sticlutaesentiala.ro\\\/#organization\"},\"potentialAction\":[{\"@type\":\"SearchAction\",\"target\":{\"@type\":\"EntryPoint\",\"urlTemplate\":\"https:\\\/\\\/sticlutaesentiala.ro\\\/?s={search_term_string}\"},\"query-input\":{\"@type\":\"PropertyValueSpecification\",\"valueRequired\":true,\"valueName\":\"search_term_string\"}}],\"inLanguage\":\"ro-RO\"},{\"@type\":\"Organization\",\"@id\":\"https:\\\/\\\/sticlutaesentiala.ro\\\/#organization\",\"name\":\"Sticluta Esentiala\",\"url\":\"https:\\\/\\\/sticlutaesentiala.ro\\\/\",\"logo\":{\"@type\":\"ImageObject\",\"inLanguage\":\"ro-RO\",\"@id\":\"https:\\\/\\\/sticlutaesentiala.ro\\\/#\\\/schema\\\/logo\\\/image\\\/\",\"url\":\"https:\\\/\\\/sticlutaesentiala.ro\\\/wp-content\\\/uploads\\\/2024\\\/05\\\/logoHeader_02.png\",\"contentUrl\":\"https:\\\/\\\/sticlutaesentiala.ro\\\/wp-content\\\/uploads\\\/2024\\\/05\\\/logoHeader_02.png\",\"width\":214,\"height\":116,\"caption\":\"Sticluta Esentiala\"},\"image\":{\"@id\":\"https:\\\/\\\/sticlutaesentiala.ro\\\/#\\\/schema\\\/logo\\\/image\\\/\"},\"sameAs\":[\"https:\\\/\\\/www.facebook.com\\\/groups\\\/sticlutaesentiala\\\/\"]}]}<\/script>\n<!-- \/ Yoast SEO plugin. -->","yoast_head_json":{"title":"Complex omega cu uleiuri esen\u0163iale IQ Mega\u2122 - Sticluta Esentiala","description":"Complex omega cu uleiuri esen\u0163iale IQ Mega\u2122 - Sticluta Esentiala","robots":{"index":"index","follow":"follow","max-snippet":"max-snippet:-1","max-image-preview":"max-image-preview:large","max-video-preview":"max-video-preview:-1"},"canonical":"https:\/\/sticlutaesentiala.ro\/ro\/product\/doterra-kids\/complex-omega-cu-uleiuri-esentiale-iq-mega\/","og_locale":"ro_RO","og_type":"article","og_title":"Complex omega cu uleiuri esen\u0163iale IQ Mega\u2122 - Sticluta Esentiala","og_description":"Complex omega cu uleiuri esen\u0163iale IQ Mega\u2122 - Sticluta Esentiala","og_url":"https:\/\/sticlutaesentiala.ro\/ro\/product\/doterra-kids\/complex-omega-cu-uleiuri-esentiale-iq-mega\/","og_site_name":"Sticluta Esentiala","article_publisher":"https:\/\/www.facebook.com\/groups\/sticlutaesentiala\/","article_modified_time":"2025-01-23T15:37:00+00:00","og_image":[{"width":508,"height":1350,"url":"https:\/\/sticlutaesentiala.ro\/wp-content\/uploads\/2025\/01\/iq-mega-508x1350-1.webp","type":"image\/webp"}],"twitter_card":"summary_large_image","twitter_misc":{"Timp estimat pentru citire":"1 minut"},"schema":{"@context":"https:\/\/schema.org","@graph":[{"@type":"WebPage","@id":"https:\/\/sticlutaesentiala.ro\/product\/doterra-kids\/complex-omega-cu-uleiuri-esentiale-iq-mega\/","url":"https:\/\/sticlutaesentiala.ro\/product\/doterra-kids\/complex-omega-cu-uleiuri-esentiale-iq-mega\/","name":"Complex omega cu uleiuri esen\u0163iale IQ Mega\u2122 - Sticluta Esentiala","isPartOf":{"@id":"https:\/\/sticlutaesentiala.ro\/#website"},"primaryImageOfPage":{"@id":"https:\/\/sticlutaesentiala.ro\/product\/doterra-kids\/complex-omega-cu-uleiuri-esentiale-iq-mega\/#primaryimage"},"image":{"@id":"https:\/\/sticlutaesentiala.ro\/product\/doterra-kids\/complex-omega-cu-uleiuri-esentiale-iq-mega\/#primaryimage"},"thumbnailUrl":"https:\/\/sticlutaesentiala.ro\/wp-content\/uploads\/2025\/01\/iq-mega-508x1350-1.webp","datePublished":"2025-01-14T09:30:17+00:00","dateModified":"2025-01-23T15:37:00+00:00","description":"Complex omega cu uleiuri esen\u0163iale IQ Mega\u2122 - Sticluta Esentiala","breadcrumb":{"@id":"https:\/\/sticlutaesentiala.ro\/product\/doterra-kids\/complex-omega-cu-uleiuri-esentiale-iq-mega\/#breadcrumb"},"inLanguage":"ro-RO","potentialAction":[{"@type":"ReadAction","target":["https:\/\/sticlutaesentiala.ro\/product\/doterra-kids\/complex-omega-cu-uleiuri-esentiale-iq-mega\/"]}]},{"@type":"ImageObject","inLanguage":"ro-RO","@id":"https:\/\/sticlutaesentiala.ro\/product\/doterra-kids\/complex-omega-cu-uleiuri-esentiale-iq-mega\/#primaryimage","url":"https:\/\/sticlutaesentiala.ro\/wp-content\/uploads\/2025\/01\/iq-mega-508x1350-1.webp","contentUrl":"https:\/\/sticlutaesentiala.ro\/wp-content\/uploads\/2025\/01\/iq-mega-508x1350-1.webp","width":508,"height":1350,"caption":"iq-mega-508x1350"},{"@type":"BreadcrumbList","@id":"https:\/\/sticlutaesentiala.ro\/product\/doterra-kids\/complex-omega-cu-uleiuri-esentiale-iq-mega\/#breadcrumb","itemListElement":[{"@type":"ListItem","position":1,"name":"Prima pagin\u0103","item":"https:\/\/sticlutaesentiala.ro\/"},{"@type":"ListItem","position":2,"name":"Complex omega cu uleiuri esen\u0163iale IQ Mega\u2122"}]},{"@type":"WebSite","@id":"https:\/\/sticlutaesentiala.ro\/#website","url":"https:\/\/sticlutaesentiala.ro\/","name":"Sticluta Esentiala","description":"","publisher":{"@id":"https:\/\/sticlutaesentiala.ro\/#organization"},"potentialAction":[{"@type":"SearchAction","target":{"@type":"EntryPoint","urlTemplate":"https:\/\/sticlutaesentiala.ro\/?s={search_term_string}"},"query-input":{"@type":"PropertyValueSpecification","valueRequired":true,"valueName":"search_term_string"}}],"inLanguage":"ro-RO"},{"@type":"Organization","@id":"https:\/\/sticlutaesentiala.ro\/#organization","name":"Sticluta Esentiala","url":"https:\/\/sticlutaesentiala.ro\/","logo":{"@type":"ImageObject","inLanguage":"ro-RO","@id":"https:\/\/sticlutaesentiala.ro\/#\/schema\/logo\/image\/","url":"https:\/\/sticlutaesentiala.ro\/wp-content\/uploads\/2024\/05\/logoHeader_02.png","contentUrl":"https:\/\/sticlutaesentiala.ro\/wp-content\/uploads\/2024\/05\/logoHeader_02.png","width":214,"height":116,"caption":"Sticluta Esentiala"},"image":{"@id":"https:\/\/sticlutaesentiala.ro\/#\/schema\/logo\/image\/"},"sameAs":["https:\/\/www.facebook.com\/groups\/sticlutaesentiala\/"]}]}},"_links":{"self":[{"href":"https:\/\/sticlutaesentiala.ro\/ro\/wp-json\/wp\/v2\/product\/1090","targetHints":{"allow":["GET"]}}],"collection":[{"href":"https:\/\/sticlutaesentiala.ro\/ro\/wp-json\/wp\/v2\/product"}],"about":[{"href":"https:\/\/sticlutaesentiala.ro\/ro\/wp-json\/wp\/v2\/types\/product"}],"replies":[{"embeddable":true,"href":"https:\/\/sticlutaesentiala.ro\/ro\/wp-json\/wp\/v2\/comments?post=1090"}],"wp:featuredmedia":[{"embeddable":true,"href":"https:\/\/sticlutaesentiala.ro\/ro\/wp-json\/wp\/v2\/media\/1092"}],"wp:attachment":[{"href":"https:\/\/sticlutaesentiala.ro\/ro\/wp-json\/wp\/v2\/media?parent=1090"}],"wp:term":[{"taxonomy":"product_brand","embeddable":true,"href":"https:\/\/sticlutaesentiala.ro\/ro\/wp-json\/wp\/v2\/product_brand?post=1090"},{"taxonomy":"product_cat","embeddable":true,"href":"https:\/\/sticlutaesentiala.ro\/ro\/wp-json\/wp\/v2\/product_cat?post=1090"},{"taxonomy":"product_tag","embeddable":true,"href":"https:\/\/sticlutaesentiala.ro\/ro\/wp-json\/wp\/v2\/product_tag?post=1090"}],"curies":[{"name":"wp","href":"https:\/\/api.w.org\/{rel}","templated":true}]}}