{"id":1155,"date":"2025-01-15T13:19:11","date_gmt":"2025-01-15T11:19:11","guid":{"rendered":"https:\/\/sticlutaesentiala.ro\/?post_type=product&#038;p=1155"},"modified":"2025-01-15T13:25:56","modified_gmt":"2025-01-15T11:25:56","slug":"deep-blue-rub","status":"publish","type":"product","link":"https:\/\/sticlutaesentiala.ro\/ro\/product\/gama-deep-blue\/deep-blue-rub\/","title":{"rendered":"Deep Blue\u2122 Rub"},"content":{"rendered":"","protected":false},"excerpt":{"rendered":"<p>Pre\u021buri cu TVA inclus.<\/p>\n<p>[product_attributes attributes=\"tip-recipient\"] [product_attributes attributes=\"continut\"]<\/p>\n<p>Unguentul Deep Blue este o crem\u0103 ce se aplic\u0103 la nivel topic, formulat\u0103 cu amestec de ulei esen\u021bial d\u014dTERRA Deep Blue\u0219i extractenaturale din plante,ce ajut\u0103 zonele problematice. Unguentul Deep Blue con\u021bine un amestec de uleiuri esen\u021biale cunoscute pentru sus\u021binerea \u0219i revigorarea articula\u021biilor \u0219i a musculaturii. O combina\u021bie de Rozmarin din Spania \u2013 bogat \u00een camfor \u2013 Ment\u0103 Japonez\u0103, Anason Stelat, Ment\u0103 \u0219i Arbore de Ceai conlucreaz\u0103 pentru a-\u021bi oferi un efect de r\u0103corire a pielii. Ad\u0103ugarea de Copaiba \u00eei confer\u0103 propriet\u0103\u021bi care sprijin\u0103 aspectul s\u0103n\u0103tos al pielii, combinate cu ac\u021biunea de calmare a uleiului de Ment\u0103 Citrat\u0103. Aceste uleiuri esen\u021biale au un efect calmant la nivelul spatelui, membrelor inferioare \u0219i picioarelor, \u00een special dup\u0103 un antrenament intens.<\/p>\n","protected":false},"featured_media":1157,"comment_status":"closed","ping_status":"closed","template":"","meta":{"wprm-recipe-roundup-name":"","wprm-recipe-roundup-description":"","powered_cache_disable_cache":false,"powered_cache_disable_css_optimization":false},"product_brand":[],"product_cat":[26],"product_tag":[],"class_list":{"0":"post-1155","1":"product","2":"type-product","3":"status-publish","4":"has-post-thumbnail","6":"product_cat-gama-deep-blue","7":"entry","9":"first","10":"instock","11":"shipping-taxable","12":"purchasable","13":"product-type-simple","14":"add-to-wishlist-before_image","15":"berocket_lgv_grid","16":"berocket_lgv_list_grid"},"yoast_head":"<!-- This site is optimized with the Yoast SEO plugin v27.3 - https:\/\/yoast.com\/product\/yoast-seo-wordpress\/ -->\n<title>Deep Blue\u2122 Rub - Sticluta Esentiala<\/title>\n<meta name=\"description\" content=\"Deep Blue\u2122 Rub - Sticluta Esentiala\" \/>\n<meta name=\"robots\" content=\"index, follow, max-snippet:-1, max-image-preview:large, max-video-preview:-1\" \/>\n<link rel=\"canonical\" href=\"https:\/\/sticlutaesentiala.ro\/ro\/product\/gama-deep-blue\/deep-blue-rub\/\" \/>\n<meta property=\"og:locale\" content=\"ro_RO\" \/>\n<meta property=\"og:type\" content=\"article\" \/>\n<meta property=\"og:title\" content=\"Deep Blue\u2122 Rub - Sticluta Esentiala\" \/>\n<meta property=\"og:description\" content=\"Deep Blue\u2122 Rub - Sticluta Esentiala\" \/>\n<meta property=\"og:url\" content=\"https:\/\/sticlutaesentiala.ro\/ro\/product\/gama-deep-blue\/deep-blue-rub\/\" \/>\n<meta property=\"og:site_name\" content=\"Sticluta Esentiala\" \/>\n<meta property=\"article:publisher\" content=\"https:\/\/www.facebook.com\/groups\/sticlutaesentiala\/\" \/>\n<meta property=\"article:modified_time\" content=\"2025-01-15T11:25:56+00:00\" \/>\n<meta property=\"og:image\" content=\"https:\/\/sticlutaesentiala.ro\/wp-content\/uploads\/2025\/01\/deepbluerub-1720z1350.webp\" \/>\n\t<meta property=\"og:image:width\" content=\"448\" \/>\n\t<meta property=\"og:image:height\" content=\"1350\" \/>\n\t<meta property=\"og:image:type\" content=\"image\/webp\" \/>\n<meta name=\"twitter:card\" content=\"summary_large_image\" \/>\n<meta name=\"twitter:label1\" content=\"Timp estimat pentru citire\" \/>\n\t<meta name=\"twitter:data1\" content=\"1 minut\" \/>\n<script type=\"application\/ld+json\" class=\"yoast-schema-graph\">{\"@context\":\"https:\\\/\\\/schema.org\",\"@graph\":[{\"@type\":\"WebPage\",\"@id\":\"https:\\\/\\\/sticlutaesentiala.ro\\\/product\\\/gama-deep-blue\\\/deep-blue-rub\\\/\",\"url\":\"https:\\\/\\\/sticlutaesentiala.ro\\\/product\\\/gama-deep-blue\\\/deep-blue-rub\\\/\",\"name\":\"Deep Blue\u2122 Rub - Sticluta Esentiala\",\"isPartOf\":{\"@id\":\"https:\\\/\\\/sticlutaesentiala.ro\\\/#website\"},\"primaryImageOfPage\":{\"@id\":\"https:\\\/\\\/sticlutaesentiala.ro\\\/product\\\/gama-deep-blue\\\/deep-blue-rub\\\/#primaryimage\"},\"image\":{\"@id\":\"https:\\\/\\\/sticlutaesentiala.ro\\\/product\\\/gama-deep-blue\\\/deep-blue-rub\\\/#primaryimage\"},\"thumbnailUrl\":\"https:\\\/\\\/sticlutaesentiala.ro\\\/wp-content\\\/uploads\\\/2025\\\/01\\\/deepbluerub-1720z1350.webp\",\"datePublished\":\"2025-01-15T11:19:11+00:00\",\"dateModified\":\"2025-01-15T11:25:56+00:00\",\"description\":\"Deep Blue\u2122 Rub - Sticluta Esentiala\",\"breadcrumb\":{\"@id\":\"https:\\\/\\\/sticlutaesentiala.ro\\\/product\\\/gama-deep-blue\\\/deep-blue-rub\\\/#breadcrumb\"},\"inLanguage\":\"ro-RO\",\"potentialAction\":[{\"@type\":\"ReadAction\",\"target\":[\"https:\\\/\\\/sticlutaesentiala.ro\\\/product\\\/gama-deep-blue\\\/deep-blue-rub\\\/\"]}]},{\"@type\":\"ImageObject\",\"inLanguage\":\"ro-RO\",\"@id\":\"https:\\\/\\\/sticlutaesentiala.ro\\\/product\\\/gama-deep-blue\\\/deep-blue-rub\\\/#primaryimage\",\"url\":\"https:\\\/\\\/sticlutaesentiala.ro\\\/wp-content\\\/uploads\\\/2025\\\/01\\\/deepbluerub-1720z1350.webp\",\"contentUrl\":\"https:\\\/\\\/sticlutaesentiala.ro\\\/wp-content\\\/uploads\\\/2025\\\/01\\\/deepbluerub-1720z1350.webp\",\"width\":448,\"height\":1350,\"caption\":\"deepbluerub-1720z1350\"},{\"@type\":\"BreadcrumbList\",\"@id\":\"https:\\\/\\\/sticlutaesentiala.ro\\\/product\\\/gama-deep-blue\\\/deep-blue-rub\\\/#breadcrumb\",\"itemListElement\":[{\"@type\":\"ListItem\",\"position\":1,\"name\":\"Prima pagin\u0103\",\"item\":\"https:\\\/\\\/sticlutaesentiala.ro\\\/\"},{\"@type\":\"ListItem\",\"position\":2,\"name\":\"Deep Blue\u2122 Rub\"}]},{\"@type\":\"WebSite\",\"@id\":\"https:\\\/\\\/sticlutaesentiala.ro\\\/#website\",\"url\":\"https:\\\/\\\/sticlutaesentiala.ro\\\/\",\"name\":\"Sticluta Esentiala\",\"description\":\"\",\"publisher\":{\"@id\":\"https:\\\/\\\/sticlutaesentiala.ro\\\/#organization\"},\"potentialAction\":[{\"@type\":\"SearchAction\",\"target\":{\"@type\":\"EntryPoint\",\"urlTemplate\":\"https:\\\/\\\/sticlutaesentiala.ro\\\/?s={search_term_string}\"},\"query-input\":{\"@type\":\"PropertyValueSpecification\",\"valueRequired\":true,\"valueName\":\"search_term_string\"}}],\"inLanguage\":\"ro-RO\"},{\"@type\":\"Organization\",\"@id\":\"https:\\\/\\\/sticlutaesentiala.ro\\\/#organization\",\"name\":\"Sticluta Esentiala\",\"url\":\"https:\\\/\\\/sticlutaesentiala.ro\\\/\",\"logo\":{\"@type\":\"ImageObject\",\"inLanguage\":\"ro-RO\",\"@id\":\"https:\\\/\\\/sticlutaesentiala.ro\\\/#\\\/schema\\\/logo\\\/image\\\/\",\"url\":\"https:\\\/\\\/sticlutaesentiala.ro\\\/wp-content\\\/uploads\\\/2024\\\/05\\\/logoHeader_02.png\",\"contentUrl\":\"https:\\\/\\\/sticlutaesentiala.ro\\\/wp-content\\\/uploads\\\/2024\\\/05\\\/logoHeader_02.png\",\"width\":214,\"height\":116,\"caption\":\"Sticluta Esentiala\"},\"image\":{\"@id\":\"https:\\\/\\\/sticlutaesentiala.ro\\\/#\\\/schema\\\/logo\\\/image\\\/\"},\"sameAs\":[\"https:\\\/\\\/www.facebook.com\\\/groups\\\/sticlutaesentiala\\\/\"]}]}<\/script>\n<!-- \/ Yoast SEO plugin. -->","yoast_head_json":{"title":"Deep Blue\u2122 Rub - Sticluta Esentiala","description":"Deep Blue\u2122 Rub - Sticluta Esentiala","robots":{"index":"index","follow":"follow","max-snippet":"max-snippet:-1","max-image-preview":"max-image-preview:large","max-video-preview":"max-video-preview:-1"},"canonical":"https:\/\/sticlutaesentiala.ro\/ro\/product\/gama-deep-blue\/deep-blue-rub\/","og_locale":"ro_RO","og_type":"article","og_title":"Deep Blue\u2122 Rub - Sticluta Esentiala","og_description":"Deep Blue\u2122 Rub - Sticluta Esentiala","og_url":"https:\/\/sticlutaesentiala.ro\/ro\/product\/gama-deep-blue\/deep-blue-rub\/","og_site_name":"Sticluta Esentiala","article_publisher":"https:\/\/www.facebook.com\/groups\/sticlutaesentiala\/","article_modified_time":"2025-01-15T11:25:56+00:00","og_image":[{"width":448,"height":1350,"url":"https:\/\/sticlutaesentiala.ro\/wp-content\/uploads\/2025\/01\/deepbluerub-1720z1350.webp","type":"image\/webp"}],"twitter_card":"summary_large_image","twitter_misc":{"Timp estimat pentru citire":"1 minut"},"schema":{"@context":"https:\/\/schema.org","@graph":[{"@type":"WebPage","@id":"https:\/\/sticlutaesentiala.ro\/product\/gama-deep-blue\/deep-blue-rub\/","url":"https:\/\/sticlutaesentiala.ro\/product\/gama-deep-blue\/deep-blue-rub\/","name":"Deep Blue\u2122 Rub - Sticluta Esentiala","isPartOf":{"@id":"https:\/\/sticlutaesentiala.ro\/#website"},"primaryImageOfPage":{"@id":"https:\/\/sticlutaesentiala.ro\/product\/gama-deep-blue\/deep-blue-rub\/#primaryimage"},"image":{"@id":"https:\/\/sticlutaesentiala.ro\/product\/gama-deep-blue\/deep-blue-rub\/#primaryimage"},"thumbnailUrl":"https:\/\/sticlutaesentiala.ro\/wp-content\/uploads\/2025\/01\/deepbluerub-1720z1350.webp","datePublished":"2025-01-15T11:19:11+00:00","dateModified":"2025-01-15T11:25:56+00:00","description":"Deep Blue\u2122 Rub - Sticluta Esentiala","breadcrumb":{"@id":"https:\/\/sticlutaesentiala.ro\/product\/gama-deep-blue\/deep-blue-rub\/#breadcrumb"},"inLanguage":"ro-RO","potentialAction":[{"@type":"ReadAction","target":["https:\/\/sticlutaesentiala.ro\/product\/gama-deep-blue\/deep-blue-rub\/"]}]},{"@type":"ImageObject","inLanguage":"ro-RO","@id":"https:\/\/sticlutaesentiala.ro\/product\/gama-deep-blue\/deep-blue-rub\/#primaryimage","url":"https:\/\/sticlutaesentiala.ro\/wp-content\/uploads\/2025\/01\/deepbluerub-1720z1350.webp","contentUrl":"https:\/\/sticlutaesentiala.ro\/wp-content\/uploads\/2025\/01\/deepbluerub-1720z1350.webp","width":448,"height":1350,"caption":"deepbluerub-1720z1350"},{"@type":"BreadcrumbList","@id":"https:\/\/sticlutaesentiala.ro\/product\/gama-deep-blue\/deep-blue-rub\/#breadcrumb","itemListElement":[{"@type":"ListItem","position":1,"name":"Prima pagin\u0103","item":"https:\/\/sticlutaesentiala.ro\/"},{"@type":"ListItem","position":2,"name":"Deep Blue\u2122 Rub"}]},{"@type":"WebSite","@id":"https:\/\/sticlutaesentiala.ro\/#website","url":"https:\/\/sticlutaesentiala.ro\/","name":"Sticluta Esentiala","description":"","publisher":{"@id":"https:\/\/sticlutaesentiala.ro\/#organization"},"potentialAction":[{"@type":"SearchAction","target":{"@type":"EntryPoint","urlTemplate":"https:\/\/sticlutaesentiala.ro\/?s={search_term_string}"},"query-input":{"@type":"PropertyValueSpecification","valueRequired":true,"valueName":"search_term_string"}}],"inLanguage":"ro-RO"},{"@type":"Organization","@id":"https:\/\/sticlutaesentiala.ro\/#organization","name":"Sticluta Esentiala","url":"https:\/\/sticlutaesentiala.ro\/","logo":{"@type":"ImageObject","inLanguage":"ro-RO","@id":"https:\/\/sticlutaesentiala.ro\/#\/schema\/logo\/image\/","url":"https:\/\/sticlutaesentiala.ro\/wp-content\/uploads\/2024\/05\/logoHeader_02.png","contentUrl":"https:\/\/sticlutaesentiala.ro\/wp-content\/uploads\/2024\/05\/logoHeader_02.png","width":214,"height":116,"caption":"Sticluta Esentiala"},"image":{"@id":"https:\/\/sticlutaesentiala.ro\/#\/schema\/logo\/image\/"},"sameAs":["https:\/\/www.facebook.com\/groups\/sticlutaesentiala\/"]}]}},"_links":{"self":[{"href":"https:\/\/sticlutaesentiala.ro\/ro\/wp-json\/wp\/v2\/product\/1155","targetHints":{"allow":["GET"]}}],"collection":[{"href":"https:\/\/sticlutaesentiala.ro\/ro\/wp-json\/wp\/v2\/product"}],"about":[{"href":"https:\/\/sticlutaesentiala.ro\/ro\/wp-json\/wp\/v2\/types\/product"}],"replies":[{"embeddable":true,"href":"https:\/\/sticlutaesentiala.ro\/ro\/wp-json\/wp\/v2\/comments?post=1155"}],"wp:featuredmedia":[{"embeddable":true,"href":"https:\/\/sticlutaesentiala.ro\/ro\/wp-json\/wp\/v2\/media\/1157"}],"wp:attachment":[{"href":"https:\/\/sticlutaesentiala.ro\/ro\/wp-json\/wp\/v2\/media?parent=1155"}],"wp:term":[{"taxonomy":"product_brand","embeddable":true,"href":"https:\/\/sticlutaesentiala.ro\/ro\/wp-json\/wp\/v2\/product_brand?post=1155"},{"taxonomy":"product_cat","embeddable":true,"href":"https:\/\/sticlutaesentiala.ro\/ro\/wp-json\/wp\/v2\/product_cat?post=1155"},{"taxonomy":"product_tag","embeddable":true,"href":"https:\/\/sticlutaesentiala.ro\/ro\/wp-json\/wp\/v2\/product_tag?post=1155"}],"curies":[{"name":"wp","href":"https:\/\/api.w.org\/{rel}","templated":true}]}}