{"id":1357,"date":"2025-01-22T15:49:31","date_gmt":"2025-01-22T13:49:31","guid":{"rendered":"https:\/\/sticlutaesentiala.ro\/?post_type=product&#038;p=1357"},"modified":"2025-01-22T15:58:56","modified_gmt":"2025-01-22T13:58:56","slug":"balsam-zilnic-de-par-doterra","status":"publish","type":"product","link":"https:\/\/sticlutaesentiala.ro\/ro\/product\/gama-profesionala-de-ingrijire-a-parului\/balsam-zilnic-de-par-doterra\/","title":{"rendered":"Balsam zilnic de p\u0103r d\u014dTERRA\u2122"},"content":{"rendered":"","protected":false},"excerpt":{"rendered":"<p>Pre\u021buri cu TVA inclus.<\/p>\n<p>[product_attributes attributes=\"tip-recipient\"] [product_attributes attributes=\"continut\"]<\/p>\n<p>P\u0103rul t\u0103u poate ar\u0103ta splendid \u00een fiecare zi, indiferent de provoc\u0103rile la care este expus. Balsamul zilnic de p\u0103r doTERRA este u\u0219or, l\u0103s\u00e2nd p\u0103rul moale \u0219i s\u0103n\u0103tos. Hr\u0103nitor \u0219i benefic pentru toate tipurile de p\u0103r. F\u0103r\u0103 sulfa\u021bi, siliconi, ftala\u021bi \u0219i parabeni, formula sa ajut\u0103 la p\u0103strarea vitalit\u0103\u021bii culorii. Infuzat cu uleiurile esen\u021biale r\u0103coritoare CPTG\u2122 de Ment\u0103, Eucalipt, Tea Tree (Arbore de Ceai) \u0219i Ment\u0103 Crea\u021b\u0103, Balsamul zilnic de p\u0103r doTERRA completeaz\u0103 rutina ta de \u00eengrijire a p\u0103rului.<\/p>\n","protected":false},"featured_media":1363,"comment_status":"closed","ping_status":"closed","template":"","meta":{"wprm-recipe-roundup-name":"","wprm-recipe-roundup-description":"","powered_cache_disable_cache":false,"powered_cache_disable_css_optimization":false},"product_brand":[],"product_cat":[29],"product_tag":[],"class_list":{"0":"post-1357","1":"product","2":"type-product","3":"status-publish","4":"has-post-thumbnail","6":"product_cat-gama-profesionala-de-ingrijire-a-parului","7":"entry","9":"first","10":"instock","11":"shipping-taxable","12":"purchasable","13":"product-type-simple","14":"add-to-wishlist-before_image","15":"berocket_lgv_grid","16":"berocket_lgv_list_grid"},"yoast_head":"<!-- This site is optimized with the Yoast SEO plugin v27.4 - https:\/\/yoast.com\/product\/yoast-seo-wordpress\/ -->\n<title>Balsam zilnic de p\u0103r d\u014dTERRA\u2122 - Sticluta Esentiala<\/title>\n<meta name=\"description\" content=\"Balsam zilnic de p\u0103r d\u014dTERRA\u2122 - Sticluta Esentiala\" \/>\n<meta name=\"robots\" content=\"index, follow, max-snippet:-1, max-image-preview:large, max-video-preview:-1\" \/>\n<link rel=\"canonical\" href=\"https:\/\/sticlutaesentiala.ro\/ro\/product\/gama-profesionala-de-ingrijire-a-parului\/balsam-zilnic-de-par-doterra\/\" \/>\n<meta property=\"og:locale\" content=\"ro_RO\" \/>\n<meta property=\"og:type\" content=\"article\" \/>\n<meta property=\"og:title\" content=\"Balsam zilnic de p\u0103r d\u014dTERRA\u2122 - Sticluta Esentiala\" \/>\n<meta property=\"og:description\" content=\"Balsam zilnic de p\u0103r d\u014dTERRA\u2122 - Sticluta Esentiala\" \/>\n<meta property=\"og:url\" content=\"https:\/\/sticlutaesentiala.ro\/ro\/product\/gama-profesionala-de-ingrijire-a-parului\/balsam-zilnic-de-par-doterra\/\" \/>\n<meta property=\"og:site_name\" content=\"Sticluta Esentiala\" \/>\n<meta property=\"article:publisher\" content=\"https:\/\/www.facebook.com\/groups\/sticlutaesentiala\/\" \/>\n<meta property=\"article:modified_time\" content=\"2025-01-22T13:58:56+00:00\" \/>\n<meta property=\"og:image\" content=\"https:\/\/sticlutaesentiala.ro\/wp-content\/uploads\/2025\/01\/daliyconditioner-1720x1350-1.webp\" \/>\n\t<meta property=\"og:image:width\" content=\"553\" \/>\n\t<meta property=\"og:image:height\" content=\"1350\" \/>\n\t<meta property=\"og:image:type\" content=\"image\/webp\" \/>\n<meta name=\"twitter:card\" content=\"summary_large_image\" \/>\n<meta name=\"twitter:label1\" content=\"Timp estimat pentru citire\" \/>\n\t<meta name=\"twitter:data1\" content=\"1 minut\" \/>\n<script type=\"application\/ld+json\" class=\"yoast-schema-graph\">{\"@context\":\"https:\\\/\\\/schema.org\",\"@graph\":[{\"@type\":\"WebPage\",\"@id\":\"https:\\\/\\\/sticlutaesentiala.ro\\\/product\\\/gama-profesionala-de-ingrijire-a-parului\\\/balsam-zilnic-de-par-doterra\\\/\",\"url\":\"https:\\\/\\\/sticlutaesentiala.ro\\\/product\\\/gama-profesionala-de-ingrijire-a-parului\\\/balsam-zilnic-de-par-doterra\\\/\",\"name\":\"Balsam zilnic de p\u0103r d\u014dTERRA\u2122 - Sticluta Esentiala\",\"isPartOf\":{\"@id\":\"https:\\\/\\\/sticlutaesentiala.ro\\\/#website\"},\"primaryImageOfPage\":{\"@id\":\"https:\\\/\\\/sticlutaesentiala.ro\\\/product\\\/gama-profesionala-de-ingrijire-a-parului\\\/balsam-zilnic-de-par-doterra\\\/#primaryimage\"},\"image\":{\"@id\":\"https:\\\/\\\/sticlutaesentiala.ro\\\/product\\\/gama-profesionala-de-ingrijire-a-parului\\\/balsam-zilnic-de-par-doterra\\\/#primaryimage\"},\"thumbnailUrl\":\"https:\\\/\\\/sticlutaesentiala.ro\\\/wp-content\\\/uploads\\\/2025\\\/01\\\/daliyconditioner-1720x1350-1.webp\",\"datePublished\":\"2025-01-22T13:49:31+00:00\",\"dateModified\":\"2025-01-22T13:58:56+00:00\",\"description\":\"Balsam zilnic de p\u0103r d\u014dTERRA\u2122 - Sticluta Esentiala\",\"breadcrumb\":{\"@id\":\"https:\\\/\\\/sticlutaesentiala.ro\\\/product\\\/gama-profesionala-de-ingrijire-a-parului\\\/balsam-zilnic-de-par-doterra\\\/#breadcrumb\"},\"inLanguage\":\"ro-RO\",\"potentialAction\":[{\"@type\":\"ReadAction\",\"target\":[\"https:\\\/\\\/sticlutaesentiala.ro\\\/product\\\/gama-profesionala-de-ingrijire-a-parului\\\/balsam-zilnic-de-par-doterra\\\/\"]}]},{\"@type\":\"ImageObject\",\"inLanguage\":\"ro-RO\",\"@id\":\"https:\\\/\\\/sticlutaesentiala.ro\\\/product\\\/gama-profesionala-de-ingrijire-a-parului\\\/balsam-zilnic-de-par-doterra\\\/#primaryimage\",\"url\":\"https:\\\/\\\/sticlutaesentiala.ro\\\/wp-content\\\/uploads\\\/2025\\\/01\\\/daliyconditioner-1720x1350-1.webp\",\"contentUrl\":\"https:\\\/\\\/sticlutaesentiala.ro\\\/wp-content\\\/uploads\\\/2025\\\/01\\\/daliyconditioner-1720x1350-1.webp\",\"width\":553,\"height\":1350,\"caption\":\"daliyconditioner-1720x1350\"},{\"@type\":\"BreadcrumbList\",\"@id\":\"https:\\\/\\\/sticlutaesentiala.ro\\\/product\\\/gama-profesionala-de-ingrijire-a-parului\\\/balsam-zilnic-de-par-doterra\\\/#breadcrumb\",\"itemListElement\":[{\"@type\":\"ListItem\",\"position\":1,\"name\":\"Prima pagin\u0103\",\"item\":\"https:\\\/\\\/sticlutaesentiala.ro\\\/\"},{\"@type\":\"ListItem\",\"position\":2,\"name\":\"Balsam zilnic de p\u0103r d\u014dTERRA\u2122\"}]},{\"@type\":\"WebSite\",\"@id\":\"https:\\\/\\\/sticlutaesentiala.ro\\\/#website\",\"url\":\"https:\\\/\\\/sticlutaesentiala.ro\\\/\",\"name\":\"Sticluta Esentiala\",\"description\":\"\",\"publisher\":{\"@id\":\"https:\\\/\\\/sticlutaesentiala.ro\\\/#organization\"},\"potentialAction\":[{\"@type\":\"SearchAction\",\"target\":{\"@type\":\"EntryPoint\",\"urlTemplate\":\"https:\\\/\\\/sticlutaesentiala.ro\\\/?s={search_term_string}\"},\"query-input\":{\"@type\":\"PropertyValueSpecification\",\"valueRequired\":true,\"valueName\":\"search_term_string\"}}],\"inLanguage\":\"ro-RO\"},{\"@type\":\"Organization\",\"@id\":\"https:\\\/\\\/sticlutaesentiala.ro\\\/#organization\",\"name\":\"Sticluta Esentiala\",\"url\":\"https:\\\/\\\/sticlutaesentiala.ro\\\/\",\"logo\":{\"@type\":\"ImageObject\",\"inLanguage\":\"ro-RO\",\"@id\":\"https:\\\/\\\/sticlutaesentiala.ro\\\/#\\\/schema\\\/logo\\\/image\\\/\",\"url\":\"https:\\\/\\\/sticlutaesentiala.ro\\\/wp-content\\\/uploads\\\/2024\\\/05\\\/logoHeader_02.png\",\"contentUrl\":\"https:\\\/\\\/sticlutaesentiala.ro\\\/wp-content\\\/uploads\\\/2024\\\/05\\\/logoHeader_02.png\",\"width\":214,\"height\":116,\"caption\":\"Sticluta Esentiala\"},\"image\":{\"@id\":\"https:\\\/\\\/sticlutaesentiala.ro\\\/#\\\/schema\\\/logo\\\/image\\\/\"},\"sameAs\":[\"https:\\\/\\\/www.facebook.com\\\/groups\\\/sticlutaesentiala\\\/\"]}]}<\/script>\n<!-- \/ Yoast SEO plugin. -->","yoast_head_json":{"title":"Balsam zilnic de p\u0103r d\u014dTERRA\u2122 - Sticluta Esentiala","description":"Balsam zilnic de p\u0103r d\u014dTERRA\u2122 - Sticluta Esentiala","robots":{"index":"index","follow":"follow","max-snippet":"max-snippet:-1","max-image-preview":"max-image-preview:large","max-video-preview":"max-video-preview:-1"},"canonical":"https:\/\/sticlutaesentiala.ro\/ro\/product\/gama-profesionala-de-ingrijire-a-parului\/balsam-zilnic-de-par-doterra\/","og_locale":"ro_RO","og_type":"article","og_title":"Balsam zilnic de p\u0103r d\u014dTERRA\u2122 - Sticluta Esentiala","og_description":"Balsam zilnic de p\u0103r d\u014dTERRA\u2122 - Sticluta Esentiala","og_url":"https:\/\/sticlutaesentiala.ro\/ro\/product\/gama-profesionala-de-ingrijire-a-parului\/balsam-zilnic-de-par-doterra\/","og_site_name":"Sticluta Esentiala","article_publisher":"https:\/\/www.facebook.com\/groups\/sticlutaesentiala\/","article_modified_time":"2025-01-22T13:58:56+00:00","og_image":[{"width":553,"height":1350,"url":"https:\/\/sticlutaesentiala.ro\/wp-content\/uploads\/2025\/01\/daliyconditioner-1720x1350-1.webp","type":"image\/webp"}],"twitter_card":"summary_large_image","twitter_misc":{"Timp estimat pentru citire":"1 minut"},"schema":{"@context":"https:\/\/schema.org","@graph":[{"@type":"WebPage","@id":"https:\/\/sticlutaesentiala.ro\/product\/gama-profesionala-de-ingrijire-a-parului\/balsam-zilnic-de-par-doterra\/","url":"https:\/\/sticlutaesentiala.ro\/product\/gama-profesionala-de-ingrijire-a-parului\/balsam-zilnic-de-par-doterra\/","name":"Balsam zilnic de p\u0103r d\u014dTERRA\u2122 - Sticluta Esentiala","isPartOf":{"@id":"https:\/\/sticlutaesentiala.ro\/#website"},"primaryImageOfPage":{"@id":"https:\/\/sticlutaesentiala.ro\/product\/gama-profesionala-de-ingrijire-a-parului\/balsam-zilnic-de-par-doterra\/#primaryimage"},"image":{"@id":"https:\/\/sticlutaesentiala.ro\/product\/gama-profesionala-de-ingrijire-a-parului\/balsam-zilnic-de-par-doterra\/#primaryimage"},"thumbnailUrl":"https:\/\/sticlutaesentiala.ro\/wp-content\/uploads\/2025\/01\/daliyconditioner-1720x1350-1.webp","datePublished":"2025-01-22T13:49:31+00:00","dateModified":"2025-01-22T13:58:56+00:00","description":"Balsam zilnic de p\u0103r d\u014dTERRA\u2122 - Sticluta Esentiala","breadcrumb":{"@id":"https:\/\/sticlutaesentiala.ro\/product\/gama-profesionala-de-ingrijire-a-parului\/balsam-zilnic-de-par-doterra\/#breadcrumb"},"inLanguage":"ro-RO","potentialAction":[{"@type":"ReadAction","target":["https:\/\/sticlutaesentiala.ro\/product\/gama-profesionala-de-ingrijire-a-parului\/balsam-zilnic-de-par-doterra\/"]}]},{"@type":"ImageObject","inLanguage":"ro-RO","@id":"https:\/\/sticlutaesentiala.ro\/product\/gama-profesionala-de-ingrijire-a-parului\/balsam-zilnic-de-par-doterra\/#primaryimage","url":"https:\/\/sticlutaesentiala.ro\/wp-content\/uploads\/2025\/01\/daliyconditioner-1720x1350-1.webp","contentUrl":"https:\/\/sticlutaesentiala.ro\/wp-content\/uploads\/2025\/01\/daliyconditioner-1720x1350-1.webp","width":553,"height":1350,"caption":"daliyconditioner-1720x1350"},{"@type":"BreadcrumbList","@id":"https:\/\/sticlutaesentiala.ro\/product\/gama-profesionala-de-ingrijire-a-parului\/balsam-zilnic-de-par-doterra\/#breadcrumb","itemListElement":[{"@type":"ListItem","position":1,"name":"Prima pagin\u0103","item":"https:\/\/sticlutaesentiala.ro\/"},{"@type":"ListItem","position":2,"name":"Balsam zilnic de p\u0103r d\u014dTERRA\u2122"}]},{"@type":"WebSite","@id":"https:\/\/sticlutaesentiala.ro\/#website","url":"https:\/\/sticlutaesentiala.ro\/","name":"Sticluta Esentiala","description":"","publisher":{"@id":"https:\/\/sticlutaesentiala.ro\/#organization"},"potentialAction":[{"@type":"SearchAction","target":{"@type":"EntryPoint","urlTemplate":"https:\/\/sticlutaesentiala.ro\/?s={search_term_string}"},"query-input":{"@type":"PropertyValueSpecification","valueRequired":true,"valueName":"search_term_string"}}],"inLanguage":"ro-RO"},{"@type":"Organization","@id":"https:\/\/sticlutaesentiala.ro\/#organization","name":"Sticluta Esentiala","url":"https:\/\/sticlutaesentiala.ro\/","logo":{"@type":"ImageObject","inLanguage":"ro-RO","@id":"https:\/\/sticlutaesentiala.ro\/#\/schema\/logo\/image\/","url":"https:\/\/sticlutaesentiala.ro\/wp-content\/uploads\/2024\/05\/logoHeader_02.png","contentUrl":"https:\/\/sticlutaesentiala.ro\/wp-content\/uploads\/2024\/05\/logoHeader_02.png","width":214,"height":116,"caption":"Sticluta Esentiala"},"image":{"@id":"https:\/\/sticlutaesentiala.ro\/#\/schema\/logo\/image\/"},"sameAs":["https:\/\/www.facebook.com\/groups\/sticlutaesentiala\/"]}]}},"_links":{"self":[{"href":"https:\/\/sticlutaesentiala.ro\/ro\/wp-json\/wp\/v2\/product\/1357","targetHints":{"allow":["GET"]}}],"collection":[{"href":"https:\/\/sticlutaesentiala.ro\/ro\/wp-json\/wp\/v2\/product"}],"about":[{"href":"https:\/\/sticlutaesentiala.ro\/ro\/wp-json\/wp\/v2\/types\/product"}],"replies":[{"embeddable":true,"href":"https:\/\/sticlutaesentiala.ro\/ro\/wp-json\/wp\/v2\/comments?post=1357"}],"wp:featuredmedia":[{"embeddable":true,"href":"https:\/\/sticlutaesentiala.ro\/ro\/wp-json\/wp\/v2\/media\/1363"}],"wp:attachment":[{"href":"https:\/\/sticlutaesentiala.ro\/ro\/wp-json\/wp\/v2\/media?parent=1357"}],"wp:term":[{"taxonomy":"product_brand","embeddable":true,"href":"https:\/\/sticlutaesentiala.ro\/ro\/wp-json\/wp\/v2\/product_brand?post=1357"},{"taxonomy":"product_cat","embeddable":true,"href":"https:\/\/sticlutaesentiala.ro\/ro\/wp-json\/wp\/v2\/product_cat?post=1357"},{"taxonomy":"product_tag","embeddable":true,"href":"https:\/\/sticlutaesentiala.ro\/ro\/wp-json\/wp\/v2\/product_tag?post=1357"}],"curies":[{"name":"wp","href":"https:\/\/api.w.org\/{rel}","templated":true}]}}