{"id":1367,"date":"2025-01-22T16:13:00","date_gmt":"2025-01-22T14:13:00","guid":{"rendered":"https:\/\/sticlutaesentiala.ro\/?post_type=product&#038;p=1367"},"modified":"2025-01-22T16:20:35","modified_gmt":"2025-01-22T14:20:35","slug":"mini-set-de-voiaj-reutilizabil-pentru-ingrijirea-parului","status":"publish","type":"product","link":"https:\/\/sticlutaesentiala.ro\/ro\/product\/gama-profesionala-de-ingrijire-a-parului\/mini-set-de-voiaj-reutilizabil-pentru-ingrijirea-parului\/","title":{"rendered":"Mini-set de voiaj reutilizabil pentru \u00eengrijirea p\u0103rului"},"content":{"rendered":"","protected":false},"excerpt":{"rendered":"<p>Pre\u021buri cu TVA inclus.<\/p>\n<p>[product_attributes attributes=\"tip-recipient\"] [product_attributes attributes=\"continut\"]<\/p>\n<p>Contribuie la protec\u021bia mediului c\u00e2nd c\u0103l\u0103tore\u0219ti, cu mini-flacoanele noastre reutilizabile. Alc\u0103tuit\u0103 din\u00a0<strong>variante goale compacte de 100\u202fml<\/strong>\u00a0ale produselor noastre de dimensiuni standard \u0218ampon, Balsam de p\u0103r \u0219i Balsam de p\u0103r f\u0103r\u0103 cl\u0103tire doTERRA, aceast\u0103 colec\u021bie \u00eencape perfect \u00een\u00a0<strong>geanta translucid\u0103 impermeabil\u0103 cu fermoar.<\/strong>\u00a0G\u00e2ndite s\u0103 fie reumplute iar \u0219i iar, aceste flacoane te ajut\u0103 s\u0103 reduci de\u0219eurile din plastic \u0219i s\u0103 te bucuri de produsele tale preferate pentru \u00eengrijirea p\u0103rului de la doTERRA, oric\u00e2nd \u0219i oriunde.<\/p>\n<p><em>De re\u021binut: aceste flacoane sunt goale \u0219i sunt destinate folosirii ca articole reutilizabile \u00een format de c\u0103l\u0103torie.<\/em><\/p>\n","protected":false},"featured_media":1368,"comment_status":"closed","ping_status":"closed","template":"","meta":{"wprm-recipe-roundup-name":"","wprm-recipe-roundup-description":"","powered_cache_disable_cache":false,"powered_cache_disable_css_optimization":false},"product_brand":[],"product_cat":[29],"product_tag":[],"class_list":{"0":"post-1367","1":"product","2":"type-product","3":"status-publish","4":"has-post-thumbnail","6":"product_cat-gama-profesionala-de-ingrijire-a-parului","7":"entry","9":"first","10":"instock","11":"shipping-taxable","12":"purchasable","13":"product-type-simple","14":"add-to-wishlist-before_image","15":"berocket_lgv_grid","16":"berocket_lgv_list_grid"},"yoast_head":"<!-- This site is optimized with the Yoast SEO plugin v27.3 - https:\/\/yoast.com\/product\/yoast-seo-wordpress\/ -->\n<title>Mini-set de voiaj reutilizabil pentru \u00eengrijirea p\u0103rului - Sticluta Esentiala<\/title>\n<meta name=\"description\" content=\"Mini-set de voiaj reutilizabil pentru \u00eengrijirea p\u0103rului - Sticluta Esentiala\" \/>\n<meta name=\"robots\" content=\"index, follow, max-snippet:-1, max-image-preview:large, max-video-preview:-1\" \/>\n<link rel=\"canonical\" href=\"https:\/\/sticlutaesentiala.ro\/ro\/product\/gama-profesionala-de-ingrijire-a-parului\/mini-set-de-voiaj-reutilizabil-pentru-ingrijirea-parului\/\" \/>\n<meta property=\"og:locale\" content=\"ro_RO\" \/>\n<meta property=\"og:type\" content=\"article\" \/>\n<meta property=\"og:title\" content=\"Mini-set de voiaj reutilizabil pentru \u00eengrijirea p\u0103rului - Sticluta Esentiala\" \/>\n<meta property=\"og:description\" content=\"Mini-set de voiaj reutilizabil pentru \u00eengrijirea p\u0103rului - Sticluta Esentiala\" \/>\n<meta property=\"og:url\" content=\"https:\/\/sticlutaesentiala.ro\/ro\/product\/gama-profesionala-de-ingrijire-a-parului\/mini-set-de-voiaj-reutilizabil-pentru-ingrijirea-parului\/\" \/>\n<meta property=\"og:site_name\" content=\"Sticluta Esentiala\" \/>\n<meta property=\"article:publisher\" content=\"https:\/\/www.facebook.com\/groups\/sticlutaesentiala\/\" \/>\n<meta property=\"article:modified_time\" content=\"2025-01-22T14:20:35+00:00\" \/>\n<meta property=\"og:image\" content=\"https:\/\/sticlutaesentiala.ro\/wp-content\/uploads\/2025\/01\/minihaircarekit-800x630-1.webp\" \/>\n\t<meta property=\"og:image:width\" content=\"800\" \/>\n\t<meta property=\"og:image:height\" content=\"561\" \/>\n\t<meta property=\"og:image:type\" content=\"image\/webp\" \/>\n<meta name=\"twitter:card\" content=\"summary_large_image\" \/>\n<meta name=\"twitter:label1\" content=\"Timp estimat pentru citire\" \/>\n\t<meta name=\"twitter:data1\" content=\"1 minut\" \/>\n<script type=\"application\/ld+json\" class=\"yoast-schema-graph\">{\"@context\":\"https:\\\/\\\/schema.org\",\"@graph\":[{\"@type\":\"WebPage\",\"@id\":\"https:\\\/\\\/sticlutaesentiala.ro\\\/product\\\/gama-profesionala-de-ingrijire-a-parului\\\/mini-set-de-voiaj-reutilizabil-pentru-ingrijirea-parului\\\/\",\"url\":\"https:\\\/\\\/sticlutaesentiala.ro\\\/product\\\/gama-profesionala-de-ingrijire-a-parului\\\/mini-set-de-voiaj-reutilizabil-pentru-ingrijirea-parului\\\/\",\"name\":\"Mini-set de voiaj reutilizabil pentru \u00eengrijirea p\u0103rului - Sticluta Esentiala\",\"isPartOf\":{\"@id\":\"https:\\\/\\\/sticlutaesentiala.ro\\\/#website\"},\"primaryImageOfPage\":{\"@id\":\"https:\\\/\\\/sticlutaesentiala.ro\\\/product\\\/gama-profesionala-de-ingrijire-a-parului\\\/mini-set-de-voiaj-reutilizabil-pentru-ingrijirea-parului\\\/#primaryimage\"},\"image\":{\"@id\":\"https:\\\/\\\/sticlutaesentiala.ro\\\/product\\\/gama-profesionala-de-ingrijire-a-parului\\\/mini-set-de-voiaj-reutilizabil-pentru-ingrijirea-parului\\\/#primaryimage\"},\"thumbnailUrl\":\"https:\\\/\\\/sticlutaesentiala.ro\\\/wp-content\\\/uploads\\\/2025\\\/01\\\/minihaircarekit-800x630-1.webp\",\"datePublished\":\"2025-01-22T14:13:00+00:00\",\"dateModified\":\"2025-01-22T14:20:35+00:00\",\"description\":\"Mini-set de voiaj reutilizabil pentru \u00eengrijirea p\u0103rului - Sticluta Esentiala\",\"breadcrumb\":{\"@id\":\"https:\\\/\\\/sticlutaesentiala.ro\\\/product\\\/gama-profesionala-de-ingrijire-a-parului\\\/mini-set-de-voiaj-reutilizabil-pentru-ingrijirea-parului\\\/#breadcrumb\"},\"inLanguage\":\"ro-RO\",\"potentialAction\":[{\"@type\":\"ReadAction\",\"target\":[\"https:\\\/\\\/sticlutaesentiala.ro\\\/product\\\/gama-profesionala-de-ingrijire-a-parului\\\/mini-set-de-voiaj-reutilizabil-pentru-ingrijirea-parului\\\/\"]}]},{\"@type\":\"ImageObject\",\"inLanguage\":\"ro-RO\",\"@id\":\"https:\\\/\\\/sticlutaesentiala.ro\\\/product\\\/gama-profesionala-de-ingrijire-a-parului\\\/mini-set-de-voiaj-reutilizabil-pentru-ingrijirea-parului\\\/#primaryimage\",\"url\":\"https:\\\/\\\/sticlutaesentiala.ro\\\/wp-content\\\/uploads\\\/2025\\\/01\\\/minihaircarekit-800x630-1.webp\",\"contentUrl\":\"https:\\\/\\\/sticlutaesentiala.ro\\\/wp-content\\\/uploads\\\/2025\\\/01\\\/minihaircarekit-800x630-1.webp\",\"width\":800,\"height\":561,\"caption\":\"minihaircarekit-800x630\"},{\"@type\":\"BreadcrumbList\",\"@id\":\"https:\\\/\\\/sticlutaesentiala.ro\\\/product\\\/gama-profesionala-de-ingrijire-a-parului\\\/mini-set-de-voiaj-reutilizabil-pentru-ingrijirea-parului\\\/#breadcrumb\",\"itemListElement\":[{\"@type\":\"ListItem\",\"position\":1,\"name\":\"Prima pagin\u0103\",\"item\":\"https:\\\/\\\/sticlutaesentiala.ro\\\/\"},{\"@type\":\"ListItem\",\"position\":2,\"name\":\"Mini-set de voiaj reutilizabil pentru \u00eengrijirea p\u0103rului\"}]},{\"@type\":\"WebSite\",\"@id\":\"https:\\\/\\\/sticlutaesentiala.ro\\\/#website\",\"url\":\"https:\\\/\\\/sticlutaesentiala.ro\\\/\",\"name\":\"Sticluta Esentiala\",\"description\":\"\",\"publisher\":{\"@id\":\"https:\\\/\\\/sticlutaesentiala.ro\\\/#organization\"},\"potentialAction\":[{\"@type\":\"SearchAction\",\"target\":{\"@type\":\"EntryPoint\",\"urlTemplate\":\"https:\\\/\\\/sticlutaesentiala.ro\\\/?s={search_term_string}\"},\"query-input\":{\"@type\":\"PropertyValueSpecification\",\"valueRequired\":true,\"valueName\":\"search_term_string\"}}],\"inLanguage\":\"ro-RO\"},{\"@type\":\"Organization\",\"@id\":\"https:\\\/\\\/sticlutaesentiala.ro\\\/#organization\",\"name\":\"Sticluta Esentiala\",\"url\":\"https:\\\/\\\/sticlutaesentiala.ro\\\/\",\"logo\":{\"@type\":\"ImageObject\",\"inLanguage\":\"ro-RO\",\"@id\":\"https:\\\/\\\/sticlutaesentiala.ro\\\/#\\\/schema\\\/logo\\\/image\\\/\",\"url\":\"https:\\\/\\\/sticlutaesentiala.ro\\\/wp-content\\\/uploads\\\/2024\\\/05\\\/logoHeader_02.png\",\"contentUrl\":\"https:\\\/\\\/sticlutaesentiala.ro\\\/wp-content\\\/uploads\\\/2024\\\/05\\\/logoHeader_02.png\",\"width\":214,\"height\":116,\"caption\":\"Sticluta Esentiala\"},\"image\":{\"@id\":\"https:\\\/\\\/sticlutaesentiala.ro\\\/#\\\/schema\\\/logo\\\/image\\\/\"},\"sameAs\":[\"https:\\\/\\\/www.facebook.com\\\/groups\\\/sticlutaesentiala\\\/\"]}]}<\/script>\n<!-- \/ Yoast SEO plugin. -->","yoast_head_json":{"title":"Mini-set de voiaj reutilizabil pentru \u00eengrijirea p\u0103rului - Sticluta Esentiala","description":"Mini-set de voiaj reutilizabil pentru \u00eengrijirea p\u0103rului - Sticluta Esentiala","robots":{"index":"index","follow":"follow","max-snippet":"max-snippet:-1","max-image-preview":"max-image-preview:large","max-video-preview":"max-video-preview:-1"},"canonical":"https:\/\/sticlutaesentiala.ro\/ro\/product\/gama-profesionala-de-ingrijire-a-parului\/mini-set-de-voiaj-reutilizabil-pentru-ingrijirea-parului\/","og_locale":"ro_RO","og_type":"article","og_title":"Mini-set de voiaj reutilizabil pentru \u00eengrijirea p\u0103rului - Sticluta Esentiala","og_description":"Mini-set de voiaj reutilizabil pentru \u00eengrijirea p\u0103rului - Sticluta Esentiala","og_url":"https:\/\/sticlutaesentiala.ro\/ro\/product\/gama-profesionala-de-ingrijire-a-parului\/mini-set-de-voiaj-reutilizabil-pentru-ingrijirea-parului\/","og_site_name":"Sticluta Esentiala","article_publisher":"https:\/\/www.facebook.com\/groups\/sticlutaesentiala\/","article_modified_time":"2025-01-22T14:20:35+00:00","og_image":[{"width":800,"height":561,"url":"https:\/\/sticlutaesentiala.ro\/wp-content\/uploads\/2025\/01\/minihaircarekit-800x630-1.webp","type":"image\/webp"}],"twitter_card":"summary_large_image","twitter_misc":{"Timp estimat pentru citire":"1 minut"},"schema":{"@context":"https:\/\/schema.org","@graph":[{"@type":"WebPage","@id":"https:\/\/sticlutaesentiala.ro\/product\/gama-profesionala-de-ingrijire-a-parului\/mini-set-de-voiaj-reutilizabil-pentru-ingrijirea-parului\/","url":"https:\/\/sticlutaesentiala.ro\/product\/gama-profesionala-de-ingrijire-a-parului\/mini-set-de-voiaj-reutilizabil-pentru-ingrijirea-parului\/","name":"Mini-set de voiaj reutilizabil pentru \u00eengrijirea p\u0103rului - Sticluta Esentiala","isPartOf":{"@id":"https:\/\/sticlutaesentiala.ro\/#website"},"primaryImageOfPage":{"@id":"https:\/\/sticlutaesentiala.ro\/product\/gama-profesionala-de-ingrijire-a-parului\/mini-set-de-voiaj-reutilizabil-pentru-ingrijirea-parului\/#primaryimage"},"image":{"@id":"https:\/\/sticlutaesentiala.ro\/product\/gama-profesionala-de-ingrijire-a-parului\/mini-set-de-voiaj-reutilizabil-pentru-ingrijirea-parului\/#primaryimage"},"thumbnailUrl":"https:\/\/sticlutaesentiala.ro\/wp-content\/uploads\/2025\/01\/minihaircarekit-800x630-1.webp","datePublished":"2025-01-22T14:13:00+00:00","dateModified":"2025-01-22T14:20:35+00:00","description":"Mini-set de voiaj reutilizabil pentru \u00eengrijirea p\u0103rului - Sticluta Esentiala","breadcrumb":{"@id":"https:\/\/sticlutaesentiala.ro\/product\/gama-profesionala-de-ingrijire-a-parului\/mini-set-de-voiaj-reutilizabil-pentru-ingrijirea-parului\/#breadcrumb"},"inLanguage":"ro-RO","potentialAction":[{"@type":"ReadAction","target":["https:\/\/sticlutaesentiala.ro\/product\/gama-profesionala-de-ingrijire-a-parului\/mini-set-de-voiaj-reutilizabil-pentru-ingrijirea-parului\/"]}]},{"@type":"ImageObject","inLanguage":"ro-RO","@id":"https:\/\/sticlutaesentiala.ro\/product\/gama-profesionala-de-ingrijire-a-parului\/mini-set-de-voiaj-reutilizabil-pentru-ingrijirea-parului\/#primaryimage","url":"https:\/\/sticlutaesentiala.ro\/wp-content\/uploads\/2025\/01\/minihaircarekit-800x630-1.webp","contentUrl":"https:\/\/sticlutaesentiala.ro\/wp-content\/uploads\/2025\/01\/minihaircarekit-800x630-1.webp","width":800,"height":561,"caption":"minihaircarekit-800x630"},{"@type":"BreadcrumbList","@id":"https:\/\/sticlutaesentiala.ro\/product\/gama-profesionala-de-ingrijire-a-parului\/mini-set-de-voiaj-reutilizabil-pentru-ingrijirea-parului\/#breadcrumb","itemListElement":[{"@type":"ListItem","position":1,"name":"Prima pagin\u0103","item":"https:\/\/sticlutaesentiala.ro\/"},{"@type":"ListItem","position":2,"name":"Mini-set de voiaj reutilizabil pentru \u00eengrijirea p\u0103rului"}]},{"@type":"WebSite","@id":"https:\/\/sticlutaesentiala.ro\/#website","url":"https:\/\/sticlutaesentiala.ro\/","name":"Sticluta Esentiala","description":"","publisher":{"@id":"https:\/\/sticlutaesentiala.ro\/#organization"},"potentialAction":[{"@type":"SearchAction","target":{"@type":"EntryPoint","urlTemplate":"https:\/\/sticlutaesentiala.ro\/?s={search_term_string}"},"query-input":{"@type":"PropertyValueSpecification","valueRequired":true,"valueName":"search_term_string"}}],"inLanguage":"ro-RO"},{"@type":"Organization","@id":"https:\/\/sticlutaesentiala.ro\/#organization","name":"Sticluta Esentiala","url":"https:\/\/sticlutaesentiala.ro\/","logo":{"@type":"ImageObject","inLanguage":"ro-RO","@id":"https:\/\/sticlutaesentiala.ro\/#\/schema\/logo\/image\/","url":"https:\/\/sticlutaesentiala.ro\/wp-content\/uploads\/2024\/05\/logoHeader_02.png","contentUrl":"https:\/\/sticlutaesentiala.ro\/wp-content\/uploads\/2024\/05\/logoHeader_02.png","width":214,"height":116,"caption":"Sticluta Esentiala"},"image":{"@id":"https:\/\/sticlutaesentiala.ro\/#\/schema\/logo\/image\/"},"sameAs":["https:\/\/www.facebook.com\/groups\/sticlutaesentiala\/"]}]}},"_links":{"self":[{"href":"https:\/\/sticlutaesentiala.ro\/ro\/wp-json\/wp\/v2\/product\/1367","targetHints":{"allow":["GET"]}}],"collection":[{"href":"https:\/\/sticlutaesentiala.ro\/ro\/wp-json\/wp\/v2\/product"}],"about":[{"href":"https:\/\/sticlutaesentiala.ro\/ro\/wp-json\/wp\/v2\/types\/product"}],"replies":[{"embeddable":true,"href":"https:\/\/sticlutaesentiala.ro\/ro\/wp-json\/wp\/v2\/comments?post=1367"}],"wp:featuredmedia":[{"embeddable":true,"href":"https:\/\/sticlutaesentiala.ro\/ro\/wp-json\/wp\/v2\/media\/1368"}],"wp:attachment":[{"href":"https:\/\/sticlutaesentiala.ro\/ro\/wp-json\/wp\/v2\/media?parent=1367"}],"wp:term":[{"taxonomy":"product_brand","embeddable":true,"href":"https:\/\/sticlutaesentiala.ro\/ro\/wp-json\/wp\/v2\/product_brand?post=1367"},{"taxonomy":"product_cat","embeddable":true,"href":"https:\/\/sticlutaesentiala.ro\/ro\/wp-json\/wp\/v2\/product_cat?post=1367"},{"taxonomy":"product_tag","embeddable":true,"href":"https:\/\/sticlutaesentiala.ro\/ro\/wp-json\/wp\/v2\/product_tag?post=1367"}],"curies":[{"name":"wp","href":"https:\/\/api.w.org\/{rel}","templated":true}]}}