{"id":750,"date":"2024-11-15T09:56:45","date_gmt":"2024-11-15T09:56:45","guid":{"rendered":"https:\/\/sticlutaesentiala.ro\/?post_type=product&#038;p=750"},"modified":"2024-11-15T09:59:17","modified_gmt":"2024-11-15T09:59:17","slug":"spikenard","status":"publish","type":"product","link":"https:\/\/sticlutaesentiala.ro\/ro\/product\/uleiuri-individuale\/spikenard\/","title":{"rendered":"Spikenard"},"content":{"rendered":"","protected":false},"excerpt":{"rendered":"<p>Pre\u021buri cu TVA inclus.<\/p>\n<p>[product_attributes attributes=\"tip-recipient\"] [product_attributes attributes=\"continut\"]<\/p>\n<p>O plant\u0103 cu flori din familia valerianei, Nardul cre\u0219te la altitudini mari \u00een regiunile subalpine \u0219i alpine ale mul\u021bilor Himalaya. Unul dintre cele mai importante beneficii ale uleiului esen\u021bial de nard este capacitatea sa de a induce o senza\u021bie de calm \u0219i relaxare, motiv pentru care este foarte apreciat \u00een aromaterapie \u0219i medita\u021bie. Nard este utilizat de mai multe secole, tradi\u021bional pentru ungerea oamenilor de onoare \u0219i \u00een practicile ayurvedice pentru s\u0103n\u0103tate din India. Ast\u0103zi, uleiul este utilizat la parfumuri \u0219i uleiuri pentru masaj de relaxare, datorit\u0103 fragran\u021bei sale lemnoase, moscate. De asemenea, nardul este cunoscut pentru propriet\u0103\u021bile sale de cur\u0103\u021bare \u0219i men\u021binere a aspectului s\u0103n\u0103tos al tenului.<\/p>\n","protected":false},"featured_media":751,"comment_status":"closed","ping_status":"closed","template":"","meta":{"wprm-recipe-roundup-name":"","wprm-recipe-roundup-description":"","powered_cache_disable_cache":false,"powered_cache_disable_css_optimization":false},"product_brand":[],"product_cat":[23],"product_tag":[],"class_list":{"0":"post-750","1":"product","2":"type-product","3":"status-publish","4":"has-post-thumbnail","6":"product_cat-uleiuri-individuale","7":"entry","9":"first","10":"instock","11":"shipping-taxable","12":"purchasable","13":"product-type-simple","14":"add-to-wishlist-before_image","15":"berocket_lgv_grid","16":"berocket_lgv_list_grid"},"yoast_head":"<!-- This site is optimized with the Yoast SEO plugin v27.3 - https:\/\/yoast.com\/product\/yoast-seo-wordpress\/ -->\n<title>Spikenard - Sticluta Esentiala<\/title>\n<meta name=\"description\" content=\"Spikenard - Sticluta Esentiala\" \/>\n<meta name=\"robots\" content=\"index, follow, max-snippet:-1, max-image-preview:large, max-video-preview:-1\" \/>\n<link rel=\"canonical\" href=\"https:\/\/sticlutaesentiala.ro\/ro\/product\/uleiuri-individuale\/spikenard\/\" \/>\n<meta property=\"og:locale\" content=\"ro_RO\" \/>\n<meta property=\"og:type\" content=\"article\" \/>\n<meta property=\"og:title\" content=\"Spikenard - Sticluta Esentiala\" \/>\n<meta property=\"og:description\" content=\"Spikenard - Sticluta Esentiala\" \/>\n<meta property=\"og:url\" content=\"https:\/\/sticlutaesentiala.ro\/ro\/product\/uleiuri-individuale\/spikenard\/\" \/>\n<meta property=\"og:site_name\" content=\"Sticluta Esentiala\" \/>\n<meta property=\"article:publisher\" content=\"https:\/\/www.facebook.com\/groups\/sticlutaesentiala\/\" \/>\n<meta property=\"article:modified_time\" content=\"2024-11-15T09:59:17+00:00\" \/>\n<meta property=\"og:image\" content=\"https:\/\/sticlutaesentiala.ro\/wp-content\/uploads\/2024\/11\/spikenard-5ml-404x1350-1.webp\" \/>\n\t<meta property=\"og:image:width\" content=\"404\" \/>\n\t<meta property=\"og:image:height\" content=\"1350\" \/>\n\t<meta property=\"og:image:type\" content=\"image\/webp\" \/>\n<meta name=\"twitter:card\" content=\"summary_large_image\" \/>\n<meta name=\"twitter:label1\" content=\"Timp estimat pentru citire\" \/>\n\t<meta name=\"twitter:data1\" content=\"1 minut\" \/>\n<script type=\"application\/ld+json\" class=\"yoast-schema-graph\">{\"@context\":\"https:\\\/\\\/schema.org\",\"@graph\":[{\"@type\":\"WebPage\",\"@id\":\"https:\\\/\\\/sticlutaesentiala.ro\\\/product\\\/uleiuri-individuale\\\/spikenard\\\/\",\"url\":\"https:\\\/\\\/sticlutaesentiala.ro\\\/product\\\/uleiuri-individuale\\\/spikenard\\\/\",\"name\":\"Spikenard - Sticluta Esentiala\",\"isPartOf\":{\"@id\":\"https:\\\/\\\/sticlutaesentiala.ro\\\/#website\"},\"primaryImageOfPage\":{\"@id\":\"https:\\\/\\\/sticlutaesentiala.ro\\\/product\\\/uleiuri-individuale\\\/spikenard\\\/#primaryimage\"},\"image\":{\"@id\":\"https:\\\/\\\/sticlutaesentiala.ro\\\/product\\\/uleiuri-individuale\\\/spikenard\\\/#primaryimage\"},\"thumbnailUrl\":\"https:\\\/\\\/sticlutaesentiala.ro\\\/wp-content\\\/uploads\\\/2024\\\/11\\\/spikenard-5ml-404x1350-1.webp\",\"datePublished\":\"2024-11-15T09:56:45+00:00\",\"dateModified\":\"2024-11-15T09:59:17+00:00\",\"description\":\"Spikenard - Sticluta Esentiala\",\"breadcrumb\":{\"@id\":\"https:\\\/\\\/sticlutaesentiala.ro\\\/product\\\/uleiuri-individuale\\\/spikenard\\\/#breadcrumb\"},\"inLanguage\":\"ro-RO\",\"potentialAction\":[{\"@type\":\"ReadAction\",\"target\":[\"https:\\\/\\\/sticlutaesentiala.ro\\\/product\\\/uleiuri-individuale\\\/spikenard\\\/\"]}]},{\"@type\":\"ImageObject\",\"inLanguage\":\"ro-RO\",\"@id\":\"https:\\\/\\\/sticlutaesentiala.ro\\\/product\\\/uleiuri-individuale\\\/spikenard\\\/#primaryimage\",\"url\":\"https:\\\/\\\/sticlutaesentiala.ro\\\/wp-content\\\/uploads\\\/2024\\\/11\\\/spikenard-5ml-404x1350-1.webp\",\"contentUrl\":\"https:\\\/\\\/sticlutaesentiala.ro\\\/wp-content\\\/uploads\\\/2024\\\/11\\\/spikenard-5ml-404x1350-1.webp\",\"width\":404,\"height\":1350,\"caption\":\"spikenard-5ml-404x1350\"},{\"@type\":\"BreadcrumbList\",\"@id\":\"https:\\\/\\\/sticlutaesentiala.ro\\\/product\\\/uleiuri-individuale\\\/spikenard\\\/#breadcrumb\",\"itemListElement\":[{\"@type\":\"ListItem\",\"position\":1,\"name\":\"Prima pagin\u0103\",\"item\":\"https:\\\/\\\/sticlutaesentiala.ro\\\/\"},{\"@type\":\"ListItem\",\"position\":2,\"name\":\"Spikenard\"}]},{\"@type\":\"WebSite\",\"@id\":\"https:\\\/\\\/sticlutaesentiala.ro\\\/#website\",\"url\":\"https:\\\/\\\/sticlutaesentiala.ro\\\/\",\"name\":\"Sticluta Esentiala\",\"description\":\"\",\"publisher\":{\"@id\":\"https:\\\/\\\/sticlutaesentiala.ro\\\/#organization\"},\"potentialAction\":[{\"@type\":\"SearchAction\",\"target\":{\"@type\":\"EntryPoint\",\"urlTemplate\":\"https:\\\/\\\/sticlutaesentiala.ro\\\/?s={search_term_string}\"},\"query-input\":{\"@type\":\"PropertyValueSpecification\",\"valueRequired\":true,\"valueName\":\"search_term_string\"}}],\"inLanguage\":\"ro-RO\"},{\"@type\":\"Organization\",\"@id\":\"https:\\\/\\\/sticlutaesentiala.ro\\\/#organization\",\"name\":\"Sticluta Esentiala\",\"url\":\"https:\\\/\\\/sticlutaesentiala.ro\\\/\",\"logo\":{\"@type\":\"ImageObject\",\"inLanguage\":\"ro-RO\",\"@id\":\"https:\\\/\\\/sticlutaesentiala.ro\\\/#\\\/schema\\\/logo\\\/image\\\/\",\"url\":\"https:\\\/\\\/sticlutaesentiala.ro\\\/wp-content\\\/uploads\\\/2024\\\/05\\\/logoHeader_02.png\",\"contentUrl\":\"https:\\\/\\\/sticlutaesentiala.ro\\\/wp-content\\\/uploads\\\/2024\\\/05\\\/logoHeader_02.png\",\"width\":214,\"height\":116,\"caption\":\"Sticluta Esentiala\"},\"image\":{\"@id\":\"https:\\\/\\\/sticlutaesentiala.ro\\\/#\\\/schema\\\/logo\\\/image\\\/\"},\"sameAs\":[\"https:\\\/\\\/www.facebook.com\\\/groups\\\/sticlutaesentiala\\\/\"]}]}<\/script>\n<!-- \/ Yoast SEO plugin. -->","yoast_head_json":{"title":"Spikenard - Sticluta Esentiala","description":"Spikenard - Sticluta Esentiala","robots":{"index":"index","follow":"follow","max-snippet":"max-snippet:-1","max-image-preview":"max-image-preview:large","max-video-preview":"max-video-preview:-1"},"canonical":"https:\/\/sticlutaesentiala.ro\/ro\/product\/uleiuri-individuale\/spikenard\/","og_locale":"ro_RO","og_type":"article","og_title":"Spikenard - Sticluta Esentiala","og_description":"Spikenard - Sticluta Esentiala","og_url":"https:\/\/sticlutaesentiala.ro\/ro\/product\/uleiuri-individuale\/spikenard\/","og_site_name":"Sticluta Esentiala","article_publisher":"https:\/\/www.facebook.com\/groups\/sticlutaesentiala\/","article_modified_time":"2024-11-15T09:59:17+00:00","og_image":[{"width":404,"height":1350,"url":"https:\/\/sticlutaesentiala.ro\/wp-content\/uploads\/2024\/11\/spikenard-5ml-404x1350-1.webp","type":"image\/webp"}],"twitter_card":"summary_large_image","twitter_misc":{"Timp estimat pentru citire":"1 minut"},"schema":{"@context":"https:\/\/schema.org","@graph":[{"@type":"WebPage","@id":"https:\/\/sticlutaesentiala.ro\/product\/uleiuri-individuale\/spikenard\/","url":"https:\/\/sticlutaesentiala.ro\/product\/uleiuri-individuale\/spikenard\/","name":"Spikenard - Sticluta Esentiala","isPartOf":{"@id":"https:\/\/sticlutaesentiala.ro\/#website"},"primaryImageOfPage":{"@id":"https:\/\/sticlutaesentiala.ro\/product\/uleiuri-individuale\/spikenard\/#primaryimage"},"image":{"@id":"https:\/\/sticlutaesentiala.ro\/product\/uleiuri-individuale\/spikenard\/#primaryimage"},"thumbnailUrl":"https:\/\/sticlutaesentiala.ro\/wp-content\/uploads\/2024\/11\/spikenard-5ml-404x1350-1.webp","datePublished":"2024-11-15T09:56:45+00:00","dateModified":"2024-11-15T09:59:17+00:00","description":"Spikenard - Sticluta Esentiala","breadcrumb":{"@id":"https:\/\/sticlutaesentiala.ro\/product\/uleiuri-individuale\/spikenard\/#breadcrumb"},"inLanguage":"ro-RO","potentialAction":[{"@type":"ReadAction","target":["https:\/\/sticlutaesentiala.ro\/product\/uleiuri-individuale\/spikenard\/"]}]},{"@type":"ImageObject","inLanguage":"ro-RO","@id":"https:\/\/sticlutaesentiala.ro\/product\/uleiuri-individuale\/spikenard\/#primaryimage","url":"https:\/\/sticlutaesentiala.ro\/wp-content\/uploads\/2024\/11\/spikenard-5ml-404x1350-1.webp","contentUrl":"https:\/\/sticlutaesentiala.ro\/wp-content\/uploads\/2024\/11\/spikenard-5ml-404x1350-1.webp","width":404,"height":1350,"caption":"spikenard-5ml-404x1350"},{"@type":"BreadcrumbList","@id":"https:\/\/sticlutaesentiala.ro\/product\/uleiuri-individuale\/spikenard\/#breadcrumb","itemListElement":[{"@type":"ListItem","position":1,"name":"Prima pagin\u0103","item":"https:\/\/sticlutaesentiala.ro\/"},{"@type":"ListItem","position":2,"name":"Spikenard"}]},{"@type":"WebSite","@id":"https:\/\/sticlutaesentiala.ro\/#website","url":"https:\/\/sticlutaesentiala.ro\/","name":"Sticluta Esentiala","description":"","publisher":{"@id":"https:\/\/sticlutaesentiala.ro\/#organization"},"potentialAction":[{"@type":"SearchAction","target":{"@type":"EntryPoint","urlTemplate":"https:\/\/sticlutaesentiala.ro\/?s={search_term_string}"},"query-input":{"@type":"PropertyValueSpecification","valueRequired":true,"valueName":"search_term_string"}}],"inLanguage":"ro-RO"},{"@type":"Organization","@id":"https:\/\/sticlutaesentiala.ro\/#organization","name":"Sticluta Esentiala","url":"https:\/\/sticlutaesentiala.ro\/","logo":{"@type":"ImageObject","inLanguage":"ro-RO","@id":"https:\/\/sticlutaesentiala.ro\/#\/schema\/logo\/image\/","url":"https:\/\/sticlutaesentiala.ro\/wp-content\/uploads\/2024\/05\/logoHeader_02.png","contentUrl":"https:\/\/sticlutaesentiala.ro\/wp-content\/uploads\/2024\/05\/logoHeader_02.png","width":214,"height":116,"caption":"Sticluta Esentiala"},"image":{"@id":"https:\/\/sticlutaesentiala.ro\/#\/schema\/logo\/image\/"},"sameAs":["https:\/\/www.facebook.com\/groups\/sticlutaesentiala\/"]}]}},"_links":{"self":[{"href":"https:\/\/sticlutaesentiala.ro\/ro\/wp-json\/wp\/v2\/product\/750","targetHints":{"allow":["GET"]}}],"collection":[{"href":"https:\/\/sticlutaesentiala.ro\/ro\/wp-json\/wp\/v2\/product"}],"about":[{"href":"https:\/\/sticlutaesentiala.ro\/ro\/wp-json\/wp\/v2\/types\/product"}],"replies":[{"embeddable":true,"href":"https:\/\/sticlutaesentiala.ro\/ro\/wp-json\/wp\/v2\/comments?post=750"}],"wp:featuredmedia":[{"embeddable":true,"href":"https:\/\/sticlutaesentiala.ro\/ro\/wp-json\/wp\/v2\/media\/751"}],"wp:attachment":[{"href":"https:\/\/sticlutaesentiala.ro\/ro\/wp-json\/wp\/v2\/media?parent=750"}],"wp:term":[{"taxonomy":"product_brand","embeddable":true,"href":"https:\/\/sticlutaesentiala.ro\/ro\/wp-json\/wp\/v2\/product_brand?post=750"},{"taxonomy":"product_cat","embeddable":true,"href":"https:\/\/sticlutaesentiala.ro\/ro\/wp-json\/wp\/v2\/product_cat?post=750"},{"taxonomy":"product_tag","embeddable":true,"href":"https:\/\/sticlutaesentiala.ro\/ro\/wp-json\/wp\/v2\/product_tag?post=750"}],"curies":[{"name":"wp","href":"https:\/\/api.w.org\/{rel}","templated":true}]}}