{"id":833,"date":"2024-11-19T13:04:30","date_gmt":"2024-11-19T13:04:30","guid":{"rendered":"https:\/\/sticlutaesentiala.ro\/?post_type=product&#038;p=833"},"modified":"2025-01-21T17:30:14","modified_gmt":"2025-01-21T15:30:14","slug":"amestec-pentru-ten-cu-probleme-doterra-hd-clear","status":"publish","type":"product","link":"https:\/\/sticlutaesentiala.ro\/ro\/product\/amestecuri-exclusive\/amestec-pentru-ten-cu-probleme-doterra-hd-clear\/","title":{"rendered":"Amestec pentru ten cu probleme d\u014dTERRA HD Clear\u2122"},"content":{"rendered":"","protected":false},"excerpt":{"rendered":"<p>Pre\u021buri cu TVA inclus.<\/p>\n<p>[product_attributes attributes=\"tip-recipient\"] [product_attributes attributes=\"continut\"]<\/p>\n<p>Amestecul pentru ten cu probleme HD Clear este o parte important\u0103 a sistemului HD Clear. Realizat\u0103 cu ulei de chimion negru (s\u0103m\u00e2n\u021b\u0103) \u0219i uleiuri esen\u021biale CPTG, aceast\u0103 formul\u0103 poate fi aplicat\u0103 \u00een zone specifice ale tenului \u0219i corpului. Amestecul pentru ten cu probleme HD Clear te ajut\u0103 s\u0103 ob\u021bii un ten curat \u0219i neted, indiferent de v\u00e2rst\u0103.<\/p>\n","protected":false},"featured_media":834,"comment_status":"closed","ping_status":"closed","template":"","meta":{"wprm-recipe-roundup-name":"","wprm-recipe-roundup-description":"","powered_cache_disable_cache":false,"powered_cache_disable_css_optimization":false},"product_brand":[],"product_cat":[24,30],"product_tag":[],"class_list":{"0":"post-833","1":"product","2":"type-product","3":"status-publish","4":"has-post-thumbnail","6":"product_cat-amestecuri-exclusive","7":"product_cat-gama-hd-clear","8":"entry","10":"first","11":"instock","12":"shipping-taxable","13":"purchasable","14":"product-type-simple","15":"add-to-wishlist-before_image","16":"berocket_lgv_grid","17":"berocket_lgv_list_grid"},"yoast_head":"<!-- This site is optimized with the Yoast SEO plugin v27.3 - https:\/\/yoast.com\/product\/yoast-seo-wordpress\/ -->\n<title>Amestec pentru ten cu probleme d\u014dTERRA HD Clear\u2122 - Sticluta Esentiala<\/title>\n<meta name=\"description\" content=\"Amestec pentru ten cu probleme d\u014dTERRA HD Clear\u2122 - Sticluta Esentiala\" \/>\n<meta name=\"robots\" content=\"index, follow, max-snippet:-1, max-image-preview:large, max-video-preview:-1\" \/>\n<link rel=\"canonical\" href=\"https:\/\/sticlutaesentiala.ro\/ro\/product\/amestecuri-exclusive\/amestec-pentru-ten-cu-probleme-doterra-hd-clear\/\" \/>\n<meta property=\"og:locale\" content=\"ro_RO\" \/>\n<meta property=\"og:type\" content=\"article\" \/>\n<meta property=\"og:title\" content=\"Amestec pentru ten cu probleme d\u014dTERRA HD Clear\u2122 - Sticluta Esentiala\" \/>\n<meta property=\"og:description\" content=\"Amestec pentru ten cu probleme d\u014dTERRA HD Clear\u2122 - Sticluta Esentiala\" \/>\n<meta property=\"og:url\" content=\"https:\/\/sticlutaesentiala.ro\/ro\/product\/amestecuri-exclusive\/amestec-pentru-ten-cu-probleme-doterra-hd-clear\/\" \/>\n<meta property=\"og:site_name\" content=\"Sticluta Esentiala\" \/>\n<meta property=\"article:publisher\" content=\"https:\/\/www.facebook.com\/groups\/sticlutaesentiala\/\" \/>\n<meta property=\"article:modified_time\" content=\"2025-01-21T15:30:14+00:00\" \/>\n<meta property=\"og:image\" content=\"https:\/\/sticlutaesentiala.ro\/wp-content\/uploads\/2024\/11\/hd-topical-blend-roll-on-300x1350px.webp\" \/>\n\t<meta property=\"og:image:width\" content=\"300\" \/>\n\t<meta property=\"og:image:height\" content=\"1350\" \/>\n\t<meta property=\"og:image:type\" content=\"image\/webp\" \/>\n<meta name=\"twitter:card\" content=\"summary_large_image\" \/>\n<meta name=\"twitter:label1\" content=\"Timp estimat pentru citire\" \/>\n\t<meta name=\"twitter:data1\" content=\"1 minut\" \/>\n<script type=\"application\/ld+json\" class=\"yoast-schema-graph\">{\"@context\":\"https:\\\/\\\/schema.org\",\"@graph\":[{\"@type\":\"WebPage\",\"@id\":\"https:\\\/\\\/sticlutaesentiala.ro\\\/product\\\/amestecuri-exclusive\\\/amestec-pentru-ten-cu-probleme-doterra-hd-clear\\\/\",\"url\":\"https:\\\/\\\/sticlutaesentiala.ro\\\/product\\\/amestecuri-exclusive\\\/amestec-pentru-ten-cu-probleme-doterra-hd-clear\\\/\",\"name\":\"Amestec pentru ten cu probleme d\u014dTERRA HD Clear\u2122 - Sticluta Esentiala\",\"isPartOf\":{\"@id\":\"https:\\\/\\\/sticlutaesentiala.ro\\\/#website\"},\"primaryImageOfPage\":{\"@id\":\"https:\\\/\\\/sticlutaesentiala.ro\\\/product\\\/amestecuri-exclusive\\\/amestec-pentru-ten-cu-probleme-doterra-hd-clear\\\/#primaryimage\"},\"image\":{\"@id\":\"https:\\\/\\\/sticlutaesentiala.ro\\\/product\\\/amestecuri-exclusive\\\/amestec-pentru-ten-cu-probleme-doterra-hd-clear\\\/#primaryimage\"},\"thumbnailUrl\":\"https:\\\/\\\/sticlutaesentiala.ro\\\/wp-content\\\/uploads\\\/2024\\\/11\\\/hd-topical-blend-roll-on-300x1350px.webp\",\"datePublished\":\"2024-11-19T13:04:30+00:00\",\"dateModified\":\"2025-01-21T15:30:14+00:00\",\"description\":\"Amestec pentru ten cu probleme d\u014dTERRA HD Clear\u2122 - Sticluta Esentiala\",\"breadcrumb\":{\"@id\":\"https:\\\/\\\/sticlutaesentiala.ro\\\/product\\\/amestecuri-exclusive\\\/amestec-pentru-ten-cu-probleme-doterra-hd-clear\\\/#breadcrumb\"},\"inLanguage\":\"ro-RO\",\"potentialAction\":[{\"@type\":\"ReadAction\",\"target\":[\"https:\\\/\\\/sticlutaesentiala.ro\\\/product\\\/amestecuri-exclusive\\\/amestec-pentru-ten-cu-probleme-doterra-hd-clear\\\/\"]}]},{\"@type\":\"ImageObject\",\"inLanguage\":\"ro-RO\",\"@id\":\"https:\\\/\\\/sticlutaesentiala.ro\\\/product\\\/amestecuri-exclusive\\\/amestec-pentru-ten-cu-probleme-doterra-hd-clear\\\/#primaryimage\",\"url\":\"https:\\\/\\\/sticlutaesentiala.ro\\\/wp-content\\\/uploads\\\/2024\\\/11\\\/hd-topical-blend-roll-on-300x1350px.webp\",\"contentUrl\":\"https:\\\/\\\/sticlutaesentiala.ro\\\/wp-content\\\/uploads\\\/2024\\\/11\\\/hd-topical-blend-roll-on-300x1350px.webp\",\"width\":300,\"height\":1350,\"caption\":\"hd-topical-blend-roll-on-300x1350px\"},{\"@type\":\"BreadcrumbList\",\"@id\":\"https:\\\/\\\/sticlutaesentiala.ro\\\/product\\\/amestecuri-exclusive\\\/amestec-pentru-ten-cu-probleme-doterra-hd-clear\\\/#breadcrumb\",\"itemListElement\":[{\"@type\":\"ListItem\",\"position\":1,\"name\":\"Prima pagin\u0103\",\"item\":\"https:\\\/\\\/sticlutaesentiala.ro\\\/\"},{\"@type\":\"ListItem\",\"position\":2,\"name\":\"Amestec pentru ten cu probleme d\u014dTERRA HD Clear\u2122\"}]},{\"@type\":\"WebSite\",\"@id\":\"https:\\\/\\\/sticlutaesentiala.ro\\\/#website\",\"url\":\"https:\\\/\\\/sticlutaesentiala.ro\\\/\",\"name\":\"Sticluta Esentiala\",\"description\":\"\",\"publisher\":{\"@id\":\"https:\\\/\\\/sticlutaesentiala.ro\\\/#organization\"},\"potentialAction\":[{\"@type\":\"SearchAction\",\"target\":{\"@type\":\"EntryPoint\",\"urlTemplate\":\"https:\\\/\\\/sticlutaesentiala.ro\\\/?s={search_term_string}\"},\"query-input\":{\"@type\":\"PropertyValueSpecification\",\"valueRequired\":true,\"valueName\":\"search_term_string\"}}],\"inLanguage\":\"ro-RO\"},{\"@type\":\"Organization\",\"@id\":\"https:\\\/\\\/sticlutaesentiala.ro\\\/#organization\",\"name\":\"Sticluta Esentiala\",\"url\":\"https:\\\/\\\/sticlutaesentiala.ro\\\/\",\"logo\":{\"@type\":\"ImageObject\",\"inLanguage\":\"ro-RO\",\"@id\":\"https:\\\/\\\/sticlutaesentiala.ro\\\/#\\\/schema\\\/logo\\\/image\\\/\",\"url\":\"https:\\\/\\\/sticlutaesentiala.ro\\\/wp-content\\\/uploads\\\/2024\\\/05\\\/logoHeader_02.png\",\"contentUrl\":\"https:\\\/\\\/sticlutaesentiala.ro\\\/wp-content\\\/uploads\\\/2024\\\/05\\\/logoHeader_02.png\",\"width\":214,\"height\":116,\"caption\":\"Sticluta Esentiala\"},\"image\":{\"@id\":\"https:\\\/\\\/sticlutaesentiala.ro\\\/#\\\/schema\\\/logo\\\/image\\\/\"},\"sameAs\":[\"https:\\\/\\\/www.facebook.com\\\/groups\\\/sticlutaesentiala\\\/\"]}]}<\/script>\n<!-- \/ Yoast SEO plugin. -->","yoast_head_json":{"title":"Amestec pentru ten cu probleme d\u014dTERRA HD Clear\u2122 - Sticluta Esentiala","description":"Amestec pentru ten cu probleme d\u014dTERRA HD Clear\u2122 - Sticluta Esentiala","robots":{"index":"index","follow":"follow","max-snippet":"max-snippet:-1","max-image-preview":"max-image-preview:large","max-video-preview":"max-video-preview:-1"},"canonical":"https:\/\/sticlutaesentiala.ro\/ro\/product\/amestecuri-exclusive\/amestec-pentru-ten-cu-probleme-doterra-hd-clear\/","og_locale":"ro_RO","og_type":"article","og_title":"Amestec pentru ten cu probleme d\u014dTERRA HD Clear\u2122 - Sticluta Esentiala","og_description":"Amestec pentru ten cu probleme d\u014dTERRA HD Clear\u2122 - Sticluta Esentiala","og_url":"https:\/\/sticlutaesentiala.ro\/ro\/product\/amestecuri-exclusive\/amestec-pentru-ten-cu-probleme-doterra-hd-clear\/","og_site_name":"Sticluta Esentiala","article_publisher":"https:\/\/www.facebook.com\/groups\/sticlutaesentiala\/","article_modified_time":"2025-01-21T15:30:14+00:00","og_image":[{"width":300,"height":1350,"url":"https:\/\/sticlutaesentiala.ro\/wp-content\/uploads\/2024\/11\/hd-topical-blend-roll-on-300x1350px.webp","type":"image\/webp"}],"twitter_card":"summary_large_image","twitter_misc":{"Timp estimat pentru citire":"1 minut"},"schema":{"@context":"https:\/\/schema.org","@graph":[{"@type":"WebPage","@id":"https:\/\/sticlutaesentiala.ro\/product\/amestecuri-exclusive\/amestec-pentru-ten-cu-probleme-doterra-hd-clear\/","url":"https:\/\/sticlutaesentiala.ro\/product\/amestecuri-exclusive\/amestec-pentru-ten-cu-probleme-doterra-hd-clear\/","name":"Amestec pentru ten cu probleme d\u014dTERRA HD Clear\u2122 - Sticluta Esentiala","isPartOf":{"@id":"https:\/\/sticlutaesentiala.ro\/#website"},"primaryImageOfPage":{"@id":"https:\/\/sticlutaesentiala.ro\/product\/amestecuri-exclusive\/amestec-pentru-ten-cu-probleme-doterra-hd-clear\/#primaryimage"},"image":{"@id":"https:\/\/sticlutaesentiala.ro\/product\/amestecuri-exclusive\/amestec-pentru-ten-cu-probleme-doterra-hd-clear\/#primaryimage"},"thumbnailUrl":"https:\/\/sticlutaesentiala.ro\/wp-content\/uploads\/2024\/11\/hd-topical-blend-roll-on-300x1350px.webp","datePublished":"2024-11-19T13:04:30+00:00","dateModified":"2025-01-21T15:30:14+00:00","description":"Amestec pentru ten cu probleme d\u014dTERRA HD Clear\u2122 - Sticluta Esentiala","breadcrumb":{"@id":"https:\/\/sticlutaesentiala.ro\/product\/amestecuri-exclusive\/amestec-pentru-ten-cu-probleme-doterra-hd-clear\/#breadcrumb"},"inLanguage":"ro-RO","potentialAction":[{"@type":"ReadAction","target":["https:\/\/sticlutaesentiala.ro\/product\/amestecuri-exclusive\/amestec-pentru-ten-cu-probleme-doterra-hd-clear\/"]}]},{"@type":"ImageObject","inLanguage":"ro-RO","@id":"https:\/\/sticlutaesentiala.ro\/product\/amestecuri-exclusive\/amestec-pentru-ten-cu-probleme-doterra-hd-clear\/#primaryimage","url":"https:\/\/sticlutaesentiala.ro\/wp-content\/uploads\/2024\/11\/hd-topical-blend-roll-on-300x1350px.webp","contentUrl":"https:\/\/sticlutaesentiala.ro\/wp-content\/uploads\/2024\/11\/hd-topical-blend-roll-on-300x1350px.webp","width":300,"height":1350,"caption":"hd-topical-blend-roll-on-300x1350px"},{"@type":"BreadcrumbList","@id":"https:\/\/sticlutaesentiala.ro\/product\/amestecuri-exclusive\/amestec-pentru-ten-cu-probleme-doterra-hd-clear\/#breadcrumb","itemListElement":[{"@type":"ListItem","position":1,"name":"Prima pagin\u0103","item":"https:\/\/sticlutaesentiala.ro\/"},{"@type":"ListItem","position":2,"name":"Amestec pentru ten cu probleme d\u014dTERRA HD Clear\u2122"}]},{"@type":"WebSite","@id":"https:\/\/sticlutaesentiala.ro\/#website","url":"https:\/\/sticlutaesentiala.ro\/","name":"Sticluta Esentiala","description":"","publisher":{"@id":"https:\/\/sticlutaesentiala.ro\/#organization"},"potentialAction":[{"@type":"SearchAction","target":{"@type":"EntryPoint","urlTemplate":"https:\/\/sticlutaesentiala.ro\/?s={search_term_string}"},"query-input":{"@type":"PropertyValueSpecification","valueRequired":true,"valueName":"search_term_string"}}],"inLanguage":"ro-RO"},{"@type":"Organization","@id":"https:\/\/sticlutaesentiala.ro\/#organization","name":"Sticluta Esentiala","url":"https:\/\/sticlutaesentiala.ro\/","logo":{"@type":"ImageObject","inLanguage":"ro-RO","@id":"https:\/\/sticlutaesentiala.ro\/#\/schema\/logo\/image\/","url":"https:\/\/sticlutaesentiala.ro\/wp-content\/uploads\/2024\/05\/logoHeader_02.png","contentUrl":"https:\/\/sticlutaesentiala.ro\/wp-content\/uploads\/2024\/05\/logoHeader_02.png","width":214,"height":116,"caption":"Sticluta Esentiala"},"image":{"@id":"https:\/\/sticlutaesentiala.ro\/#\/schema\/logo\/image\/"},"sameAs":["https:\/\/www.facebook.com\/groups\/sticlutaesentiala\/"]}]}},"_links":{"self":[{"href":"https:\/\/sticlutaesentiala.ro\/ro\/wp-json\/wp\/v2\/product\/833","targetHints":{"allow":["GET"]}}],"collection":[{"href":"https:\/\/sticlutaesentiala.ro\/ro\/wp-json\/wp\/v2\/product"}],"about":[{"href":"https:\/\/sticlutaesentiala.ro\/ro\/wp-json\/wp\/v2\/types\/product"}],"replies":[{"embeddable":true,"href":"https:\/\/sticlutaesentiala.ro\/ro\/wp-json\/wp\/v2\/comments?post=833"}],"wp:featuredmedia":[{"embeddable":true,"href":"https:\/\/sticlutaesentiala.ro\/ro\/wp-json\/wp\/v2\/media\/834"}],"wp:attachment":[{"href":"https:\/\/sticlutaesentiala.ro\/ro\/wp-json\/wp\/v2\/media?parent=833"}],"wp:term":[{"taxonomy":"product_brand","embeddable":true,"href":"https:\/\/sticlutaesentiala.ro\/ro\/wp-json\/wp\/v2\/product_brand?post=833"},{"taxonomy":"product_cat","embeddable":true,"href":"https:\/\/sticlutaesentiala.ro\/ro\/wp-json\/wp\/v2\/product_cat?post=833"},{"taxonomy":"product_tag","embeddable":true,"href":"https:\/\/sticlutaesentiala.ro\/ro\/wp-json\/wp\/v2\/product_tag?post=833"}],"curies":[{"name":"wp","href":"https:\/\/api.w.org\/{rel}","templated":true}]}}